{"id":8747,"date":"2025-06-20T17:36:22","date_gmt":"2025-06-20T21:36:22","guid":{"rendered":"https:\/\/www.multicasa.com.br\/inicio\/?post_type=product&#038;p=8747"},"modified":"2025-06-20T17:37:08","modified_gmt":"2025-06-20T21:37:08","slug":"sugador-de-solda-hikari-hk192-aluminio","status":"publish","type":"product","link":"https:\/\/www.multicasa.com.br\/inicio\/produto\/sugador-de-solda-hikari-hk192-aluminio\/","title":{"rendered":"Sugador de Solda Hikari HK192 Alum\u00ednio"},"content":{"rendered":"<p>O Sugador de solda Hikari modelo HK192 \u00e9 ideal para limpar furos em placas de circuito impresso, ajudando na remo\u00e7\u00e3o de componentes eletr\u00f4nicos. Com corpo largo melhora a suc\u00e7\u00e3o. Possui bico substitu\u00edvel ESD ou normal, facilitando a manuten\u00e7\u00e3o. O produto ideal para manter seu ambiente de trabalho limpo.<\/p>\n","protected":false},"excerpt":{"rendered":"<h4 style=\"margin: 0px;padding: 0px 0px 16px;font-family: Lato, sans-serif;font-weight: bold;line-height: 3rem;color: var(--dark-grey3);font-size: 22px;font-style: normal;letter-spacing: normal;text-align: start;text-indent: 0px;text-transform: none\">Informa\u00e7\u00f5es t\u00e9cnicas<\/h4>\n<p><span style=\"margin: 0px;padding: 0px;font-weight: 450;font-size: 14px;line-height: 21px;color: var(--dark-grey2);font-family: Lato, sans-serif;font-style: normal;letter-spacing: normal;text-align: start;text-indent: 0px;text-transform: none\"><br \/>\nProduto: Sugador de solda<br \/>\nMarca: Hikari<br \/>\nMaterial: Alum\u00ednio<br \/>\nCor: Prata, azul e preto<br \/>\nUso indicado: Limpar furos em placas de circuito interno<br \/>\nCaracter\u00edsticas: Bico substitu\u00edvel ESD ou normal<br \/>\nItens Inclusos: 1 sugador de solda<br \/>\nDimens\u00f5es do produto (A): 194mm<br \/>\nPeso do produto: 61g<\/p>\n<p><\/span><\/p>\n","protected":false},"featured_media":8823,"template":"","meta":{"_joinchat":[]},"product_brand":[],"product_cat":[152],"product_tag":[],"class_list":{"0":"post-8747","1":"product","2":"type-product","3":"status-publish","4":"has-post-thumbnail","6":"product_cat-ferramentas-eletricas","8":"first","9":"outofstock","10":"shipping-taxable","11":"product-type-simple"},"_links":{"self":[{"href":"https:\/\/www.multicasa.com.br\/inicio\/wp-json\/wp\/v2\/product\/8747","targetHints":{"allow":["GET"]}}],"collection":[{"href":"https:\/\/www.multicasa.com.br\/inicio\/wp-json\/wp\/v2\/product"}],"about":[{"href":"https:\/\/www.multicasa.com.br\/inicio\/wp-json\/wp\/v2\/types\/product"}],"wp:featuredmedia":[{"embeddable":true,"href":"https:\/\/www.multicasa.com.br\/inicio\/wp-json\/wp\/v2\/media\/8823"}],"wp:attachment":[{"href":"https:\/\/www.multicasa.com.br\/inicio\/wp-json\/wp\/v2\/media?parent=8747"}],"wp:term":[{"taxonomy":"product_brand","embeddable":true,"href":"https:\/\/www.multicasa.com.br\/inicio\/wp-json\/wp\/v2\/product_brand?post=8747"},{"taxonomy":"product_cat","embeddable":true,"href":"https:\/\/www.multicasa.com.br\/inicio\/wp-json\/wp\/v2\/product_cat?post=8747"},{"taxonomy":"product_tag","embeddable":true,"href":"https:\/\/www.multicasa.com.br\/inicio\/wp-json\/wp\/v2\/product_tag?post=8747"}],"curies":[{"name":"wp","href":"https:\/\/api.w.org\/{rel}","templated":true}]}}