{"id":8748,"date":"2025-06-20T17:36:22","date_gmt":"2025-06-20T21:36:22","guid":{"rendered":"https:\/\/www.multicasa.com.br\/inicio\/?post_type=product&#038;p=8748"},"modified":"2025-12-16T19:34:52","modified_gmt":"2025-12-16T23:34:52","slug":"cabo-p2-estereo-x-j2-estereo-mxf-tblack-5m","status":"publish","type":"product","link":"https:\/\/www.multicasa.com.br\/inicio\/produto\/cabo-p2-estereo-x-j2-estereo-mxf-tblack-5m\/","title":{"rendered":"Cabo P2 Est\u00e9reo x J2 Est\u00e9reo MxF Tblack 5m"},"content":{"rendered":"<p>O Cabo P2 Est\u00e9reo x J2 Est\u00e9reo MxF Tblack tem plugue de 90 graus, seu cabo \u00e9 preto e possui 5 metros que s\u00e3o ideais para serem usados como extens\u00e3o para aumentar a dist\u00e2ncia dos cabos padr\u00e3o P2. Podendo ser utilizado para fones de ouvido, microfone e outros.<\/p>\n","protected":false},"excerpt":{"rendered":"<h4 style=\"margin: 0px;padding: 0px 0px 16px;font-family: Lato, sans-serif;font-weight: bold;line-height: 3rem;color: var(--dark-grey3);font-size: 22px;font-style: normal;letter-spacing: normal;text-align: start;text-indent: 0px;text-transform: none\">Informa\u00e7\u00f5es t\u00e9cnicas<\/h4>\n<p><span style=\"margin: 0px;padding: 0px;font-weight: 450;font-size: 14px;line-height: 21px;color: var(--dark-grey2);font-family: Lato, sans-serif;font-style: normal;letter-spacing: normal;text-align: start;text-indent: 0px;text-transform: none\">Produto: Cabo<br \/>\nMarca: TBlack<br \/>\nCor: Preto<br \/>\nCaracter\u00edsticas: Conector P2 X J2, plug 90 graus<br \/>\nItens inclusos: 1 Cabo<br \/>\nDimens\u00f5es do produto (C): 5m<\/span><\/p>\n","protected":false},"featured_media":8824,"template":"","meta":{"_joinchat":[]},"product_brand":[],"product_cat":[153],"product_tag":[],"class_list":{"0":"post-8748","1":"product","2":"type-product","3":"status-publish","4":"has-post-thumbnail","6":"product_cat-eletronica-e-cia","8":"first","9":"outofstock","10":"shipping-taxable","11":"product-type-simple"},"_links":{"self":[{"href":"https:\/\/www.multicasa.com.br\/inicio\/wp-json\/wp\/v2\/product\/8748","targetHints":{"allow":["GET"]}}],"collection":[{"href":"https:\/\/www.multicasa.com.br\/inicio\/wp-json\/wp\/v2\/product"}],"about":[{"href":"https:\/\/www.multicasa.com.br\/inicio\/wp-json\/wp\/v2\/types\/product"}],"wp:featuredmedia":[{"embeddable":true,"href":"https:\/\/www.multicasa.com.br\/inicio\/wp-json\/wp\/v2\/media\/8824"}],"wp:attachment":[{"href":"https:\/\/www.multicasa.com.br\/inicio\/wp-json\/wp\/v2\/media?parent=8748"}],"wp:term":[{"taxonomy":"product_brand","embeddable":true,"href":"https:\/\/www.multicasa.com.br\/inicio\/wp-json\/wp\/v2\/product_brand?post=8748"},{"taxonomy":"product_cat","embeddable":true,"href":"https:\/\/www.multicasa.com.br\/inicio\/wp-json\/wp\/v2\/product_cat?post=8748"},{"taxonomy":"product_tag","embeddable":true,"href":"https:\/\/www.multicasa.com.br\/inicio\/wp-json\/wp\/v2\/product_tag?post=8748"}],"curies":[{"name":"wp","href":"https:\/\/api.w.org\/{rel}","templated":true}]}}