{"id":8750,"date":"2025-06-20T17:36:22","date_gmt":"2025-06-20T21:36:22","guid":{"rendered":"https:\/\/www.multicasa.com.br\/inicio\/?post_type=product&#038;p=8750"},"modified":"2026-01-26T16:50:19","modified_gmt":"2026-01-26T20:50:19","slug":"ratoeira-n01-de-bater-zincada-viel","status":"publish","type":"product","link":"https:\/\/www.multicasa.com.br\/inicio\/produto\/ratoeira-n01-de-bater-zincada-viel\/","title":{"rendered":"Ratoeira N01 de Bater Zincada Viel"},"content":{"rendered":"<p>A Ratoeira N01 de Bater Zincada Viel \u00e9 a op\u00e7\u00e3o sem veneno para lidar com controle de roedores. Deve ser colocada acompanhando as paredes ou rodap\u00e9s, pois ratos e roedores costumam se locomover pr\u00f3ximos \u00e0s paredes.<\/p>\n","protected":false},"excerpt":{"rendered":"<h4 style=\"margin: 0px;padding: 0px 0px 16px;font-family: Lato, sans-serif;font-weight: bold;line-height: 3rem;color: var(--dark-grey3);font-size: 22px;font-style: normal;letter-spacing: normal;text-align: start;text-indent: 0px;text-transform: none\">Informa\u00e7\u00f5es t\u00e9cnicas<\/h4>\n<p><span style=\"margin: 0px;padding: 0px;font-weight: 450;font-size: 14px;line-height: 21px;color: var(--dark-grey2);font-family: Lato, sans-serif;font-style: normal;letter-spacing: normal;text-align: start;text-indent: 0px;text-transform: none\">Produto: Ratoeira<br \/>\nMarca: Viel<br \/>\nModelo: N\u00ba 1<br \/>\nMaterial: A\u00e7o galvanizado<br \/>\nCor: Prata<br \/>\nItens Inclusos: 1 ratoeira<br \/>\nDimens\u00f5es do produto (A x L x P): 10 x 15 x 8cm<br \/>\nPeso do produto: 300g<br \/>\n<\/span><\/p>\n","protected":false},"featured_media":8825,"template":"","meta":{"_joinchat":[]},"product_brand":[],"product_cat":[132],"product_tag":[],"class_list":{"0":"post-8750","1":"product","2":"type-product","3":"status-publish","4":"has-post-thumbnail","6":"product_cat-inseticidas","8":"first","9":"instock","10":"shipping-taxable","11":"purchasable","12":"product-type-simple"},"_links":{"self":[{"href":"https:\/\/www.multicasa.com.br\/inicio\/wp-json\/wp\/v2\/product\/8750","targetHints":{"allow":["GET"]}}],"collection":[{"href":"https:\/\/www.multicasa.com.br\/inicio\/wp-json\/wp\/v2\/product"}],"about":[{"href":"https:\/\/www.multicasa.com.br\/inicio\/wp-json\/wp\/v2\/types\/product"}],"wp:featuredmedia":[{"embeddable":true,"href":"https:\/\/www.multicasa.com.br\/inicio\/wp-json\/wp\/v2\/media\/8825"}],"wp:attachment":[{"href":"https:\/\/www.multicasa.com.br\/inicio\/wp-json\/wp\/v2\/media?parent=8750"}],"wp:term":[{"taxonomy":"product_brand","embeddable":true,"href":"https:\/\/www.multicasa.com.br\/inicio\/wp-json\/wp\/v2\/product_brand?post=8750"},{"taxonomy":"product_cat","embeddable":true,"href":"https:\/\/www.multicasa.com.br\/inicio\/wp-json\/wp\/v2\/product_cat?post=8750"},{"taxonomy":"product_tag","embeddable":true,"href":"https:\/\/www.multicasa.com.br\/inicio\/wp-json\/wp\/v2\/product_tag?post=8750"}],"curies":[{"name":"wp","href":"https:\/\/api.w.org\/{rel}","templated":true}]}}