{"id":8753,"date":"2025-06-20T17:36:22","date_gmt":"2025-06-20T21:36:22","guid":{"rendered":"https:\/\/www.multicasa.com.br\/inicio\/?post_type=product&#038;p=8753"},"modified":"2026-02-24T09:55:27","modified_gmt":"2026-02-24T13:55:27","slug":"suporte-organizador-porta-vassouras-toolplast-5-ganchos","status":"publish","type":"product","link":"https:\/\/www.multicasa.com.br\/inicio\/produto\/suporte-organizador-porta-vassouras-toolplast-5-ganchos\/","title":{"rendered":"Suporte Organizador Porta Vassouras Toolplast 5 Ganchos"},"content":{"rendered":"<p>O Suporte Organizador Porta Vassouras Toolplast \u00e9 produzido em pl\u00e1stico resistente, com 5 ganchos para organizar vassouras, rodos, espanador, p\u00e1 e outros utens\u00edlios. Com aproximadamente 48 x 10cm, \u00e9 fixado na parede com bucha e parafuso.<\/p>\n","protected":false},"excerpt":{"rendered":"<h4 style=\"margin: 0px;padding: 0px 0px 16px;font-family: Lato, sans-serif;font-weight: bold;line-height: 3rem;color: var(--dark-grey3);font-size: 22px;font-style: normal;letter-spacing: normal;text-align: start;text-indent: 0px;text-transform: none\">Informa\u00e7\u00f5es t\u00e9cnicas<\/h4>\n<p><span style=\"margin: 0px;padding: 0px;font-weight: 450;font-size: 14px;line-height: 21px;color: var(--dark-grey2);font-family: Lato, sans-serif;font-style: normal;letter-spacing: normal;text-align: start;text-indent: 0px;text-transform: none\">Produto: Suporte para vassoura<br \/>\nMarca: Toolplast<br \/>\nMaterial: Pl\u00e1stico<br \/>\nCor: Branco e verde<br \/>\nCaracter\u00edsticas: 5 ganchos para vassoura<br \/>\nInclui parafuso e bucha<br \/>\nItens Inclusos: 1 suporte para vassoura<br \/>\nDimens\u00f5es do produto (A X L): 10 x 48cm<br \/>\n<\/span><\/p>\n","protected":false},"featured_media":8829,"template":"","meta":{"_joinchat":[]},"product_brand":[],"product_cat":[96],"product_tag":[],"class_list":{"0":"post-8753","1":"product","2":"type-product","3":"status-publish","4":"has-post-thumbnail","6":"product_cat-limpeza-e-cia","8":"first","9":"instock","10":"shipping-taxable","11":"purchasable","12":"product-type-simple"},"_links":{"self":[{"href":"https:\/\/www.multicasa.com.br\/inicio\/wp-json\/wp\/v2\/product\/8753","targetHints":{"allow":["GET"]}}],"collection":[{"href":"https:\/\/www.multicasa.com.br\/inicio\/wp-json\/wp\/v2\/product"}],"about":[{"href":"https:\/\/www.multicasa.com.br\/inicio\/wp-json\/wp\/v2\/types\/product"}],"wp:featuredmedia":[{"embeddable":true,"href":"https:\/\/www.multicasa.com.br\/inicio\/wp-json\/wp\/v2\/media\/8829"}],"wp:attachment":[{"href":"https:\/\/www.multicasa.com.br\/inicio\/wp-json\/wp\/v2\/media?parent=8753"}],"wp:term":[{"taxonomy":"product_brand","embeddable":true,"href":"https:\/\/www.multicasa.com.br\/inicio\/wp-json\/wp\/v2\/product_brand?post=8753"},{"taxonomy":"product_cat","embeddable":true,"href":"https:\/\/www.multicasa.com.br\/inicio\/wp-json\/wp\/v2\/product_cat?post=8753"},{"taxonomy":"product_tag","embeddable":true,"href":"https:\/\/www.multicasa.com.br\/inicio\/wp-json\/wp\/v2\/product_tag?post=8753"}],"curies":[{"name":"wp","href":"https:\/\/api.w.org\/{rel}","templated":true}]}}