{"id":8754,"date":"2025-06-20T17:36:22","date_gmt":"2025-06-20T21:36:22","guid":{"rendered":"https:\/\/www.multicasa.com.br\/inicio\/?post_type=product&#038;p=8754"},"modified":"2025-06-20T17:37:18","modified_gmt":"2025-06-20T21:37:18","slug":"varal-de-chao-dobravel-verona-em-aco-branco-secalux-83x92cm","status":"publish","type":"product","link":"https:\/\/www.multicasa.com.br\/inicio\/produto\/varal-de-chao-dobravel-verona-em-aco-branco-secalux-83x92cm\/","title":{"rendered":"Varal de Ch\u00e3o Dobr\u00e1vel Verona em A\u00e7o Branco Secalux 83x92cm"},"content":{"rendered":"<p>O Varal de Ch\u00e3o Dobr\u00e1vel Verona Secalux \u00e9 feito em a\u00e7o com acabamento branco, super resistente. Seca at\u00e9 5 kg de roupa e \u00e9 equivale a 7 metros, acompanha tamb\u00e9m suporte para pendurar cal\u00e7ados. O varal de ch\u00e3o \u00e9 ideal para ambientes pequenos, como apartamentos e pequenas lavanderias, super pr\u00e1tico e de f\u00e1cil manuseio.<\/p>\n","protected":false},"excerpt":{"rendered":"<h4 style=\"margin: 0px;padding: 0px 0px 16px;font-family: Lato, sans-serif;font-weight: bold;line-height: 3rem;color: var(--dark-grey3);font-size: 22px;font-style: normal;letter-spacing: normal;text-align: start;text-indent: 0px;text-transform: none\">Informa\u00e7\u00f5es t\u00e9cnicas<\/h4>\n<p><span style=\"margin: 0px;padding: 0px;font-weight: 450;font-size: 14px;line-height: 21px;color: var(--dark-grey2);font-family: Lato, sans-serif;font-style: normal;letter-spacing: normal;text-align: start;text-indent: 0px;text-transform: none\">Produto: Varal de ch\u00e3o<br \/>\nMarca: Secalux<br \/>\nMaterial: A\u00e7o<br \/>\nCor: Branco<br \/>\nCaracter\u00edsticas: Dobr\u00e1vel<br \/>\nEquivale a 7metros<br \/>\nSuporta 5kg<br \/>\nQuantidade de pe\u00e7as: 2<br \/>\nItens Inclusoss: 1 varal de ch\u00e3o<br \/>\n1 suporte para cal\u00e7ados<br \/>\nDimens\u00f5es do produto (A x L x P): 83 x 92 x 51cm<\/span><\/p>\n","protected":false},"featured_media":8830,"template":"","meta":{"_joinchat":[]},"product_brand":[],"product_cat":[95],"product_tag":[],"class_list":{"0":"post-8754","1":"product","2":"type-product","3":"status-publish","4":"has-post-thumbnail","6":"product_cat-lavanderia","8":"first","9":"outofstock","10":"shipping-taxable","11":"product-type-simple"},"_links":{"self":[{"href":"https:\/\/www.multicasa.com.br\/inicio\/wp-json\/wp\/v2\/product\/8754","targetHints":{"allow":["GET"]}}],"collection":[{"href":"https:\/\/www.multicasa.com.br\/inicio\/wp-json\/wp\/v2\/product"}],"about":[{"href":"https:\/\/www.multicasa.com.br\/inicio\/wp-json\/wp\/v2\/types\/product"}],"wp:featuredmedia":[{"embeddable":true,"href":"https:\/\/www.multicasa.com.br\/inicio\/wp-json\/wp\/v2\/media\/8830"}],"wp:attachment":[{"href":"https:\/\/www.multicasa.com.br\/inicio\/wp-json\/wp\/v2\/media?parent=8754"}],"wp:term":[{"taxonomy":"product_brand","embeddable":true,"href":"https:\/\/www.multicasa.com.br\/inicio\/wp-json\/wp\/v2\/product_brand?post=8754"},{"taxonomy":"product_cat","embeddable":true,"href":"https:\/\/www.multicasa.com.br\/inicio\/wp-json\/wp\/v2\/product_cat?post=8754"},{"taxonomy":"product_tag","embeddable":true,"href":"https:\/\/www.multicasa.com.br\/inicio\/wp-json\/wp\/v2\/product_tag?post=8754"}],"curies":[{"name":"wp","href":"https:\/\/api.w.org\/{rel}","templated":true}]}}