{"id":8779,"date":"2025-06-20T17:36:44","date_gmt":"2025-06-20T21:36:44","guid":{"rendered":"https:\/\/www.multicasa.com.br\/inicio\/?post_type=product&#038;p=8779"},"modified":"2025-12-16T19:36:19","modified_gmt":"2025-12-16T23:36:19","slug":"emenda-dupla-rj11-femea-para-cabo-telefonico-interneed","status":"publish","type":"product","link":"https:\/\/www.multicasa.com.br\/inicio\/produto\/emenda-dupla-rj11-femea-para-cabo-telefonico-interneed\/","title":{"rendered":"Emenda Dupla RJ11 F\u00eamea para Cabo Telef\u00f4nico Interneed"},"content":{"rendered":"<p>Use a emenda dupla RJ11 f\u00eamea para cabo telef\u00f4nico Interneed para emendar cabos e ser utilizada em telefones, modens e outros. Tem a finalidade de aumentar o tamanho do cabo telef\u00f4nico, servindo como extensor ou distribuidor. Conex\u00e3o f\u00eamea x f\u00eamea.<\/p>\n","protected":false},"excerpt":{"rendered":"<h4 style=\"margin: 0px;padding: 0px 0px 16px;font-family: Lato, sans-serif;font-weight: bold;line-height: 3rem;color: var(--dark-grey3);font-size: 22px;font-style: normal;letter-spacing: normal;text-align: start;text-indent: 0px;text-transform: none\">Informa\u00e7\u00f5es t\u00e9cnicas<\/h4>\n<p><span style=\"margin: 0px;padding: 0px;font-weight: 450;font-size: 14px;line-height: 21px;color: var(--dark-grey2);font-family: Lato, sans-serif;font-style: normal;letter-spacing: normal;text-align: start;text-indent: 0px;text-transform: none\">Produto: Emenda Dupla<br \/>\nMarca: Interneed<br \/>\nCor: Bege<br \/>\nCaracter\u00edsticas: Interfaces e conex\u00f5es RJ11 F\u00eamea x F\u00eamea<br \/>\nItens inclusos: 1 Emenda Dupla<\/span><\/p>\n","protected":false},"featured_media":8838,"template":"","meta":{"_joinchat":[]},"product_brand":[],"product_cat":[138],"product_tag":[],"class_list":{"0":"post-8779","1":"product","2":"type-product","3":"status-publish","4":"has-post-thumbnail","6":"product_cat-telefones-e-cia","8":"first","9":"instock","10":"shipping-taxable","11":"purchasable","12":"product-type-simple"},"_links":{"self":[{"href":"https:\/\/www.multicasa.com.br\/inicio\/wp-json\/wp\/v2\/product\/8779","targetHints":{"allow":["GET"]}}],"collection":[{"href":"https:\/\/www.multicasa.com.br\/inicio\/wp-json\/wp\/v2\/product"}],"about":[{"href":"https:\/\/www.multicasa.com.br\/inicio\/wp-json\/wp\/v2\/types\/product"}],"wp:featuredmedia":[{"embeddable":true,"href":"https:\/\/www.multicasa.com.br\/inicio\/wp-json\/wp\/v2\/media\/8838"}],"wp:attachment":[{"href":"https:\/\/www.multicasa.com.br\/inicio\/wp-json\/wp\/v2\/media?parent=8779"}],"wp:term":[{"taxonomy":"product_brand","embeddable":true,"href":"https:\/\/www.multicasa.com.br\/inicio\/wp-json\/wp\/v2\/product_brand?post=8779"},{"taxonomy":"product_cat","embeddable":true,"href":"https:\/\/www.multicasa.com.br\/inicio\/wp-json\/wp\/v2\/product_cat?post=8779"},{"taxonomy":"product_tag","embeddable":true,"href":"https:\/\/www.multicasa.com.br\/inicio\/wp-json\/wp\/v2\/product_tag?post=8779"}],"curies":[{"name":"wp","href":"https:\/\/api.w.org\/{rel}","templated":true}]}}