{"id":8782,"date":"2025-06-20T17:36:44","date_gmt":"2025-06-20T21:36:44","guid":{"rendered":"https:\/\/www.multicasa.com.br\/inicio\/?post_type=product&#038;p=8782"},"modified":"2026-04-10T16:50:10","modified_gmt":"2026-04-10T20:50:10","slug":"extensao-cabo-de-telefone-4-vias-rj11-branco-interneed-10m","status":"publish","type":"product","link":"https:\/\/www.multicasa.com.br\/inicio\/produto\/extensao-cabo-de-telefone-4-vias-rj11-branco-interneed-10m\/","title":{"rendered":"Extens\u00e3o Cabo de Telefone 4 vias RJ11 Branco Interneed 10m"},"content":{"rendered":"<p>A extens\u00e3o para cabo de telefone 4 vias RJ11 branco Interneed possui 2 conex\u00f5es Jack Rj11 e cabo emborrachado de 10 m que absorve impactos e protege sua fia\u00e7\u00e3o. Feito de PVC, PS e cobre, viabiliza a comunica\u00e7\u00e3o e liga\u00e7\u00f5es<\/p>\n","protected":false},"excerpt":{"rendered":"<h4 style=\"margin: 0px;padding: 0px 0px 16px;font-family: Lato, sans-serif;font-weight: bold;line-height: 3rem;color: var(--dark-grey3);font-size: 22px;font-style: normal;letter-spacing: normal;text-align: start;text-indent: 0px;text-transform: none\">Informa\u00e7\u00f5es t\u00e9cnicas<\/h4>\n<p><span style=\"margin: 0px;padding: 0px;font-weight: 450;font-size: 14px;line-height: 21px;color: var(--dark-grey2);font-family: Lato, sans-serif;font-style: normal;letter-spacing: normal;text-align: start;text-indent: 0px;text-transform: none\">Produto: Extens\u00e3o Cabo de Telefone<br \/>\nMarca: Interneed<br \/>\nMaterial: PVC<br \/>\nPS<br \/>\nCobre<br \/>\nCor: Branco<br \/>\nCaracter\u00edsticas: 4 vias<br \/>\nCabo emborrachado<br \/>\nItens inclusos: 1 Extens\u00e3o Cabo de Telefone<br \/>\nDimens\u00f5es do produto (C): 10m<br \/>\n<\/span><\/p>\n","protected":false},"featured_media":8841,"template":"","meta":{"_joinchat":[]},"product_brand":[],"product_cat":[138],"product_tag":[],"class_list":{"0":"post-8782","1":"product","2":"type-product","3":"status-publish","4":"has-post-thumbnail","6":"product_cat-telefones-e-cia","8":"first","9":"instock","10":"shipping-taxable","11":"purchasable","12":"product-type-simple"},"_links":{"self":[{"href":"https:\/\/www.multicasa.com.br\/inicio\/wp-json\/wp\/v2\/product\/8782","targetHints":{"allow":["GET"]}}],"collection":[{"href":"https:\/\/www.multicasa.com.br\/inicio\/wp-json\/wp\/v2\/product"}],"about":[{"href":"https:\/\/www.multicasa.com.br\/inicio\/wp-json\/wp\/v2\/types\/product"}],"wp:featuredmedia":[{"embeddable":true,"href":"https:\/\/www.multicasa.com.br\/inicio\/wp-json\/wp\/v2\/media\/8841"}],"wp:attachment":[{"href":"https:\/\/www.multicasa.com.br\/inicio\/wp-json\/wp\/v2\/media?parent=8782"}],"wp:term":[{"taxonomy":"product_brand","embeddable":true,"href":"https:\/\/www.multicasa.com.br\/inicio\/wp-json\/wp\/v2\/product_brand?post=8782"},{"taxonomy":"product_cat","embeddable":true,"href":"https:\/\/www.multicasa.com.br\/inicio\/wp-json\/wp\/v2\/product_cat?post=8782"},{"taxonomy":"product_tag","embeddable":true,"href":"https:\/\/www.multicasa.com.br\/inicio\/wp-json\/wp\/v2\/product_tag?post=8782"}],"curies":[{"name":"wp","href":"https:\/\/api.w.org\/{rel}","templated":true}]}}