{"id":8818,"date":"2025-06-20T17:37:07","date_gmt":"2025-06-20T21:37:07","guid":{"rendered":"https:\/\/www.multicasa.com.br\/inicio\/?post_type=product&#038;p=8818"},"modified":"2025-08-18T00:14:25","modified_gmt":"2025-08-18T04:14:25","slug":"toalheiro-de-parede-com-ventosa-aco-cromado-future-45cm","status":"publish","type":"product","link":"https:\/\/www.multicasa.com.br\/inicio\/produto\/toalheiro-de-parede-com-ventosa-aco-cromado-future-45cm\/","title":{"rendered":"Toalheiro de Parede com Ventosa A\u00e7o Cromado Future 45cm"},"content":{"rendered":"<p>Para deixar o dia-a-dia mais pr\u00e1tico e o banheiro mais organizado, use Toalheiro em A\u00e7o Cromado Future. Para quem n\u00e3o pode ou n\u00e3o quer fazer furos em sua parede, o sistema de suc\u00e7\u00e3o por ventosa \u00e9 o ideal, mais pr\u00e1tico e r\u00e1pido para instala\u00e7\u00e3o porque evita sujeira nas superf\u00edcies. Possui capacidade de suporte de 2kg e design moderno que combina com qualquer tipo de decora\u00e7\u00e3o, medindo 45cm e sendo perfeito para acomodar toalhas de corpo e de rosto.<\/p>\n","protected":false},"excerpt":{"rendered":"<h4 style=\"margin: 0px;padding: 0px 0px 16px;font-family: Lato, sans-serif;font-weight: bold;line-height: 3rem;color: var(--dark-grey3);font-size: 22px;font-style: normal;letter-spacing: normal;text-align: start;text-indent: 0px;text-transform: none\">Informa\u00e7\u00f5es t\u00e9cnicas<\/h4>\n<p><span style=\"margin: 0px;padding: 0px;font-weight: 450;font-size: 14px;line-height: 21px;color: var(--dark-grey2);font-family: Lato, sans-serif;font-style: normal;letter-spacing: normal;text-align: start;text-indent: 0px;text-transform: none\">Produto: Porta toalha<br \/>\nMarca: Future<br \/>\nMaterial: A\u00e7o SAE 1010 Cromado; borracha e pl\u00e1stico ABS.<br \/>\nCor: Prata<br \/>\nCaracter\u00edsticas: Com Ventosa;<br \/>\nItens inclusos: 1 Porta Toalha<br \/>\nDimens\u00f5es do produto (L): 45cm<\/span><\/p>\n","protected":false},"featured_media":8875,"template":"","meta":{"_joinchat":[]},"product_brand":[],"product_cat":[69],"product_tag":[],"class_list":{"0":"post-8818","1":"product","2":"type-product","3":"status-publish","4":"has-post-thumbnail","6":"product_cat-acessorios-para-banheiro","8":"first","9":"outofstock","10":"shipping-taxable","11":"purchasable","12":"product-type-simple"},"_links":{"self":[{"href":"https:\/\/www.multicasa.com.br\/inicio\/wp-json\/wp\/v2\/product\/8818","targetHints":{"allow":["GET"]}}],"collection":[{"href":"https:\/\/www.multicasa.com.br\/inicio\/wp-json\/wp\/v2\/product"}],"about":[{"href":"https:\/\/www.multicasa.com.br\/inicio\/wp-json\/wp\/v2\/types\/product"}],"wp:featuredmedia":[{"embeddable":true,"href":"https:\/\/www.multicasa.com.br\/inicio\/wp-json\/wp\/v2\/media\/8875"}],"wp:attachment":[{"href":"https:\/\/www.multicasa.com.br\/inicio\/wp-json\/wp\/v2\/media?parent=8818"}],"wp:term":[{"taxonomy":"product_brand","embeddable":true,"href":"https:\/\/www.multicasa.com.br\/inicio\/wp-json\/wp\/v2\/product_brand?post=8818"},{"taxonomy":"product_cat","embeddable":true,"href":"https:\/\/www.multicasa.com.br\/inicio\/wp-json\/wp\/v2\/product_cat?post=8818"},{"taxonomy":"product_tag","embeddable":true,"href":"https:\/\/www.multicasa.com.br\/inicio\/wp-json\/wp\/v2\/product_tag?post=8818"}],"curies":[{"name":"wp","href":"https:\/\/api.w.org\/{rel}","templated":true}]}}