{"id":8819,"date":"2025-06-20T17:37:07","date_gmt":"2025-06-20T21:37:07","guid":{"rendered":"https:\/\/www.multicasa.com.br\/inicio\/?post_type=product&#038;p=8819"},"modified":"2025-06-20T17:37:46","modified_gmt":"2025-06-20T21:37:46","slug":"pinca-profissional-de-ponta-diagonal-aco-inox-trim","status":"publish","type":"product","link":"https:\/\/www.multicasa.com.br\/inicio\/produto\/pinca-profissional-de-ponta-diagonal-aco-inox-trim\/","title":{"rendered":"Pin\u00e7a Profissional de Ponta Diagonal A\u00e7o Inox Trim"},"content":{"rendered":"<p>A Pin\u00e7a Profissional de Ponta Diagonal Trim \u00e9 produzida em a\u00e7o inox com a ponta inclinada que permite aplicar maior precis\u00e3o na hora da retirada sem machucar. Seu \u00e2ngulo facilita a sa\u00edda do pelo sem quebrar e sem deixar pontos da raiz, garantindo um tratamento est\u00e9tico mais completo e eficiente. N\u00e3o perde o corte, n\u00e3o enferruja e garante muita higiene.<\/p>\n","protected":false},"excerpt":{"rendered":"<h4 style=\"margin: 0px;padding: 0px 0px 16px;font-family: Lato, sans-serif;font-weight: bold;line-height: 3rem;color: var(--dark-grey3);font-size: 22px;font-style: normal;letter-spacing: normal;text-align: start;text-indent: 0px;text-transform: none\">Informa\u00e7\u00f5es t\u00e9cnicas<\/h4>\n<p><span style=\"margin: 0px;padding: 0px;font-weight: 450;font-size: 14px;line-height: 21px;color: var(--dark-grey2);font-family: Lato, sans-serif;font-style: normal;letter-spacing: normal;text-align: start;text-indent: 0px;text-transform: none\">Produto: Pin\u00e7a<br \/>\nMarca: Trim<br \/>\nMaterial: A\u00e7o Inox<br \/>\nCor: Prata<br \/>\nCaracter\u00edsticas: Ponta diagonal<br \/>\nItens Inclusos: 1 pin\u00e7a<br \/>\nDimens\u00f5es do produto (A): 8,5cm<\/span><\/p>\n","protected":false},"featured_media":8877,"template":"","meta":{"_joinchat":[]},"product_brand":[],"product_cat":[101],"product_tag":[],"class_list":{"0":"post-8819","1":"product","2":"type-product","3":"status-publish","4":"has-post-thumbnail","6":"product_cat-cuidados-pessoais","8":"first","9":"outofstock","10":"shipping-taxable","11":"product-type-simple"},"_links":{"self":[{"href":"https:\/\/www.multicasa.com.br\/inicio\/wp-json\/wp\/v2\/product\/8819","targetHints":{"allow":["GET"]}}],"collection":[{"href":"https:\/\/www.multicasa.com.br\/inicio\/wp-json\/wp\/v2\/product"}],"about":[{"href":"https:\/\/www.multicasa.com.br\/inicio\/wp-json\/wp\/v2\/types\/product"}],"wp:featuredmedia":[{"embeddable":true,"href":"https:\/\/www.multicasa.com.br\/inicio\/wp-json\/wp\/v2\/media\/8877"}],"wp:attachment":[{"href":"https:\/\/www.multicasa.com.br\/inicio\/wp-json\/wp\/v2\/media?parent=8819"}],"wp:term":[{"taxonomy":"product_brand","embeddable":true,"href":"https:\/\/www.multicasa.com.br\/inicio\/wp-json\/wp\/v2\/product_brand?post=8819"},{"taxonomy":"product_cat","embeddable":true,"href":"https:\/\/www.multicasa.com.br\/inicio\/wp-json\/wp\/v2\/product_cat?post=8819"},{"taxonomy":"product_tag","embeddable":true,"href":"https:\/\/www.multicasa.com.br\/inicio\/wp-json\/wp\/v2\/product_tag?post=8819"}],"curies":[{"name":"wp","href":"https:\/\/api.w.org\/{rel}","templated":true}]}}