{"id":8822,"date":"2025-06-20T17:37:07","date_gmt":"2025-06-20T21:37:07","guid":{"rendered":"https:\/\/www.multicasa.com.br\/inicio\/?post_type=product&#038;p=8822"},"modified":"2026-03-14T09:30:21","modified_gmt":"2026-03-14T13:30:21","slug":"acabamento-valvula-descarga-hydra-master-luxo-blukit","status":"publish","type":"product","link":"https:\/\/www.multicasa.com.br\/inicio\/produto\/acabamento-valvula-descarga-hydra-master-luxo-blukit\/","title":{"rendered":"Acabamento V\u00e1lvula Descarga Hydra Master\/Luxo Blukit"},"content":{"rendered":"<p>O Acabamento Completo para V\u00e1lvula de Descarga Hydra Luxo Cromado tem design convencional e com acabamento brilhante que se adapta a todo tipo de decora\u00e7\u00e3o no banheiro. Produzido em pl\u00e1sticos de engenharia, liga de cobre e elast\u00f4meros, \u00e9 altamente resistente \u00e0 corros\u00e3o e desgastes.<\/p>\n","protected":false},"excerpt":{"rendered":"<h4 style=\"margin: 0px;padding: 0px 0px 16px;font-family: Lato, sans-serif;font-weight: bold;line-height: 3rem;color: var(--dark-grey3);font-size: 22px;font-style: normal;letter-spacing: normal;text-align: start;text-indent: 0px;text-transform: none\">Informa\u00e7\u00f5es t\u00e9cnicas<\/h4>\n<p><span style=\"margin: 0px;padding: 0px;font-weight: 450;font-size: 14px;line-height: 21px;color: var(--dark-grey2);font-family: Lato, sans-serif;font-style: normal;letter-spacing: normal;text-align: start;text-indent: 0px;text-transform: none\">Produto: Acabamento V\u00e1lvula Descarga<br \/>\nMarca: Blukit<br \/>\nMaterial: Pl\u00e1sticos de Engenharia, Liga de Cobre e A\u00e7o Inoxid\u00e1vel<br \/>\nAcabamento: Cromado<br \/>\nCaracter\u00edstica: Substitui o mecanismo na mesma qualidade ou superior, f\u00e1cil de instalar, excelente veda\u00e7\u00e3o, permite usar o acabamento original instalado.<br \/>\nItens Inclusos: 1 Acabamento completo de V\u00e1lvula de Descarga<br \/>\nDimens\u00f5es do produto (A x L x P): 5,5 x 13 x 18 cm<br \/>\nPeso: 0,101kg<\/span><\/p>\n","protected":false},"featured_media":8879,"template":"","meta":{"_joinchat":[]},"product_brand":[],"product_cat":[67],"product_tag":[],"class_list":{"0":"post-8822","1":"product","2":"type-product","3":"status-publish","4":"has-post-thumbnail","6":"product_cat-torneiras-e-cia","8":"first","9":"instock","10":"shipping-taxable","11":"purchasable","12":"product-type-simple"},"_links":{"self":[{"href":"https:\/\/www.multicasa.com.br\/inicio\/wp-json\/wp\/v2\/product\/8822","targetHints":{"allow":["GET"]}}],"collection":[{"href":"https:\/\/www.multicasa.com.br\/inicio\/wp-json\/wp\/v2\/product"}],"about":[{"href":"https:\/\/www.multicasa.com.br\/inicio\/wp-json\/wp\/v2\/types\/product"}],"wp:featuredmedia":[{"embeddable":true,"href":"https:\/\/www.multicasa.com.br\/inicio\/wp-json\/wp\/v2\/media\/8879"}],"wp:attachment":[{"href":"https:\/\/www.multicasa.com.br\/inicio\/wp-json\/wp\/v2\/media?parent=8822"}],"wp:term":[{"taxonomy":"product_brand","embeddable":true,"href":"https:\/\/www.multicasa.com.br\/inicio\/wp-json\/wp\/v2\/product_brand?post=8822"},{"taxonomy":"product_cat","embeddable":true,"href":"https:\/\/www.multicasa.com.br\/inicio\/wp-json\/wp\/v2\/product_cat?post=8822"},{"taxonomy":"product_tag","embeddable":true,"href":"https:\/\/www.multicasa.com.br\/inicio\/wp-json\/wp\/v2\/product_tag?post=8822"}],"curies":[{"name":"wp","href":"https:\/\/api.w.org\/{rel}","templated":true}]}}