{"id":8855,"date":"2025-06-20T17:37:29","date_gmt":"2025-06-20T21:37:29","guid":{"rendered":"https:\/\/www.multicasa.com.br\/inicio\/?post_type=product&#038;p=8855"},"modified":"2025-12-04T15:57:17","modified_gmt":"2025-12-04T19:57:17","slug":"chuveiro-ducha-acqua-duo-storm-lorenzetti-7800w-220v","status":"publish","type":"product","link":"https:\/\/www.multicasa.com.br\/inicio\/produto\/chuveiro-ducha-acqua-duo-storm-lorenzetti-7800w-220v\/","title":{"rendered":"Chuveiro Ducha Acqua Duo Storm Lorenzetti 7800W &#8211; 220V"},"content":{"rendered":"<p>Depois de um longo dia, chegar em casa e tomar um banho relaxante \u00e9 o que voc\u00ea mais precisa. O Chuveiro Ducha Acqua Duo Storm da Lorenzetti tem alto desempenho, com pot\u00eancia de 7800w e tens\u00e3o el\u00e9trica de 220v. Com resist\u00eancia Loren Ultra que garante longa dura\u00e7\u00e3o comparada \u00e0s resist\u00eancias comuns, com exclusivo cartucho que proporciona troca r\u00e1pida e segura em caso de queima. Feio em termopl\u00e1sticos e ligas met\u00e1licas nas cores prata e preto, ir\u00e1 deixar seu banheiro ainda mais elegante e bonito. Possui engate r\u00e1pido D.R.I que regula a inclina\u00e7\u00e3o e sua tecnologia Press plus dispensa pressurizador j\u00e1 que seus jatos s\u00e3o de alta performance mesmo com a press\u00e3o baixa. O chuveiro Lorenzetti conta com seletor para escolha do jato e haste de comando que facilita a sele\u00e7\u00e3o de temperaturas de forma segura e sem complica\u00e7\u00f5es. Compat\u00edvel com sistemas de aquecimento e dispositivos DR, \u00e9 o que voc\u00ea precisa para um bom banho.<\/p>\n","protected":false},"excerpt":{"rendered":"<h4 style=\"margin: 0px;padding: 0px 0px 16px;font-family: Lato, sans-serif;font-weight: bold;line-height: 3rem;color: var(--dark-grey3);font-size: 22px;font-style: normal;letter-spacing: normal;text-align: start;text-indent: 0px;text-transform: none\">Informa\u00e7\u00f5es t\u00e9cnicas<\/h4>\n<p><span style=\"margin: 0px;padding: 0px;font-weight: 450;font-size: 14px;line-height: 21px;color: var(--dark-grey2);font-family: Lato, sans-serif;font-style: normal;letter-spacing: normal;text-align: start;text-indent: 0px;text-transform: none\">Produto: Chuveiro<br \/>\nMarca: Lorenzetti<br \/>\nModelo: Ducha Acqua Duo Storm<br \/>\nMaterial: Termopl\u00e1stico; ligas met\u00e1licas<br \/>\nCor: Branco<br \/>\nPot\u00eancia: 7800w<br \/>\nTens\u00e3o el\u00e9trica: 220v<br \/>\nCaracter\u00edsticas: Press\u00e3o de funcionamento: 10 a 400kPa (1,0 a 40 m.c.a.); grau de prote\u00e7\u00e3o: IP 24; sele\u00e7\u00e3o de jato; haste para sele\u00e7\u00e3o de temperatura<br \/>\nItens Inclusos: 1 Chuveiro<br \/>\nDimens\u00f5es do produto (A x L x P): 22,8 x 52 x 21cm<\/span><\/p>\n","protected":false},"featured_media":24951,"template":"","meta":{"_joinchat":[]},"product_brand":[],"product_cat":[71],"product_tag":[],"class_list":{"0":"post-8855","1":"product","2":"type-product","3":"status-publish","4":"has-post-thumbnail","6":"product_cat-chuveiros","8":"first","9":"outofstock","10":"shipping-taxable","11":"purchasable","12":"product-type-simple"},"_links":{"self":[{"href":"https:\/\/www.multicasa.com.br\/inicio\/wp-json\/wp\/v2\/product\/8855","targetHints":{"allow":["GET"]}}],"collection":[{"href":"https:\/\/www.multicasa.com.br\/inicio\/wp-json\/wp\/v2\/product"}],"about":[{"href":"https:\/\/www.multicasa.com.br\/inicio\/wp-json\/wp\/v2\/types\/product"}],"wp:featuredmedia":[{"embeddable":true,"href":"https:\/\/www.multicasa.com.br\/inicio\/wp-json\/wp\/v2\/media\/24951"}],"wp:attachment":[{"href":"https:\/\/www.multicasa.com.br\/inicio\/wp-json\/wp\/v2\/media?parent=8855"}],"wp:term":[{"taxonomy":"product_brand","embeddable":true,"href":"https:\/\/www.multicasa.com.br\/inicio\/wp-json\/wp\/v2\/product_brand?post=8855"},{"taxonomy":"product_cat","embeddable":true,"href":"https:\/\/www.multicasa.com.br\/inicio\/wp-json\/wp\/v2\/product_cat?post=8855"},{"taxonomy":"product_tag","embeddable":true,"href":"https:\/\/www.multicasa.com.br\/inicio\/wp-json\/wp\/v2\/product_tag?post=8855"}],"curies":[{"name":"wp","href":"https:\/\/api.w.org\/{rel}","templated":true}]}}