{"id":8881,"date":"2025-06-20T17:37:51","date_gmt":"2025-06-20T21:37:51","guid":{"rendered":"https:\/\/www.multicasa.com.br\/inicio\/?post_type=product&#038;p=8881"},"modified":"2025-06-23T10:07:37","modified_gmt":"2025-06-23T14:07:37","slug":"ferro-de-passar-a-seco-petit-100-cadence-iro101-127v","status":"publish","type":"product","link":"https:\/\/www.multicasa.com.br\/inicio\/produto\/ferro-de-passar-a-seco-petit-100-cadence-iro101-127v\/","title":{"rendered":"Ferro de Passar a Seco Petit 100 Cadence IRO101 127V"},"content":{"rendered":"<p>O Ferro a Seco Petit 100 Cadence \u00e9 a solu\u00e7\u00e3o para a correria do seu dia a dia. Conta com controle de temperatura que indica a temperatura ideial para cada tipo de tecido e ponta afunilada que permite passar em espa\u00e7os mais estreitos da roupa. Possui led indicador que mostra quando o ferro est\u00e1 em aquecimento e borda salva-bot\u00f5es em toda a lateral para n\u00e3o danificar os bot\u00f5es e tecidos.<\/p>\n","protected":false},"excerpt":{"rendered":"<h4 style=\"margin: 0px;padding: 0px 0px 16px;font-family: Lato, sans-serif;font-weight: bold;line-height: 3rem;color: var(--dark-grey3);font-size: 22px;font-style: normal;letter-spacing: normal;text-align: start;text-indent: 0px;text-transform: none\">Informa\u00e7\u00f5es t\u00e9cnicas<\/h4>\n<p><span style=\"margin: 0px;padding: 0px;font-weight: 450;font-size: 14px;line-height: 21px;color: var(--dark-grey2);font-family: Lato, sans-serif;font-style: normal;letter-spacing: normal;text-align: start;text-indent: 0px;text-transform: none\">Produto: Ferro de Passar<br \/>\nMarca: Cadence<br \/>\nModelo: IRO101<br \/>\nPot\u00eancia: 1000w<br \/>\nConsumo: 1kWh<br \/>\nTens\u00e3o el\u00e9trica: 127v<br \/>\nCaracter\u00edsticas: Tem ponta afunilada, que permite passar at\u00e9 mesmo \u00e1reas com espa\u00e7os mais estreitos, onde os ferros comuns n\u00e3o alcan\u00e7am. Possui controle girat\u00f3rio de temperatura com a indica\u00e7\u00e3o do tipo de tecido, passando as roupas na temperatura ideal sem manchar ou danificar os tecidos. Base antiaderente e cord\u00e3o el\u00e9trico articulado de 1,3 metros, com a possibilidade de girar em 360\u00ba, proporcionando maior liberdade na hora de passar.<br \/>\nItens Inclusos: 1 ferro de passar<br \/>\nDimens\u00f5es do produto (A x L x P): 10,5X11X25cm<br \/>\nGarantia: 12 meses<br \/>\nOCP: 0040<\/span><\/p>\n","protected":false},"featured_media":25183,"template":"","meta":{"_joinchat":[]},"product_brand":[],"product_cat":[142],"product_tag":[],"class_list":{"0":"post-8881","1":"product","2":"type-product","3":"status-publish","4":"has-post-thumbnail","6":"product_cat-utilidades-para-automoveis","8":"first","9":"outofstock","10":"shipping-taxable","11":"product-type-simple"},"_links":{"self":[{"href":"https:\/\/www.multicasa.com.br\/inicio\/wp-json\/wp\/v2\/product\/8881","targetHints":{"allow":["GET"]}}],"collection":[{"href":"https:\/\/www.multicasa.com.br\/inicio\/wp-json\/wp\/v2\/product"}],"about":[{"href":"https:\/\/www.multicasa.com.br\/inicio\/wp-json\/wp\/v2\/types\/product"}],"wp:featuredmedia":[{"embeddable":true,"href":"https:\/\/www.multicasa.com.br\/inicio\/wp-json\/wp\/v2\/media\/25183"}],"wp:attachment":[{"href":"https:\/\/www.multicasa.com.br\/inicio\/wp-json\/wp\/v2\/media?parent=8881"}],"wp:term":[{"taxonomy":"product_brand","embeddable":true,"href":"https:\/\/www.multicasa.com.br\/inicio\/wp-json\/wp\/v2\/product_brand?post=8881"},{"taxonomy":"product_cat","embeddable":true,"href":"https:\/\/www.multicasa.com.br\/inicio\/wp-json\/wp\/v2\/product_cat?post=8881"},{"taxonomy":"product_tag","embeddable":true,"href":"https:\/\/www.multicasa.com.br\/inicio\/wp-json\/wp\/v2\/product_tag?post=8881"}],"curies":[{"name":"wp","href":"https:\/\/api.w.org\/{rel}","templated":true}]}}