{"id":8886,"date":"2025-06-20T17:37:51","date_gmt":"2025-06-20T21:37:51","guid":{"rendered":"https:\/\/www.multicasa.com.br\/inicio\/?post_type=product&#038;p=8886"},"modified":"2025-12-11T06:45:26","modified_gmt":"2025-12-11T10:45:26","slug":"limpa-fossa-e-caixa-de-gordura-3-em-1-all-trat-9-doses-90g","status":"publish","type":"product","link":"https:\/\/www.multicasa.com.br\/inicio\/produto\/limpa-fossa-e-caixa-de-gordura-3-em-1-all-trat-9-doses-90g\/","title":{"rendered":"Limpa Fossa e Caixa de Gordura 3 em 1 All Trat 9 Doses 90g"},"content":{"rendered":"<p>O Limpa Fossa e Caixa de Gordura 3 em 1 da All Trat 90g vem com 9 Doses. Indicado para limpeza de fossa, ralos e caixa de gordura. Dissolve gordura e res\u00edduos org\u00e2nicos de tubula\u00e7\u00f5es, evitando entupimento, mau cheiro e a ocorr\u00eancia de insetos. Neutraliza odores.<\/p>\n","protected":false},"excerpt":{"rendered":"<h4 style=\"margin: 0px;padding: 0px 0px 16px;font-family: Lato, sans-serif;font-weight: bold;line-height: 3rem;color: var(--dark-grey3);font-size: 22px;font-style: normal;letter-spacing: normal;text-align: start;text-indent: 0px;text-transform: none\">Informa\u00e7\u00f5es t\u00e9cnicas<\/h4>\n<p><span style=\"margin: 0px;padding: 0px;font-weight: 450;font-size: 14px;line-height: 21px;color: var(--dark-grey2);font-family: Lato, sans-serif;font-style: normal;letter-spacing: normal;text-align: start;text-indent: 0px;text-transform: none\">Produto: Limpa Fossa\/Ralo\/Caixa de Gordura<br \/>\nMarca: All Trat<br \/>\nConte\u00fado: 90g<br \/>\nCaracter\u00edsticas: Cont\u00e9m 9 doses<br \/>\nItens Inclusos: 1 Limpa fossa\/ralo\/caixa de gordura<br \/>\nDimens\u00f5es do produto (A x L): 10,4 x 6,5 x 6,5cm<\/span><\/p>\n","protected":false},"featured_media":8935,"template":"","meta":{"_joinchat":[]},"product_brand":[],"product_cat":[96],"product_tag":[],"class_list":{"0":"post-8886","1":"product","2":"type-product","3":"status-publish","4":"has-post-thumbnail","6":"product_cat-limpeza-e-cia","8":"first","9":"instock","10":"shipping-taxable","11":"purchasable","12":"product-type-simple"},"_links":{"self":[{"href":"https:\/\/www.multicasa.com.br\/inicio\/wp-json\/wp\/v2\/product\/8886","targetHints":{"allow":["GET"]}}],"collection":[{"href":"https:\/\/www.multicasa.com.br\/inicio\/wp-json\/wp\/v2\/product"}],"about":[{"href":"https:\/\/www.multicasa.com.br\/inicio\/wp-json\/wp\/v2\/types\/product"}],"wp:featuredmedia":[{"embeddable":true,"href":"https:\/\/www.multicasa.com.br\/inicio\/wp-json\/wp\/v2\/media\/8935"}],"wp:attachment":[{"href":"https:\/\/www.multicasa.com.br\/inicio\/wp-json\/wp\/v2\/media?parent=8886"}],"wp:term":[{"taxonomy":"product_brand","embeddable":true,"href":"https:\/\/www.multicasa.com.br\/inicio\/wp-json\/wp\/v2\/product_brand?post=8886"},{"taxonomy":"product_cat","embeddable":true,"href":"https:\/\/www.multicasa.com.br\/inicio\/wp-json\/wp\/v2\/product_cat?post=8886"},{"taxonomy":"product_tag","embeddable":true,"href":"https:\/\/www.multicasa.com.br\/inicio\/wp-json\/wp\/v2\/product_tag?post=8886"}],"curies":[{"name":"wp","href":"https:\/\/api.w.org\/{rel}","templated":true}]}}