{"id":8890,"date":"2025-06-20T17:37:51","date_gmt":"2025-06-20T21:37:51","guid":{"rendered":"https:\/\/www.multicasa.com.br\/inicio\/?post_type=product&#038;p=8890"},"modified":"2026-02-11T08:50:22","modified_gmt":"2026-02-11T12:50:22","slug":"porta-sabonete-liquido-com-ventosa-acrilico-future-400ml","status":"publish","type":"product","link":"https:\/\/www.multicasa.com.br\/inicio\/produto\/porta-sabonete-liquido-com-ventosa-acrilico-future-400ml\/","title":{"rendered":"Porta Sabonete L\u00edquido com Ventosa Acr\u00edlico Future 400ml"},"content":{"rendered":"<p>Para que o banheiro fique em ordem, utilize o Porta Sabonete L\u00edquido da Future. Possui capacidade de 400ml, com v\u00e1lvula dosadora que evita que o sabonete derramamento na hora do uso. O suporte \u00e9 desenvolvido em a\u00e7o cromado, com fixa\u00e7\u00e3o feita atrav\u00e9s de ventosa que dispensa o uso de furos e sujeiras, proporcionando r\u00e1pida instala\u00e7\u00e3o em superf\u00edcies lisas e n\u00e3o porosas, como espelhos, azulejos e vidros. Al\u00e9m disso, possui tratamento superficial da Future no qual s\u00e3o aplicadas at\u00e9 4 camadas de metal e os produtos s\u00e3o revestidos com uma camada extra do protetivo especial Rust Free que garante cores vivas, brilhantes e resist\u00eancia contra ferrugem.<\/p>\n","protected":false},"excerpt":{"rendered":"<h4 style=\"margin: 0px;padding: 0px 0px 16px;font-family: Lato, sans-serif;font-weight: bold;line-height: 3rem;color: var(--dark-grey3);font-size: 22px;font-style: normal;letter-spacing: normal;text-align: start;text-indent: 0px;text-transform: none\">Informa\u00e7\u00f5es t\u00e9cnicas<\/h4>\n<p><span style=\"margin: 0px;padding: 0px;font-weight: 450;font-size: 14px;line-height: 21px;color: var(--dark-grey2);font-family: Lato, sans-serif;font-style: normal;letter-spacing: normal;text-align: start;text-indent: 0px;text-transform: none\">Produto: Porta sabonete<br \/>\nMarca: Future<br \/>\nMaterial: A\u00e7o carbono; Pl\u00e1stico acr\u00edlico<br \/>\nCor: Prata; transparente<br \/>\nCapacidade: 400ml<br \/>\nCaracter\u00edsticas: Transparente; com ventosa<br \/>\nItens inclusos: 1 Porta sabonete<br \/>\nDimens\u00f5es do produto (A X L x P):  19,2 x 6,5 x 6,5cm<\/span><\/p>\n","protected":false},"featured_media":8941,"template":"","meta":{"_joinchat":[]},"product_brand":[],"product_cat":[69],"product_tag":[],"class_list":{"0":"post-8890","1":"product","2":"type-product","3":"status-publish","4":"has-post-thumbnail","6":"product_cat-acessorios-para-banheiro","8":"first","9":"instock","10":"shipping-taxable","11":"purchasable","12":"product-type-simple"},"_links":{"self":[{"href":"https:\/\/www.multicasa.com.br\/inicio\/wp-json\/wp\/v2\/product\/8890","targetHints":{"allow":["GET"]}}],"collection":[{"href":"https:\/\/www.multicasa.com.br\/inicio\/wp-json\/wp\/v2\/product"}],"about":[{"href":"https:\/\/www.multicasa.com.br\/inicio\/wp-json\/wp\/v2\/types\/product"}],"wp:featuredmedia":[{"embeddable":true,"href":"https:\/\/www.multicasa.com.br\/inicio\/wp-json\/wp\/v2\/media\/8941"}],"wp:attachment":[{"href":"https:\/\/www.multicasa.com.br\/inicio\/wp-json\/wp\/v2\/media?parent=8890"}],"wp:term":[{"taxonomy":"product_brand","embeddable":true,"href":"https:\/\/www.multicasa.com.br\/inicio\/wp-json\/wp\/v2\/product_brand?post=8890"},{"taxonomy":"product_cat","embeddable":true,"href":"https:\/\/www.multicasa.com.br\/inicio\/wp-json\/wp\/v2\/product_cat?post=8890"},{"taxonomy":"product_tag","embeddable":true,"href":"https:\/\/www.multicasa.com.br\/inicio\/wp-json\/wp\/v2\/product_tag?post=8890"}],"curies":[{"name":"wp","href":"https:\/\/api.w.org\/{rel}","templated":true}]}}