{"id":8893,"date":"2025-06-20T17:37:52","date_gmt":"2025-06-20T21:37:52","guid":{"rendered":"https:\/\/www.multicasa.com.br\/inicio\/?post_type=product&#038;p=8893"},"modified":"2025-06-20T17:38:26","modified_gmt":"2025-06-20T21:38:26","slug":"filtro-de-linha-com-5-tomadas-preto-force-line-12m-bivolt","status":"publish","type":"product","link":"https:\/\/www.multicasa.com.br\/inicio\/produto\/filtro-de-linha-com-5-tomadas-preto-force-line-12m-bivolt\/","title":{"rendered":"Filtro de Linha com 5 Tomadas Preto Force Line 1,2m Bivolt"},"content":{"rendered":"<p>Use o filtro de linha com 5 tomadas tripolares preto da Force Line para conectar diversos dispositivos e aparelhos com seguran\u00e7a. Bivolt, suporta corrente m\u00e1xima de 10a com tens\u00e3o de 250v. Possui disjuntor rearm\u00e1vel ou porta fus\u00edvel, al\u00e9m de ter tripla prote\u00e7\u00e3o e indicadores luminosos. Cabo com 1,2 m que garante praticidade, \u00f3timo alcance e organiza\u00e7\u00e3o.<\/p>\n","protected":false},"excerpt":{"rendered":"<h4 style=\"margin: 0px;padding: 0px 0px 16px;font-family: Lato, sans-serif;font-weight: bold;line-height: 3rem;color: var(--dark-grey3);font-size: 22px;font-style: normal;letter-spacing: normal;text-align: start;text-indent: 0px;text-transform: none\">Informa\u00e7\u00f5es t\u00e9cnicas<\/h4>\n<p><span style=\"margin: 0px;padding: 0px;font-weight: 450;font-size: 14px;line-height: 21px;color: var(--dark-grey2);font-family: Lato, sans-serif;font-style: normal;letter-spacing: normal;text-align: start;text-indent: 0px;text-transform: none\">Produto: Filtro de Linha<br \/>\nMarca: Force Line<br \/>\nCor: Preto<br \/>\nPot\u00eancia: 10A<br \/>\nTens\u00e3o el\u00e9trica: Bivolt<br \/>\nCaracter\u00edsticas: 5 Tomadas tripolar<br \/>\nIndicador luminoso<br \/>\nDisjuntor rearm\u00e1vel ou porta fus\u00edvel<br \/>\nCorrente m\u00e1xima de 10a<br \/>\nItens Inclusos: 1 Filtro de Linha<br \/>\nDimens\u00f5es do produto (C): Cabo ? 1,20m<br \/>\n<\/span><\/p>\n","protected":false},"featured_media":8944,"template":"","meta":{"_joinchat":[]},"product_brand":[],"product_cat":[120],"product_tag":[],"class_list":{"0":"post-8893","1":"product","2":"type-product","3":"status-publish","4":"has-post-thumbnail","6":"product_cat-extencoes-e-cia","8":"first","9":"outofstock","10":"shipping-taxable","11":"product-type-simple"},"_links":{"self":[{"href":"https:\/\/www.multicasa.com.br\/inicio\/wp-json\/wp\/v2\/product\/8893","targetHints":{"allow":["GET"]}}],"collection":[{"href":"https:\/\/www.multicasa.com.br\/inicio\/wp-json\/wp\/v2\/product"}],"about":[{"href":"https:\/\/www.multicasa.com.br\/inicio\/wp-json\/wp\/v2\/types\/product"}],"wp:featuredmedia":[{"embeddable":true,"href":"https:\/\/www.multicasa.com.br\/inicio\/wp-json\/wp\/v2\/media\/8944"}],"wp:attachment":[{"href":"https:\/\/www.multicasa.com.br\/inicio\/wp-json\/wp\/v2\/media?parent=8893"}],"wp:term":[{"taxonomy":"product_brand","embeddable":true,"href":"https:\/\/www.multicasa.com.br\/inicio\/wp-json\/wp\/v2\/product_brand?post=8893"},{"taxonomy":"product_cat","embeddable":true,"href":"https:\/\/www.multicasa.com.br\/inicio\/wp-json\/wp\/v2\/product_cat?post=8893"},{"taxonomy":"product_tag","embeddable":true,"href":"https:\/\/www.multicasa.com.br\/inicio\/wp-json\/wp\/v2\/product_tag?post=8893"}],"curies":[{"name":"wp","href":"https:\/\/api.w.org\/{rel}","templated":true}]}}