{"id":8920,"date":"2025-06-20T17:38:13","date_gmt":"2025-06-20T21:38:13","guid":{"rendered":"https:\/\/www.multicasa.com.br\/inicio\/?post_type=product&#038;p=8920"},"modified":"2026-04-09T14:00:40","modified_gmt":"2026-04-09T18:00:40","slug":"rodo-de-pia-plastico-keita-13cm","status":"publish","type":"product","link":"https:\/\/www.multicasa.com.br\/inicio\/produto\/rodo-de-pia-plastico-keita-13cm\/","title":{"rendered":"Rodo de Pia Pl\u00e1stico Keita 13cm"},"content":{"rendered":"<p>Com o Rodo de Pia Pl\u00e1stico Keita voc\u00ea tem uma pia limpa e organizada. Produzido em polipropileno e borracha de silicone \u00e9 perfeito para puxar o excesso de \u00e1gua ou sab\u00e3o de pias, espelhos, vidros e janelas. Com 13cm \u00e9 ideal para deixar o ambiente seco e sem res\u00edduos.<\/p>\n","protected":false},"excerpt":{"rendered":"<h4 style=\"margin: 0px;padding: 0px 0px 16px;font-family: Lato, sans-serif;font-weight: bold;line-height: 3rem;color: var(--dark-grey3);font-size: 22px;font-style: normal;letter-spacing: normal;text-align: start;text-indent: 0px;text-transform: none\">Informa\u00e7\u00f5es t\u00e9cnicas<\/h4>\n<p><span style=\"margin: 0px;padding: 0px;font-weight: 450;font-size: 14px;line-height: 21px;color: var(--dark-grey2);font-family: Lato, sans-serif;font-style: normal;letter-spacing: normal;text-align: start;text-indent: 0px;text-transform: none\">Produto: Rodo de pia<br \/>\nMarca: Keita<br \/>\nMaterial: Polipropileno<br \/>\nBorracha de silicone<br \/>\nCor: Sortida<br \/>\nUso Indicado: Enxugar pias, azulejos, espelhos e janelas<br \/>\nItens Inclusos: 1 rodo<br \/>\nDimens\u00f5es do produto (A): 13cm<\/span><\/p>\n","protected":false},"featured_media":25938,"template":"","meta":{"_joinchat":[]},"product_brand":[],"product_cat":[96],"product_tag":[],"class_list":{"0":"post-8920","1":"product","2":"type-product","3":"status-publish","4":"has-post-thumbnail","6":"product_cat-limpeza-e-cia","8":"first","9":"instock","10":"shipping-taxable","11":"purchasable","12":"product-type-simple"},"_links":{"self":[{"href":"https:\/\/www.multicasa.com.br\/inicio\/wp-json\/wp\/v2\/product\/8920","targetHints":{"allow":["GET"]}}],"collection":[{"href":"https:\/\/www.multicasa.com.br\/inicio\/wp-json\/wp\/v2\/product"}],"about":[{"href":"https:\/\/www.multicasa.com.br\/inicio\/wp-json\/wp\/v2\/types\/product"}],"wp:featuredmedia":[{"embeddable":true,"href":"https:\/\/www.multicasa.com.br\/inicio\/wp-json\/wp\/v2\/media\/25938"}],"wp:attachment":[{"href":"https:\/\/www.multicasa.com.br\/inicio\/wp-json\/wp\/v2\/media?parent=8920"}],"wp:term":[{"taxonomy":"product_brand","embeddable":true,"href":"https:\/\/www.multicasa.com.br\/inicio\/wp-json\/wp\/v2\/product_brand?post=8920"},{"taxonomy":"product_cat","embeddable":true,"href":"https:\/\/www.multicasa.com.br\/inicio\/wp-json\/wp\/v2\/product_cat?post=8920"},{"taxonomy":"product_tag","embeddable":true,"href":"https:\/\/www.multicasa.com.br\/inicio\/wp-json\/wp\/v2\/product_tag?post=8920"}],"curies":[{"name":"wp","href":"https:\/\/api.w.org\/{rel}","templated":true}]}}