{"id":8925,"date":"2025-06-20T17:38:14","date_gmt":"2025-06-20T21:38:14","guid":{"rendered":"https:\/\/www.multicasa.com.br\/inicio\/?post_type=product&#038;p=8925"},"modified":"2025-12-16T18:32:15","modified_gmt":"2025-12-16T22:32:15","slug":"cabo-dvi-241-x-hdmi-4k-chipsce-2m","status":"publish","type":"product","link":"https:\/\/www.multicasa.com.br\/inicio\/produto\/cabo-dvi-241-x-hdmi-4k-chipsce-2m\/","title":{"rendered":"Cabo DVI 24+1 x HDMI 4k ChipSCE 2m"},"content":{"rendered":"<p>O Cabo DVI 24+1 x HDMI 4K ChipSCE \u00e9 ideal para todas as conex\u00f5es entre computador e monitores de led e lcd digital. O cabo adaptador ChipSCE entrega resolu\u00e7\u00e3o de 1080p, \u00e9 compat\u00edvel com 3D e garante a qualidade de imagem que voc\u00ea busca. R\u00e1pido, proporciona transi\u00e7\u00e3o r\u00e1pida e resultados superiores \u00e0s imagens anal\u00f3gicas.<\/p>\n","protected":false},"excerpt":{"rendered":"<h4 style=\"margin: 0px;padding: 0px 0px 16px;font-family: Lato, sans-serif;font-weight: bold;line-height: 3rem;color: var(--dark-grey3);font-size: 22px;font-style: normal;letter-spacing: normal;text-align: start;text-indent: 0px;text-transform: none\">Informa\u00e7\u00f5es t\u00e9cnicas<\/h4>\n<p><span style=\"margin: 0px;padding: 0px;font-weight: 450;font-size: 14px;line-height: 21px;color: var(--dark-grey2);font-family: Lato, sans-serif;font-style: normal;letter-spacing: normal;text-align: start;text-indent: 0px;text-transform: none\">Produto: Cabo Adaptador<br \/>\nMarca: ChipSCE<br \/>\nCor: Preto<br \/>\nCaracter\u00edsticas: Resolu\u00e7\u00e3o de at\u00e9 1080p<br \/>\nCabo HDMI 4k<br \/>\nItens inclusos: 1 Cabo Adaptador<br \/>\nDimens\u00f5es do produto (C): 2m<br \/>\n<\/span><\/p>\n","protected":false},"featured_media":8981,"template":"","meta":{"_joinchat":[]},"product_brand":[],"product_cat":[153],"product_tag":[],"class_list":{"0":"post-8925","1":"product","2":"type-product","3":"status-publish","4":"has-post-thumbnail","6":"product_cat-eletronica-e-cia","8":"first","9":"outofstock","10":"shipping-taxable","11":"product-type-simple"},"_links":{"self":[{"href":"https:\/\/www.multicasa.com.br\/inicio\/wp-json\/wp\/v2\/product\/8925","targetHints":{"allow":["GET"]}}],"collection":[{"href":"https:\/\/www.multicasa.com.br\/inicio\/wp-json\/wp\/v2\/product"}],"about":[{"href":"https:\/\/www.multicasa.com.br\/inicio\/wp-json\/wp\/v2\/types\/product"}],"wp:featuredmedia":[{"embeddable":true,"href":"https:\/\/www.multicasa.com.br\/inicio\/wp-json\/wp\/v2\/media\/8981"}],"wp:attachment":[{"href":"https:\/\/www.multicasa.com.br\/inicio\/wp-json\/wp\/v2\/media?parent=8925"}],"wp:term":[{"taxonomy":"product_brand","embeddable":true,"href":"https:\/\/www.multicasa.com.br\/inicio\/wp-json\/wp\/v2\/product_brand?post=8925"},{"taxonomy":"product_cat","embeddable":true,"href":"https:\/\/www.multicasa.com.br\/inicio\/wp-json\/wp\/v2\/product_cat?post=8925"},{"taxonomy":"product_tag","embeddable":true,"href":"https:\/\/www.multicasa.com.br\/inicio\/wp-json\/wp\/v2\/product_tag?post=8925"}],"curies":[{"name":"wp","href":"https:\/\/api.w.org\/{rel}","templated":true}]}}