{"id":8929,"date":"2025-06-20T17:38:14","date_gmt":"2025-06-20T21:38:14","guid":{"rendered":"https:\/\/www.multicasa.com.br\/inicio\/?post_type=product&#038;p=8929"},"modified":"2025-12-16T18:32:30","modified_gmt":"2025-12-16T22:32:30","slug":"cabo-adaptador-displayport-macho-x-hdmi-femea-xcell","status":"publish","type":"product","link":"https:\/\/www.multicasa.com.br\/inicio\/produto\/cabo-adaptador-displayport-macho-x-hdmi-femea-xcell\/","title":{"rendered":"Cabo Adaptador Displayport Macho x HDMI F\u00eamea XCell"},"content":{"rendered":"<p>Use o cabo adaptador displayport macho x HDMI f\u00eamea conectando equipamentos com este tipo de sa\u00edda (como notebooks) a dispositivos com esta entrada (TV, monitores e projetores). O cabo adaptador Displayport entrega \u00e1udio digital de alta defini\u00e7\u00e3o e v\u00eddeo para exibi\u00e7\u00e3o em formato de pacote de dados. Imagem e som s\u00e3o transmitidos automaticamente sem a necessidade de configura\u00e7\u00e3o. Suporta sa\u00edda de alta defini\u00e7\u00e3o 4K at\u00e9 2560 x 1600 \/ 60mhz.<\/p>\n","protected":false},"excerpt":{"rendered":"<h4 style=\"margin: 0px;padding: 0px 0px 16px;font-family: Lato, sans-serif;font-weight: bold;line-height: 3rem;color: var(--dark-grey3);font-size: 22px;font-style: normal;letter-spacing: normal;text-align: start;text-indent: 0px;text-transform: none\">Informa\u00e7\u00f5es t\u00e9cnicas<\/h4>\n<p><span style=\"margin: 0px;padding: 0px;font-weight: 450;font-size: 14px;line-height: 21px;color: var(--dark-grey2);font-family: Lato, sans-serif;font-style: normal;letter-spacing: normal;text-align: start;text-indent: 0px;text-transform: none\">Produto: Cabo Adaptador<br \/>\nMarca: Xcell<br \/>\nModelo: XC-DP-HDMI-F<br \/>\nCor: Preto<br \/>\nCaracter\u00edsticas: Macho X HDMI f\u00eamea<br \/>\nSuporta sa\u00edda de alta defini\u00e7\u00e3o 4k de at\u00e9 2560&#215;1600 \/ 60mHZ<br \/>\nN\u00e3o necessita de fonte de energia<br \/>\nPlug &amp; play<br \/>\nItens inclusos: 1 Cabo Adaptador<br \/>\nDimens\u00f5es do produto (A X L): 19 x 12cm<br \/>\n<\/span><\/p>\n","protected":false},"featured_media":24746,"template":"","meta":{"_joinchat":[]},"product_brand":[],"product_cat":[130],"product_tag":[],"class_list":{"0":"post-8929","1":"product","2":"type-product","3":"status-publish","4":"has-post-thumbnail","6":"product_cat-informatica","8":"first","9":"outofstock","10":"shipping-taxable","11":"purchasable","12":"product-type-simple"},"_links":{"self":[{"href":"https:\/\/www.multicasa.com.br\/inicio\/wp-json\/wp\/v2\/product\/8929","targetHints":{"allow":["GET"]}}],"collection":[{"href":"https:\/\/www.multicasa.com.br\/inicio\/wp-json\/wp\/v2\/product"}],"about":[{"href":"https:\/\/www.multicasa.com.br\/inicio\/wp-json\/wp\/v2\/types\/product"}],"wp:featuredmedia":[{"embeddable":true,"href":"https:\/\/www.multicasa.com.br\/inicio\/wp-json\/wp\/v2\/media\/24746"}],"wp:attachment":[{"href":"https:\/\/www.multicasa.com.br\/inicio\/wp-json\/wp\/v2\/media?parent=8929"}],"wp:term":[{"taxonomy":"product_brand","embeddable":true,"href":"https:\/\/www.multicasa.com.br\/inicio\/wp-json\/wp\/v2\/product_brand?post=8929"},{"taxonomy":"product_cat","embeddable":true,"href":"https:\/\/www.multicasa.com.br\/inicio\/wp-json\/wp\/v2\/product_cat?post=8929"},{"taxonomy":"product_tag","embeddable":true,"href":"https:\/\/www.multicasa.com.br\/inicio\/wp-json\/wp\/v2\/product_tag?post=8929"}],"curies":[{"name":"wp","href":"https:\/\/api.w.org\/{rel}","templated":true}]}}