{"id":8931,"date":"2025-06-20T17:38:14","date_gmt":"2025-06-20T21:38:14","guid":{"rendered":"https:\/\/www.multicasa.com.br\/inicio\/?post_type=product&#038;p=8931"},"modified":"2025-06-20T17:38:53","modified_gmt":"2025-06-20T21:38:53","slug":"pilha-alcalina-aaa-quantum-duracell-4-unidades","status":"publish","type":"product","link":"https:\/\/www.multicasa.com.br\/inicio\/produto\/pilha-alcalina-aaa-quantum-duracell-4-unidades\/","title":{"rendered":"Pilha Alcalina AAA Quantum Duracell 4 Unidades"},"content":{"rendered":"<p>A Pilha Alcalina AAA Quantum Duracell possui seu interior de alta densidade &#8220;hi-density core&#8221; o que a diferencia de outras pilhas e faz com que n\u00e3o exista espa\u00e7os com ar em seu n\u00facleo. Juntos o n\u00facleo de alta densidade e o indicador de carga powercheck oferecem maior durabilidade e mais energia para os seus aparelhos, ideal para brinquedos de alto consumo de energia, controles de x-box e wii, bab\u00e1 eletr\u00f4nica, m\u00e1quina fotogr\u00e1fica com flash, lanternas e etc.<br \/>\nCartela com 4 unidades.<\/p>\n","protected":false},"excerpt":{"rendered":"<h4 style=\"margin: 0px;padding: 0px 0px 16px;font-family: Lato, sans-serif;font-weight: bold;line-height: 3rem;color: var(--dark-grey3);font-size: 22px;font-style: normal;letter-spacing: normal;text-align: start;text-indent: 0px;text-transform: none\">Informa\u00e7\u00f5es t\u00e9cnicas<\/h4>\n<p><span style=\"margin: 0px;padding: 0px;font-weight: 450;font-size: 14px;line-height: 21px;color: var(--dark-grey2);font-family: Lato, sans-serif;font-style: normal;letter-spacing: normal;text-align: start;text-indent: 0px;text-transform: none\">Produto: Pilha<br \/>\nTipo: Alcalina<br \/>\nMarca: Duracell<br \/>\nTamanho: AAA<br \/>\nModelo: Quantum<br \/>\nVoltagem: 1,5v<br \/>\nCaracter\u00edsticas: Com Powercheck<br \/>\n100% testado contra vazamentos<br \/>\nItens inclusos: 4 Pilhas<br \/>\n<\/span><\/p>\n","protected":false},"featured_media":8989,"template":"","meta":{"_joinchat":[]},"product_brand":[],"product_cat":[151],"product_tag":[],"class_list":{"0":"post-8931","1":"product","2":"type-product","3":"status-publish","4":"has-post-thumbnail","6":"product_cat-pilhas","8":"first","9":"outofstock","10":"shipping-taxable","11":"product-type-simple"},"_links":{"self":[{"href":"https:\/\/www.multicasa.com.br\/inicio\/wp-json\/wp\/v2\/product\/8931","targetHints":{"allow":["GET"]}}],"collection":[{"href":"https:\/\/www.multicasa.com.br\/inicio\/wp-json\/wp\/v2\/product"}],"about":[{"href":"https:\/\/www.multicasa.com.br\/inicio\/wp-json\/wp\/v2\/types\/product"}],"wp:featuredmedia":[{"embeddable":true,"href":"https:\/\/www.multicasa.com.br\/inicio\/wp-json\/wp\/v2\/media\/8989"}],"wp:attachment":[{"href":"https:\/\/www.multicasa.com.br\/inicio\/wp-json\/wp\/v2\/media?parent=8931"}],"wp:term":[{"taxonomy":"product_brand","embeddable":true,"href":"https:\/\/www.multicasa.com.br\/inicio\/wp-json\/wp\/v2\/product_brand?post=8931"},{"taxonomy":"product_cat","embeddable":true,"href":"https:\/\/www.multicasa.com.br\/inicio\/wp-json\/wp\/v2\/product_cat?post=8931"},{"taxonomy":"product_tag","embeddable":true,"href":"https:\/\/www.multicasa.com.br\/inicio\/wp-json\/wp\/v2\/product_tag?post=8931"}],"curies":[{"name":"wp","href":"https:\/\/api.w.org\/{rel}","templated":true}]}}