{"id":8962,"date":"2025-06-20T17:38:39","date_gmt":"2025-06-20T21:38:39","guid":{"rendered":"https:\/\/www.multicasa.com.br\/inicio\/?post_type=product&#038;p=8962"},"modified":"2025-06-20T17:38:59","modified_gmt":"2025-06-20T21:38:59","slug":"relogio-de-parede-para-cozinha-analogico-relobraz","status":"publish","type":"product","link":"https:\/\/www.multicasa.com.br\/inicio\/produto\/relogio-de-parede-para-cozinha-analogico-relobraz\/","title":{"rendered":"Rel\u00f3gio de Parede para Cozinha Anal\u00f3gico Relobraz"},"content":{"rendered":"<p>Divertido, o rel\u00f3gio de parede da Relobraz tem estampa ideal para ficar na sua cozinha. Feito de material dur\u00e1vel, tem design simples, elegante e complete a decora\u00e7\u00e3o do ambiente. Funciona com pilha AA (n\u00e3o inclusa).<\/p>\n","protected":false},"excerpt":{"rendered":"<h4 style=\"margin: 0px;padding: 0px 0px 16px;font-family: Lato, sans-serif;font-weight: bold;line-height: 3rem;color: var(--dark-grey3);font-size: 22px;font-style: normal;letter-spacing: normal;text-align: start;text-indent: 0px;text-transform: none\">Informa\u00e7\u00f5es t\u00e9cnicas<\/h4>\n<p><span style=\"margin: 0px;padding: 0px;font-weight: 450;font-size: 14px;line-height: 21px;color: var(--dark-grey2);font-family: Lato, sans-serif;font-style: normal;letter-spacing: normal;text-align: start;text-indent: 0px;text-transform: none\">Produto: Rel\u00f3gio de Parede<br \/>\nTipo: Anal\u00f3gico<br \/>\nMarca: Relobraz<br \/>\nMaterial: Pl\u00e1stico<br \/>\nCor: Preto, bege e vermelho<br \/>\nAlimenta\u00e7\u00e3o: Pilha AA (n\u00e3o inclusa)<br \/>\nCaracter\u00edsticas: Estampa de cozinheiro<br \/>\nItens inclusos: 1 Rel\u00f3gio de Parede<br \/>\nDi\u00e2metro do produto: 24cm<br \/>\nGarantia: 1 ano pelo fabricante<br \/>\n<\/span><\/p>\n","protected":false},"featured_media":8996,"template":"","meta":{"_joinchat":[]},"product_brand":[],"product_cat":[153],"product_tag":[],"class_list":{"0":"post-8962","1":"product","2":"type-product","3":"status-publish","4":"has-post-thumbnail","6":"product_cat-eletronica-e-cia","8":"first","9":"outofstock","10":"shipping-taxable","11":"product-type-simple"},"_links":{"self":[{"href":"https:\/\/www.multicasa.com.br\/inicio\/wp-json\/wp\/v2\/product\/8962","targetHints":{"allow":["GET"]}}],"collection":[{"href":"https:\/\/www.multicasa.com.br\/inicio\/wp-json\/wp\/v2\/product"}],"about":[{"href":"https:\/\/www.multicasa.com.br\/inicio\/wp-json\/wp\/v2\/types\/product"}],"wp:featuredmedia":[{"embeddable":true,"href":"https:\/\/www.multicasa.com.br\/inicio\/wp-json\/wp\/v2\/media\/8996"}],"wp:attachment":[{"href":"https:\/\/www.multicasa.com.br\/inicio\/wp-json\/wp\/v2\/media?parent=8962"}],"wp:term":[{"taxonomy":"product_brand","embeddable":true,"href":"https:\/\/www.multicasa.com.br\/inicio\/wp-json\/wp\/v2\/product_brand?post=8962"},{"taxonomy":"product_cat","embeddable":true,"href":"https:\/\/www.multicasa.com.br\/inicio\/wp-json\/wp\/v2\/product_cat?post=8962"},{"taxonomy":"product_tag","embeddable":true,"href":"https:\/\/www.multicasa.com.br\/inicio\/wp-json\/wp\/v2\/product_tag?post=8962"}],"curies":[{"name":"wp","href":"https:\/\/api.w.org\/{rel}","templated":true}]}}