{"id":8965,"date":"2025-06-20T17:38:40","date_gmt":"2025-06-20T21:38:40","guid":{"rendered":"https:\/\/www.multicasa.com.br\/inicio\/?post_type=product&#038;p=8965"},"modified":"2026-04-29T17:30:09","modified_gmt":"2026-04-29T21:30:09","slug":"cabo-de-rede-path-cord-cat5-azul-force-line-2m","status":"publish","type":"product","link":"https:\/\/www.multicasa.com.br\/inicio\/produto\/cabo-de-rede-path-cord-cat5-azul-force-line-2m\/","title":{"rendered":"Cabo de Rede Path Cord CAT5 Azul Force Line 2m"},"content":{"rendered":"<p>Cabo de Rede Path Cord Azul Force Line, tipo utp de uso interno para transmiss\u00e3o de dados utilizados em redes locais de computadores, feito de condutores s\u00f3lidos de cobre 4 x 24awg, maci\u00e7o, n\u00facleo seco e com isola\u00e7\u00e3o em termopl\u00e1sticos, protegidos por uma capa pvc. Possui di\u00e2metro m\u00e1ximo do condutor isolado igual \u00e0 0,959 mm e di\u00e2metro externo m\u00e1ximo do cabo igual \u00e0 5,24 mm. Tem capacidade de at\u00e9 4 pares e banda passante at\u00e9 100 mhz.<br \/>\nCabo com 2m de comprimento; possui selo da anatel.<\/p>\n","protected":false},"excerpt":{"rendered":"<h4 style=\"margin: 0px;padding: 0px 0px 16px;font-family: Lato, sans-serif;font-weight: bold;line-height: 3rem;color: var(--dark-grey3);font-size: 22px;font-style: normal;letter-spacing: normal;text-align: start;text-indent: 0px;text-transform: none\">Informa\u00e7\u00f5es t\u00e9cnicas<\/h4>\n<p><span style=\"margin: 0px;padding: 0px;font-weight: 450;font-size: 14px;line-height: 21px;color: var(--dark-grey2);font-family: Lato, sans-serif;font-style: normal;letter-spacing: normal;text-align: start;text-indent: 0px;text-transform: none\">Produto: Cabo de Rede<br \/>\nMarca: Force Line<br \/>\nCor: Azul<br \/>\nCaracter\u00edsticas: Path Cord CAT5<br \/>\nIdeal para rede de computadores, tr\u00e1fego de voz e dados<br \/>\nServe tanto para internet e intranet<br \/>\nPossui selo da Anatel<br \/>\nItens inclusos: 1 Cabo de rede<br \/>\nDimens\u00f5es do produto (C): 2m<br \/>\n<\/span><\/p>\n","protected":false},"featured_media":9016,"template":"","meta":{"_joinchat":[]},"product_brand":[],"product_cat":[130],"product_tag":[],"class_list":{"0":"post-8965","1":"product","2":"type-product","3":"status-publish","4":"has-post-thumbnail","6":"product_cat-informatica","8":"first","9":"instock","10":"shipping-taxable","11":"purchasable","12":"product-type-simple"},"_links":{"self":[{"href":"https:\/\/www.multicasa.com.br\/inicio\/wp-json\/wp\/v2\/product\/8965","targetHints":{"allow":["GET"]}}],"collection":[{"href":"https:\/\/www.multicasa.com.br\/inicio\/wp-json\/wp\/v2\/product"}],"about":[{"href":"https:\/\/www.multicasa.com.br\/inicio\/wp-json\/wp\/v2\/types\/product"}],"wp:featuredmedia":[{"embeddable":true,"href":"https:\/\/www.multicasa.com.br\/inicio\/wp-json\/wp\/v2\/media\/9016"}],"wp:attachment":[{"href":"https:\/\/www.multicasa.com.br\/inicio\/wp-json\/wp\/v2\/media?parent=8965"}],"wp:term":[{"taxonomy":"product_brand","embeddable":true,"href":"https:\/\/www.multicasa.com.br\/inicio\/wp-json\/wp\/v2\/product_brand?post=8965"},{"taxonomy":"product_cat","embeddable":true,"href":"https:\/\/www.multicasa.com.br\/inicio\/wp-json\/wp\/v2\/product_cat?post=8965"},{"taxonomy":"product_tag","embeddable":true,"href":"https:\/\/www.multicasa.com.br\/inicio\/wp-json\/wp\/v2\/product_tag?post=8965"}],"curies":[{"name":"wp","href":"https:\/\/api.w.org\/{rel}","templated":true}]}}