{"id":8973,"date":"2025-06-20T17:38:40","date_gmt":"2025-06-20T21:38:40","guid":{"rendered":"https:\/\/www.multicasa.com.br\/inicio\/?post_type=product&#038;p=8973"},"modified":"2025-06-20T17:39:13","modified_gmt":"2025-06-20T21:39:13","slug":"cabo-p2-estereo-macho-x-macho-xcell-30cm","status":"publish","type":"product","link":"https:\/\/www.multicasa.com.br\/inicio\/produto\/cabo-p2-estereo-macho-x-macho-xcell-30cm\/","title":{"rendered":"Cabo P2 Est\u00e9reo Macho x Macho XCell 30cm"},"content":{"rendered":"<p>Medindo 30 cm, o cabo P2 est\u00e9reo macho x macho XCell \u00e9 ideal para ligar dispositivos como mp3, mp4, iPod, computadores e celulares \u00e0 caixas ac\u00fasticas e ouvir m\u00fasicas em sons mais altos. O seu cabo de som reproduz \u00e1udio com excelente resolu\u00e7\u00e3o e detalhamento, destacando graves de impacto, m\u00e9dios corretos e agudos cristalinos.<\/p>\n","protected":false},"excerpt":{"rendered":"<h4 style=\"margin: 0px;padding: 0px 0px 16px;font-family: Lato, sans-serif;font-weight: bold;line-height: 3rem;color: var(--dark-grey3);font-size: 22px;font-style: normal;letter-spacing: normal;text-align: start;text-indent: 0px;text-transform: none\">Informa\u00e7\u00f5es t\u00e9cnicas<\/h4>\n<p><span style=\"margin: 0px;padding: 0px;font-weight: 450;font-size: 14px;line-height: 21px;color: var(--dark-grey2);font-family: Lato, sans-serif;font-style: normal;letter-spacing: normal;text-align: start;text-indent: 0px;text-transform: none\">Produto: Cabo<br \/>\nMarca: XCell<br \/>\nCor: Preto<br \/>\nCaracter\u00edsticas: Conectores P2 est\u00e9reo Macho x Macho<br \/>\nContra ru\u00eddos e interfer\u00eancias eletromagn\u00e9ticas<br \/>\nItens inclusos: 1 Cabo<br \/>\nDimens\u00f5es do produto (C): 30cm<br \/>\n<\/span><\/p>\n","protected":false},"featured_media":9024,"template":"","meta":{"_joinchat":[]},"product_brand":[],"product_cat":[130],"product_tag":[],"class_list":{"0":"post-8973","1":"product","2":"type-product","3":"status-publish","4":"has-post-thumbnail","6":"product_cat-informatica","8":"first","9":"outofstock","10":"shipping-taxable","11":"product-type-simple"},"_links":{"self":[{"href":"https:\/\/www.multicasa.com.br\/inicio\/wp-json\/wp\/v2\/product\/8973","targetHints":{"allow":["GET"]}}],"collection":[{"href":"https:\/\/www.multicasa.com.br\/inicio\/wp-json\/wp\/v2\/product"}],"about":[{"href":"https:\/\/www.multicasa.com.br\/inicio\/wp-json\/wp\/v2\/types\/product"}],"wp:featuredmedia":[{"embeddable":true,"href":"https:\/\/www.multicasa.com.br\/inicio\/wp-json\/wp\/v2\/media\/9024"}],"wp:attachment":[{"href":"https:\/\/www.multicasa.com.br\/inicio\/wp-json\/wp\/v2\/media?parent=8973"}],"wp:term":[{"taxonomy":"product_brand","embeddable":true,"href":"https:\/\/www.multicasa.com.br\/inicio\/wp-json\/wp\/v2\/product_brand?post=8973"},{"taxonomy":"product_cat","embeddable":true,"href":"https:\/\/www.multicasa.com.br\/inicio\/wp-json\/wp\/v2\/product_cat?post=8973"},{"taxonomy":"product_tag","embeddable":true,"href":"https:\/\/www.multicasa.com.br\/inicio\/wp-json\/wp\/v2\/product_tag?post=8973"}],"curies":[{"name":"wp","href":"https:\/\/api.w.org\/{rel}","templated":true}]}}