{"id":8998,"date":"2025-06-20T17:39:02","date_gmt":"2025-06-20T21:39:02","guid":{"rendered":"https:\/\/www.multicasa.com.br\/inicio\/?post_type=product&#038;p=8998"},"modified":"2025-06-20T17:39:20","modified_gmt":"2025-06-20T21:39:20","slug":"organizador-de-gaveta-colmeia-para-calcinhas-e-cuecas-24-divisorias-bege-clink","status":"publish","type":"product","link":"https:\/\/www.multicasa.com.br\/inicio\/produto\/organizador-de-gaveta-colmeia-para-calcinhas-e-cuecas-24-divisorias-bege-clink\/","title":{"rendered":"Organizador de Gaveta Colmeia para Calcinhas e Cuecas 24 Divis\u00f3rias Bege Clink"},"content":{"rendered":"<p>O Organizador de Gaveta Colmeia Clink para roupa \u00edntima \u00e9 a melhor maneira de guardar suas calcinhas \/ cuecas e meias na gaveta, ir\u00e1 encontr\u00e1-los com mais facilidade quando voc\u00ea precisar. Confeccionado em pl\u00e1stico e tecido TNT na cor bege, possui 24 divis\u00f3rias para voc\u00ea se organizar e deixar suas pe\u00e7as \u00edntimas muito mais seguras.<br \/>\nTenha maior agilidade e praticidade no dia a dia com o organizador e mantenha seu arm\u00e1rio sempre organizado.<\/p>\n","protected":false},"excerpt":{"rendered":"<h4 style=\"margin: 0px;padding: 0px 0px 16px;font-family: Lato, sans-serif;font-weight: bold;line-height: 3rem;color: var(--dark-grey3);font-size: 22px;font-style: normal;letter-spacing: normal;text-align: start;text-indent: 0px;text-transform: none\">Informa\u00e7\u00f5es t\u00e9cnicas<\/h4>\n<p><span style=\"margin: 0px;padding: 0px;font-weight: 450;font-size: 14px;line-height: 21px;color: var(--dark-grey2);font-family: Lato, sans-serif;font-style: normal;letter-spacing: normal;text-align: start;text-indent: 0px;text-transform: none\">Produto: Organizador de calcinha\/cueca<br \/>\nMarca: Clink<br \/>\nMaterial: Pl\u00e1stico, tecido TNT<br \/>\nCor: Bege e marrom<br \/>\nCaracter\u00edsticas: Possui 24 divis\u00f3rias<br \/>\nItens Inclusos: 1 organizador de calcinha\/suti\u00e3<br \/>\nDimens\u00f5es do produto (A x L x P): 8 x 30 x 30cm<br \/>\n<\/span><\/p>\n","protected":false},"featured_media":9031,"template":"","meta":{"_joinchat":[]},"product_brand":[],"product_cat":[98],"product_tag":[],"class_list":{"0":"post-8998","1":"product","2":"type-product","3":"status-publish","4":"has-post-thumbnail","6":"product_cat-organizadores","8":"first","9":"outofstock","10":"shipping-taxable","11":"product-type-simple"},"_links":{"self":[{"href":"https:\/\/www.multicasa.com.br\/inicio\/wp-json\/wp\/v2\/product\/8998","targetHints":{"allow":["GET"]}}],"collection":[{"href":"https:\/\/www.multicasa.com.br\/inicio\/wp-json\/wp\/v2\/product"}],"about":[{"href":"https:\/\/www.multicasa.com.br\/inicio\/wp-json\/wp\/v2\/types\/product"}],"wp:featuredmedia":[{"embeddable":true,"href":"https:\/\/www.multicasa.com.br\/inicio\/wp-json\/wp\/v2\/media\/9031"}],"wp:attachment":[{"href":"https:\/\/www.multicasa.com.br\/inicio\/wp-json\/wp\/v2\/media?parent=8998"}],"wp:term":[{"taxonomy":"product_brand","embeddable":true,"href":"https:\/\/www.multicasa.com.br\/inicio\/wp-json\/wp\/v2\/product_brand?post=8998"},{"taxonomy":"product_cat","embeddable":true,"href":"https:\/\/www.multicasa.com.br\/inicio\/wp-json\/wp\/v2\/product_cat?post=8998"},{"taxonomy":"product_tag","embeddable":true,"href":"https:\/\/www.multicasa.com.br\/inicio\/wp-json\/wp\/v2\/product_tag?post=8998"}],"curies":[{"name":"wp","href":"https:\/\/api.w.org\/{rel}","templated":true}]}}