{"id":8999,"date":"2025-06-20T17:39:02","date_gmt":"2025-06-20T21:39:02","guid":{"rendered":"https:\/\/www.multicasa.com.br\/inicio\/?post_type=product&#038;p=8999"},"modified":"2025-12-11T06:45:30","modified_gmt":"2025-12-11T10:45:30","slug":"teclado-mouse-sem-fio-wireless-mk235-preto-logitech","status":"publish","type":"product","link":"https:\/\/www.multicasa.com.br\/inicio\/produto\/teclado-mouse-sem-fio-wireless-mk235-preto-logitech\/","title":{"rendered":"Teclado\/Mouse sem Fio Wireless MK235 Preto Logitech"},"content":{"rendered":"<p>Teclado e Mouse sem Fio Wireless MK235 Preto Logitech, produzidos em material dur\u00e1vel com suportes m\u00f3veis e design a prova de derramamentos. O teclado possui tratamento antidesgaste nas teclas para nunca perder o desenho das letras e teclas especiais, 15 teclas de fun\u00e7\u00e3o acess\u00edveis com a tecla ?fn?, al\u00e9m de altura ajust\u00e1vel e teclas de perfil baixo, super silenciosas. Para utilizar, basta conectar o pequeno receptor nano usb e aproveitar uma conex\u00e3o de qualidade e sem atrasos. Seu teclado e mouse sem fio permanecem conectados em um raio de at\u00e9 10 metros.<br \/>\nO mouse possui tecnologia do sensor de rastreamento \u00f3ptico avan\u00e7ado e bot\u00e3o de ligar\/desligar. O teclado funciona com 2 pilhas AAA e o mouse com 1 pilha AA, \u00e9 compat\u00edvel com windows , chrome os e linux. <\/p>\n","protected":false},"excerpt":{"rendered":"<h4 style=\"margin: 0px;padding: 0px 0px 16px;font-family: Lato, sans-serif;font-weight: bold;line-height: 3rem;color: var(--dark-grey3);font-size: 22px;font-style: normal;letter-spacing: normal;text-align: start;text-indent: 0px;text-transform: none\">Informa\u00e7\u00f5es t\u00e9cnicas<\/h4>\n<p><span style=\"margin: 0px;padding: 0px;font-weight: 450;font-size: 14px;line-height: 21px;color: var(--dark-grey2);font-family: Lato, sans-serif;font-style: normal;letter-spacing: normal;text-align: start;text-indent: 0px;text-transform: none\">Produto: Teclado sem fio e mouse<br \/>\nMarca: Logitech<br \/>\nModelo: MK235<br \/>\nMaterial: Plastico<br \/>\nCor: Preto<br \/>\nAlimenta\u00e7\u00e3o: Mouse &#8211; 1 Pilha AA<br \/>\nTeclado &#8211; 2 Pilhas aaa<br \/>\nCaracter\u00edsticas: Mouse \u00f3ptico com rastreamento avan\u00e7ado<br \/>\nCriptografia sem fio padr\u00e3o de criptografia avan\u00e7ado de 128 bits (aes) entre dispositivos e receptor<br \/>\nSuporte de software: logitech setpoint<br \/>\nTeclas de perfil baixo<br \/>\nAltura do teclado ajust\u00e1vel<br \/>\nAlcance sem fio de 10 metros<br \/>\nTeclas especiais: 15 teclas de fun\u00e7\u00e3o acess\u00edveis com a tecla ?fn?<br \/>\nLayout abnt 2<br \/>\nPorta Usb<br \/>\nCompat\u00edvel com Windows 7,8 ,10 ou posterior, Chrome OS, Linux de Kernel 2,6+<br \/>\nQuantidade de pe\u00e7as: 2<br \/>\nItens Inclusos: 1 Teclado sem fio<br \/>\n1 mouse sem fio<br \/>\nDimens\u00f5es do produto (A X L X P): Teclado &#8211; 4 x 50 x 15cm<\/p>\n<p><\/span><\/p>\n","protected":false},"featured_media":9033,"template":"","meta":{"_joinchat":[]},"product_brand":[],"product_cat":[130],"product_tag":[],"class_list":{"0":"post-8999","1":"product","2":"type-product","3":"status-publish","4":"has-post-thumbnail","6":"product_cat-informatica","8":"first","9":"instock","10":"shipping-taxable","11":"purchasable","12":"product-type-simple"},"_links":{"self":[{"href":"https:\/\/www.multicasa.com.br\/inicio\/wp-json\/wp\/v2\/product\/8999","targetHints":{"allow":["GET"]}}],"collection":[{"href":"https:\/\/www.multicasa.com.br\/inicio\/wp-json\/wp\/v2\/product"}],"about":[{"href":"https:\/\/www.multicasa.com.br\/inicio\/wp-json\/wp\/v2\/types\/product"}],"wp:featuredmedia":[{"embeddable":true,"href":"https:\/\/www.multicasa.com.br\/inicio\/wp-json\/wp\/v2\/media\/9033"}],"wp:attachment":[{"href":"https:\/\/www.multicasa.com.br\/inicio\/wp-json\/wp\/v2\/media?parent=8999"}],"wp:term":[{"taxonomy":"product_brand","embeddable":true,"href":"https:\/\/www.multicasa.com.br\/inicio\/wp-json\/wp\/v2\/product_brand?post=8999"},{"taxonomy":"product_cat","embeddable":true,"href":"https:\/\/www.multicasa.com.br\/inicio\/wp-json\/wp\/v2\/product_cat?post=8999"},{"taxonomy":"product_tag","embeddable":true,"href":"https:\/\/www.multicasa.com.br\/inicio\/wp-json\/wp\/v2\/product_tag?post=8999"}],"curies":[{"name":"wp","href":"https:\/\/api.w.org\/{rel}","templated":true}]}}