{"id":9000,"date":"2025-06-20T17:39:02","date_gmt":"2025-06-20T21:39:02","guid":{"rendered":"https:\/\/www.multicasa.com.br\/inicio\/?post_type=product&#038;p=9000"},"modified":"2026-03-18T11:00:34","modified_gmt":"2026-03-18T15:00:34","slug":"teclado-com-fio-usb-multimidia-slim-tc206-preto-multilaser","status":"publish","type":"product","link":"https:\/\/www.multicasa.com.br\/inicio\/produto\/teclado-com-fio-usb-multimidia-slim-tc206-preto-multilaser\/","title":{"rendered":"Teclado com Fio USB Multim\u00eddia Slim TC206 Preto Multilaser"},"content":{"rendered":"<p>Teclado Multim\u00eddia Slim TC206 Preto Multilaser, possui conex\u00e3o por Fio USB 2.0 e \u00e9 perfeito para jogar e fazer trabalhos. Possui teclas macias, silenciosas e confort\u00e1veis, com 107 teclas e 8 atalhos no teclado que v\u00e3o deixar tudo mais r\u00e1pido e confort\u00e1vel. Com design cl\u00e1ssico na cor preto, o teclado multim\u00eddia tem compatibilidade com windows e \u00e9 um item vers\u00e1til para o uso em casa ou escrit\u00f3rio.<\/p>\n","protected":false},"excerpt":{"rendered":"<h4 style=\"margin: 0px;padding: 0px 0px 16px;font-family: Lato, sans-serif;font-weight: bold;line-height: 3rem;color: var(--dark-grey3);font-size: 22px;font-style: normal;letter-spacing: normal;text-align: start;text-indent: 0px;text-transform: none\">Informa\u00e7\u00f5es t\u00e9cnicas<\/h4>\n<p><span style=\"margin: 0px;padding: 0px;font-weight: 450;font-size: 14px;line-height: 21px;color: var(--dark-grey2);font-family: Lato, sans-serif;font-style: normal;letter-spacing: normal;text-align: start;text-indent: 0px;text-transform: none\">Produto: Teclado Com fio<br \/>\nMarca: Multilaser<br \/>\nModelo: TC206<br \/>\nMaterial: Pl\u00e1stico<br \/>\nCor: Preto<br \/>\nCaracter\u00edsticas: Porta Usb 2.0<br \/>\nPossui 107 teclas<br \/>\n8 atalhos<br \/>\nCompat\u00edvel com Windows XP, Vista, 7, 8, 10<br \/>\nItens Inclusos: 1 Teclado com fio<br \/>\nDimens\u00f5es do produto (A X L X P): 2,7 x 45 x 17,5cm<\/span><\/p>\n","protected":false},"featured_media":9052,"template":"","meta":{"_joinchat":[]},"product_brand":[],"product_cat":[130],"product_tag":[],"class_list":{"0":"post-9000","1":"product","2":"type-product","3":"status-publish","4":"has-post-thumbnail","6":"product_cat-informatica","8":"first","9":"outofstock","10":"shipping-taxable","11":"purchasable","12":"product-type-simple"},"_links":{"self":[{"href":"https:\/\/www.multicasa.com.br\/inicio\/wp-json\/wp\/v2\/product\/9000","targetHints":{"allow":["GET"]}}],"collection":[{"href":"https:\/\/www.multicasa.com.br\/inicio\/wp-json\/wp\/v2\/product"}],"about":[{"href":"https:\/\/www.multicasa.com.br\/inicio\/wp-json\/wp\/v2\/types\/product"}],"wp:featuredmedia":[{"embeddable":true,"href":"https:\/\/www.multicasa.com.br\/inicio\/wp-json\/wp\/v2\/media\/9052"}],"wp:attachment":[{"href":"https:\/\/www.multicasa.com.br\/inicio\/wp-json\/wp\/v2\/media?parent=9000"}],"wp:term":[{"taxonomy":"product_brand","embeddable":true,"href":"https:\/\/www.multicasa.com.br\/inicio\/wp-json\/wp\/v2\/product_brand?post=9000"},{"taxonomy":"product_cat","embeddable":true,"href":"https:\/\/www.multicasa.com.br\/inicio\/wp-json\/wp\/v2\/product_cat?post=9000"},{"taxonomy":"product_tag","embeddable":true,"href":"https:\/\/www.multicasa.com.br\/inicio\/wp-json\/wp\/v2\/product_tag?post=9000"}],"curies":[{"name":"wp","href":"https:\/\/api.w.org\/{rel}","templated":true}]}}