{"id":9003,"date":"2025-06-20T17:39:02","date_gmt":"2025-06-20T21:39:02","guid":{"rendered":"https:\/\/www.multicasa.com.br\/inicio\/?post_type=product&#038;p=9003"},"modified":"2026-02-13T15:20:10","modified_gmt":"2026-02-13T19:20:10","slug":"luminaria-led-de-mesa-tlm10-haste-flexivel-preta-taschibra","status":"publish","type":"product","link":"https:\/\/www.multicasa.com.br\/inicio\/produto\/luminaria-led-de-mesa-tlm10-haste-flexivel-preta-taschibra\/","title":{"rendered":"Lumin\u00e1ria Led de Mesa TLM10 Haste Flex\u00edvel Preta Taschibra"},"content":{"rendered":"<p>A Lumin\u00e1ria Led de Mesa TLM10 Taschibra tem um visual elegante e haste flex\u00edvel. Bivolt, produzida em alum\u00ednio na cor preta, seu corpo \u00e9 articul\u00e1vel. Com 4w de pot\u00eancia e 200LM, ela utiliza l\u00e2mpadas de LED, econ\u00f4mica e estilosa. Ideal para escrit\u00f3rios ou ambientes de estudo.<\/p>\n","protected":false},"excerpt":{"rendered":"<h4 style=\"margin: 0px;padding: 0px 0px 16px;font-family: Lato, sans-serif;font-weight: bold;line-height: 3rem;color: var(--dark-grey3);font-size: 22px;font-style: normal;letter-spacing: normal;text-align: start;text-indent: 0px;text-transform: none\">Informa\u00e7\u00f5es t\u00e9cnicas<\/h4>\n<p><span style=\"margin: 0px;padding: 0px;font-weight: 450;font-size: 14px;line-height: 21px;color: var(--dark-grey2);font-family: Lato, sans-serif;font-style: normal;letter-spacing: normal;text-align: start;text-indent: 0px;text-transform: none\">Produto: Lumin\u00e1ria de mesa<br \/>\nMarca: Taschibra<br \/>\nModelo: TLM10<br \/>\nMaterial: Alum\u00ednio<br \/>\nCor: Preto<br \/>\nPot\u00eancia: 4W<br \/>\nTens\u00e3o el\u00e9trica: 100-240v<br \/>\nCaracter\u00edsticas: Corpo articul\u00e1vel<br \/>\nFluxo luminoso 200LM<br \/>\nVida \u00fatil 20.000h<br \/>\nirc &gt; 80<br \/>\nComprimento do cabo 1m<br \/>\nItens Inclusos: 1 Lumin\u00e1ria de mesa<br \/>\nDimens\u00f5es do produto (A X L X P) X (C): 21,5 x 16,4 x 16,4cm<br \/>\nCabo &#8211; 1m<\/span><\/p>\n","protected":false},"featured_media":9059,"template":"","meta":{"_joinchat":[]},"product_brand":[],"product_cat":[157],"product_tag":[],"class_list":{"0":"post-9003","1":"product","2":"type-product","3":"status-publish","4":"has-post-thumbnail","6":"product_cat-leds-decorativos","8":"first","9":"instock","10":"shipping-taxable","11":"purchasable","12":"product-type-simple"},"_links":{"self":[{"href":"https:\/\/www.multicasa.com.br\/inicio\/wp-json\/wp\/v2\/product\/9003","targetHints":{"allow":["GET"]}}],"collection":[{"href":"https:\/\/www.multicasa.com.br\/inicio\/wp-json\/wp\/v2\/product"}],"about":[{"href":"https:\/\/www.multicasa.com.br\/inicio\/wp-json\/wp\/v2\/types\/product"}],"wp:featuredmedia":[{"embeddable":true,"href":"https:\/\/www.multicasa.com.br\/inicio\/wp-json\/wp\/v2\/media\/9059"}],"wp:attachment":[{"href":"https:\/\/www.multicasa.com.br\/inicio\/wp-json\/wp\/v2\/media?parent=9003"}],"wp:term":[{"taxonomy":"product_brand","embeddable":true,"href":"https:\/\/www.multicasa.com.br\/inicio\/wp-json\/wp\/v2\/product_brand?post=9003"},{"taxonomy":"product_cat","embeddable":true,"href":"https:\/\/www.multicasa.com.br\/inicio\/wp-json\/wp\/v2\/product_cat?post=9003"},{"taxonomy":"product_tag","embeddable":true,"href":"https:\/\/www.multicasa.com.br\/inicio\/wp-json\/wp\/v2\/product_tag?post=9003"}],"curies":[{"name":"wp","href":"https:\/\/api.w.org\/{rel}","templated":true}]}}