{"id":9005,"date":"2025-06-20T17:39:02","date_gmt":"2025-06-20T21:39:02","guid":{"rendered":"https:\/\/www.multicasa.com.br\/inicio\/?post_type=product&#038;p=9005"},"modified":"2025-06-20T17:39:38","modified_gmt":"2025-06-20T21:39:38","slug":"tapete-de-lavanderia-oval-em-algodao-bege-allegro-kapazi-40-x-60cm","status":"publish","type":"product","link":"https:\/\/www.multicasa.com.br\/inicio\/produto\/tapete-de-lavanderia-oval-em-algodao-bege-allegro-kapazi-40-x-60cm\/","title":{"rendered":"Tapete de Lavanderia Oval em Algod\u00e3o Bege Allegro Kapazi 40 x 60cm"},"content":{"rendered":"<p>Ter uma decora\u00e7\u00e3o sofisticada e clean ficou mais f\u00e1cil! O Tapete de Lavanderia Allegro Algod\u00e3o da Kapazi \u00e9 um tapete oval multiuso ideal para dar conforto e personalidade ao ambiente. Dispon\u00edvel na cor bege, \u00e9 mais recomendado para banheiros de resid\u00eancias e apartamentos porque ret\u00e9m muito bem a sujeira e deixa o p\u00e9 seco, al\u00e9m de ser antiderrapante e n\u00e3o escorregar mesmo em pisos extremamente lisos e molhados. Feito 100% de algod\u00e3o, \u00e9 recomend\u00e1vel sua lavagem \u00e0 m\u00e3o, sem alvejante e n\u00e3o recomend\u00e1vel passar o tapete com ferro. Tapete oval pode ser utilizado em ambientes internos ou externos e vai proteger sua fam\u00edlia decorando, ao mesmo tempo, a sua casa com cores delicadas e alegres. Mede 40 x 60cm.<\/p>\n","protected":false},"excerpt":{"rendered":"<h4 style=\"margin: 0px;padding: 0px 0px 16px;font-family: Lato, sans-serif;font-weight: bold;line-height: 3rem;color: var(--dark-grey3);font-size: 22px;font-style: normal;letter-spacing: normal;text-align: start;text-indent: 0px;text-transform: none\">Informa\u00e7\u00f5es t\u00e9cnicas<\/h4>\n<p><span style=\"margin: 0px;padding: 0px;font-weight: 450;font-size: 14px;line-height: 21px;color: var(--dark-grey2);font-family: Lato, sans-serif;font-style: normal;letter-spacing: normal;text-align: start;text-indent: 0px;text-transform: none\">Produto: Tapete de lavanderia<br \/>\nMarca: Kapazi<br \/>\nMaterial: 100% Algod\u00e3o<br \/>\nCor: Bege com c\u00edrculos ovais<br \/>\nItens Inclusos: 1 Tapete de lavanderia oval<br \/>\nDimens\u00f5es do produto (A x L x P): 40 x 60 x 1cm<\/span><\/p>\n","protected":false},"featured_media":9063,"template":"","meta":{"_joinchat":[]},"product_brand":[],"product_cat":[96],"product_tag":[],"class_list":{"0":"post-9005","1":"product","2":"type-product","3":"status-publish","4":"has-post-thumbnail","6":"product_cat-limpeza-e-cia","8":"first","9":"outofstock","10":"shipping-taxable","11":"product-type-simple"},"_links":{"self":[{"href":"https:\/\/www.multicasa.com.br\/inicio\/wp-json\/wp\/v2\/product\/9005","targetHints":{"allow":["GET"]}}],"collection":[{"href":"https:\/\/www.multicasa.com.br\/inicio\/wp-json\/wp\/v2\/product"}],"about":[{"href":"https:\/\/www.multicasa.com.br\/inicio\/wp-json\/wp\/v2\/types\/product"}],"wp:featuredmedia":[{"embeddable":true,"href":"https:\/\/www.multicasa.com.br\/inicio\/wp-json\/wp\/v2\/media\/9063"}],"wp:attachment":[{"href":"https:\/\/www.multicasa.com.br\/inicio\/wp-json\/wp\/v2\/media?parent=9005"}],"wp:term":[{"taxonomy":"product_brand","embeddable":true,"href":"https:\/\/www.multicasa.com.br\/inicio\/wp-json\/wp\/v2\/product_brand?post=9005"},{"taxonomy":"product_cat","embeddable":true,"href":"https:\/\/www.multicasa.com.br\/inicio\/wp-json\/wp\/v2\/product_cat?post=9005"},{"taxonomy":"product_tag","embeddable":true,"href":"https:\/\/www.multicasa.com.br\/inicio\/wp-json\/wp\/v2\/product_tag?post=9005"}],"curies":[{"name":"wp","href":"https:\/\/api.w.org\/{rel}","templated":true}]}}