{"id":9008,"date":"2025-06-20T17:39:03","date_gmt":"2025-06-20T21:39:03","guid":{"rendered":"https:\/\/www.multicasa.com.br\/inicio\/?post_type=product&#038;p=9008"},"modified":"2025-08-17T18:59:54","modified_gmt":"2025-08-17T22:59:54","slug":"mao-francesa-reforcada-para-prateleira-multivisao-250x2mm","status":"publish","type":"product","link":"https:\/\/www.multicasa.com.br\/inicio\/produto\/mao-francesa-reforcada-para-prateleira-multivisao-250x2mm\/","title":{"rendered":"M\u00e3o Francesa Refor\u00e7ada para Prateleira Multivis\u00e3o 250x2mm"},"content":{"rendered":"<p>A M\u00e3o Francesa Refor\u00e7ada para Prateleira Multivis\u00e3o \u00e9 produzida em a\u00e7o branco com pintura em ep\u00f3xi, \u00e9 a op\u00e7\u00e3o cl\u00e1ssica e sem erros de instalar e fixar suas prateleiras. Com aproximadamente 250 x 2mm e com refor\u00e7o central, que possui grande resist\u00eancia e suporta at\u00e9 30kg garantindo maior durabilidade.<\/p>\n","protected":false},"excerpt":{"rendered":"<h4 style=\"margin: 0px;padding: 0px 0px 16px;font-family: Lato, sans-serif;font-weight: bold;line-height: 3rem;color: var(--dark-grey3);font-size: 22px;font-style: normal;letter-spacing: normal;text-align: start;text-indent: 0px;text-transform: none\">Informa\u00e7\u00f5es t\u00e9cnicas<\/h4>\n<p><span style=\"margin: 0px;padding: 0px;font-weight: 450;font-size: 14px;line-height: 21px;color: var(--dark-grey2);font-family: Lato, sans-serif;font-style: normal;letter-spacing: normal;text-align: start;text-indent: 0px;text-transform: none\">Produto: M\u00e3o Francesa<br \/>\nTipo: Refor\u00e7ada<br \/>\nMarca: Multivis\u00e3o<br \/>\nMaterial: A\u00e7o<br \/>\nAcabamento: Pintura em ep\u00f3xi<br \/>\nCor: Branco<br \/>\nUso indicado: Para fixar prateleiras<br \/>\nCaracter\u00edsticas: Suporta at\u00e9 30kg distribu\u00eddos<br \/>\nItens Inclusos: 1 m\u00e3o francesa<br \/>\nEspessura: 2 mm<br \/>\nDimens\u00f5es do produto (A): 250mm<\/span><\/p>\n","protected":false},"featured_media":9066,"template":"","meta":{"_joinchat":[]},"product_brand":[],"product_cat":[146],"product_tag":[],"class_list":{"0":"post-9008","1":"product","2":"type-product","3":"status-publish","4":"has-post-thumbnail","6":"product_cat-prateleiras-e-cia","8":"first","9":"outofstock","10":"shipping-taxable","11":"purchasable","12":"product-type-simple"},"_links":{"self":[{"href":"https:\/\/www.multicasa.com.br\/inicio\/wp-json\/wp\/v2\/product\/9008","targetHints":{"allow":["GET"]}}],"collection":[{"href":"https:\/\/www.multicasa.com.br\/inicio\/wp-json\/wp\/v2\/product"}],"about":[{"href":"https:\/\/www.multicasa.com.br\/inicio\/wp-json\/wp\/v2\/types\/product"}],"wp:featuredmedia":[{"embeddable":true,"href":"https:\/\/www.multicasa.com.br\/inicio\/wp-json\/wp\/v2\/media\/9066"}],"wp:attachment":[{"href":"https:\/\/www.multicasa.com.br\/inicio\/wp-json\/wp\/v2\/media?parent=9008"}],"wp:term":[{"taxonomy":"product_brand","embeddable":true,"href":"https:\/\/www.multicasa.com.br\/inicio\/wp-json\/wp\/v2\/product_brand?post=9008"},{"taxonomy":"product_cat","embeddable":true,"href":"https:\/\/www.multicasa.com.br\/inicio\/wp-json\/wp\/v2\/product_cat?post=9008"},{"taxonomy":"product_tag","embeddable":true,"href":"https:\/\/www.multicasa.com.br\/inicio\/wp-json\/wp\/v2\/product_tag?post=9008"}],"curies":[{"name":"wp","href":"https:\/\/api.w.org\/{rel}","templated":true}]}}