{"id":9009,"date":"2025-06-20T17:39:03","date_gmt":"2025-06-20T21:39:03","guid":{"rendered":"https:\/\/www.multicasa.com.br\/inicio\/?post_type=product&#038;p=9009"},"modified":"2025-06-20T17:39:47","modified_gmt":"2025-06-20T21:39:47","slug":"luminaria-led-de-toque-branca-elgin","status":"publish","type":"product","link":"https:\/\/www.multicasa.com.br\/inicio\/produto\/luminaria-led-de-toque-branca-elgin\/","title":{"rendered":"Lumin\u00e1ria Led de Toque Branca Elgin"},"content":{"rendered":"<p>A Lumin\u00e1ria Led de Toque Branca Elgin \u00e9 port\u00e1til e pode ser fixada atrav\u00e9s de parafuso, velcro, adesivo ou \u00edm\u00e3. Sua alimenta\u00e7\u00e3o \u00e9 feita atrav\u00e9s de 4 pilhas AAA (n\u00e3o inclusas), tendo 3w de pot\u00eancia e 120LM, com LED COB. Pode ser usada em acampamentos, mob\u00edlias, queda de energia ou manuten\u00e7\u00e3o de autos. Compacta e funcional.<\/p>\n","protected":false},"excerpt":{"rendered":"<h4 style=\"margin: 0px;padding: 0px 0px 16px;font-family: Lato, sans-serif;font-weight: bold;line-height: 3rem;color: var(--dark-grey3);font-size: 22px;font-style: normal;letter-spacing: normal;text-align: start;text-indent: 0px;text-transform: none\">Informa\u00e7\u00f5es t\u00e9cnicas<\/h4>\n<p><span style=\"margin: 0px;padding: 0px;font-weight: 450;font-size: 14px;line-height: 21px;color: var(--dark-grey2);font-family: Lato, sans-serif;font-style: normal;letter-spacing: normal;text-align: start;text-indent: 0px;text-transform: none\">Produto: Lumin\u00e1ria de Toque<br \/>\nTipo: Led Cob<br \/>\nMarca: Elgin<br \/>\nMaterial: Pl\u00e1stico<br \/>\nCor: Branco<br \/>\nCor da Luz: Branca Fria 6500k<br \/>\nPot\u00eancia: 3w<br \/>\nAlimenta\u00e7\u00e3o: 4 pilhas aaa (n\u00e3o inclusas)<br \/>\nCaracter\u00edsticas: Fixa\u00e7\u00e3o por parafuso\/velcro adesivo\/im\u00e3s<br \/>\nFluxo luminoso 120 LM<br \/>\n\u00c2ngulo de abertura 80\u00b0<br \/>\nVida \u00fatil 25.000 h<br \/>\nirc &gt;70<br \/>\nEfici\u00eancia luminosa: 40 lm\/w<br \/>\nIp: 20<br \/>\nItens Inclusos: 1 Lumin\u00e1ria de Toque<br \/>\nDimens\u00f5es do produto (A X L X P): 8 x 10 x 3cm<br \/>\n<\/span><\/p>\n","protected":false},"featured_media":9067,"template":"","meta":{"_joinchat":[]},"product_brand":[],"product_cat":[145],"product_tag":[],"class_list":{"0":"post-9009","1":"product","2":"type-product","3":"status-publish","4":"has-post-thumbnail","6":"product_cat-leds-comerciais","8":"first","9":"outofstock","10":"shipping-taxable","11":"product-type-simple"},"_links":{"self":[{"href":"https:\/\/www.multicasa.com.br\/inicio\/wp-json\/wp\/v2\/product\/9009","targetHints":{"allow":["GET"]}}],"collection":[{"href":"https:\/\/www.multicasa.com.br\/inicio\/wp-json\/wp\/v2\/product"}],"about":[{"href":"https:\/\/www.multicasa.com.br\/inicio\/wp-json\/wp\/v2\/types\/product"}],"wp:featuredmedia":[{"embeddable":true,"href":"https:\/\/www.multicasa.com.br\/inicio\/wp-json\/wp\/v2\/media\/9067"}],"wp:attachment":[{"href":"https:\/\/www.multicasa.com.br\/inicio\/wp-json\/wp\/v2\/media?parent=9009"}],"wp:term":[{"taxonomy":"product_brand","embeddable":true,"href":"https:\/\/www.multicasa.com.br\/inicio\/wp-json\/wp\/v2\/product_brand?post=9009"},{"taxonomy":"product_cat","embeddable":true,"href":"https:\/\/www.multicasa.com.br\/inicio\/wp-json\/wp\/v2\/product_cat?post=9009"},{"taxonomy":"product_tag","embeddable":true,"href":"https:\/\/www.multicasa.com.br\/inicio\/wp-json\/wp\/v2\/product_tag?post=9009"}],"curies":[{"name":"wp","href":"https:\/\/api.w.org\/{rel}","templated":true}]}}