{"id":9012,"date":"2025-06-20T17:39:03","date_gmt":"2025-06-20T21:39:03","guid":{"rendered":"https:\/\/www.multicasa.com.br\/inicio\/?post_type=product&#038;p=9012"},"modified":"2026-04-23T17:00:34","modified_gmt":"2026-04-23T21:00:34","slug":"mangueira-de-saida-maquina-de-lavar-plasbohn-14m","status":"publish","type":"product","link":"https:\/\/www.multicasa.com.br\/inicio\/produto\/mangueira-de-saida-maquina-de-lavar-plasbohn-14m\/","title":{"rendered":"Mangueira de Sa\u00edda M\u00e1quina de Lavar Plasbohn 1,4m"},"content":{"rendered":"<p>A Mangueira de Sa\u00edda Plasbohn \u00e9 de f\u00e1cil instala\u00e7\u00e3o, perfeita para lavadoras. Produzida em polietileno cinza, altamente flex\u00edvel garantindo mais durabilidade e seguran\u00e7a. Possui aproximadamente 1,4 m de comprimento e \u00e9 perfeita para manter sua lavanderia limpa e organizada.<\/p>\n","protected":false},"excerpt":{"rendered":"<h4 style=\"margin: 0px;padding: 0px 0px 16px;font-family: Lato, sans-serif;font-weight: bold;line-height: 3rem;color: var(--dark-grey3);font-size: 22px;font-style: normal;letter-spacing: normal;text-align: start;text-indent: 0px;text-transform: none\">Informa\u00e7\u00f5es t\u00e9cnicas<\/h4>\n<p><span style=\"margin: 0px;padding: 0px;font-weight: 450;font-size: 14px;line-height: 21px;color: var(--dark-grey2);font-family: Lato, sans-serif;font-style: normal;letter-spacing: normal;text-align: start;text-indent: 0px;text-transform: none\">Produto: Mangueira de sa\u00edda<br \/>\nMarca: Plasbohn<br \/>\nMaterial: Polietileno<br \/>\nCor: Cinza e preto<br \/>\nUso Indicado: Para m\u00e1quinas de lavar<br \/>\nCaracter\u00edsticas: Altamente flex\u00edvel<br \/>\nItens Inclusos: 1 mangueira de sa\u00edda<br \/>\nDimens\u00f5es do produto (C): 1,4m<br \/>\n<\/span><\/p>\n","protected":false},"featured_media":9087,"template":"","meta":{"_joinchat":[]},"product_brand":[],"product_cat":[74],"product_tag":[],"class_list":{"0":"post-9012","1":"product","2":"type-product","3":"status-publish","4":"has-post-thumbnail","6":"product_cat-reparos-hidraulicos","8":"first","9":"instock","10":"shipping-taxable","11":"purchasable","12":"product-type-simple"},"_links":{"self":[{"href":"https:\/\/www.multicasa.com.br\/inicio\/wp-json\/wp\/v2\/product\/9012","targetHints":{"allow":["GET"]}}],"collection":[{"href":"https:\/\/www.multicasa.com.br\/inicio\/wp-json\/wp\/v2\/product"}],"about":[{"href":"https:\/\/www.multicasa.com.br\/inicio\/wp-json\/wp\/v2\/types\/product"}],"wp:featuredmedia":[{"embeddable":true,"href":"https:\/\/www.multicasa.com.br\/inicio\/wp-json\/wp\/v2\/media\/9087"}],"wp:attachment":[{"href":"https:\/\/www.multicasa.com.br\/inicio\/wp-json\/wp\/v2\/media?parent=9012"}],"wp:term":[{"taxonomy":"product_brand","embeddable":true,"href":"https:\/\/www.multicasa.com.br\/inicio\/wp-json\/wp\/v2\/product_brand?post=9012"},{"taxonomy":"product_cat","embeddable":true,"href":"https:\/\/www.multicasa.com.br\/inicio\/wp-json\/wp\/v2\/product_cat?post=9012"},{"taxonomy":"product_tag","embeddable":true,"href":"https:\/\/www.multicasa.com.br\/inicio\/wp-json\/wp\/v2\/product_tag?post=9012"}],"curies":[{"name":"wp","href":"https:\/\/api.w.org\/{rel}","templated":true}]}}