{"id":9014,"date":"2025-06-20T17:39:03","date_gmt":"2025-06-20T21:39:03","guid":{"rendered":"https:\/\/www.multicasa.com.br\/inicio\/?post_type=product&#038;p=9014"},"modified":"2025-06-20T17:39:54","modified_gmt":"2025-06-20T21:39:54","slug":"estilete-stanley-retratil-metal-18mm","status":"publish","type":"product","link":"https:\/\/www.multicasa.com.br\/inicio\/produto\/estilete-stanley-retratil-metal-18mm\/","title":{"rendered":"Estilete Stanley Retr\u00e1til Metal 18mm"},"content":{"rendered":"<p>O Estilete Stanley Retr\u00e1til \u00e9 o que voc\u00ea precisa para aplica\u00e7\u00f5es m\u00e9dias e leves. Cont\u00e9m cartucho em a\u00e7o inoxid\u00e1vel permitindo a troca das l\u00e2minas e anticorrosivo que estende a vida \u00fatil do produto. Estrutura em pol\u00edmero de alto impacto e resistente. Mecanismo de trava que emite um estalo para indicar que a l\u00e2mina est\u00e1 bloqueada, travando-a automaticamente para garantir um recorte seguro e firme. Tenha em m\u00e3os a melhor performance para corte.<\/p>\n","protected":false},"excerpt":{"rendered":"<h4 style=\"margin: 0px;padding: 0px 0px 16px;font-family: Lato, sans-serif;font-weight: bold;line-height: 3rem;color: var(--dark-grey3);font-size: 22px;font-style: normal;letter-spacing: normal;text-align: start;text-indent: 0px;text-transform: none\">Informa\u00e7\u00f5es t\u00e9cnicas<\/h4>\n<p><span style=\"margin: 0px;padding: 0px;font-weight: 450;font-size: 14px;line-height: 21px;color: var(--dark-grey2);font-family: Lato, sans-serif;font-style: normal;letter-spacing: normal;text-align: start;text-indent: 0px;text-transform: none\">Produto: Estilete<br \/>\nMarca: Stanley<br \/>\nMaterial: Metal<br \/>\nPol\u00edmero<br \/>\nCor: Amarelo<br \/>\nCaracter\u00edsticas: Possui trava da l\u00e2mina<br \/>\nMecanismo de trava autom\u00e1tica<br \/>\nOrif\u00edcio no cabo para armazenagem<br \/>\n1 L\u00e2mina<br \/>\nItens Inclusos: 1 Estilete<br \/>\nDimens\u00f5es da l\u00e2mina(C): 18mm<\/span><\/p>\n","protected":false},"featured_media":9089,"template":"","meta":{"_joinchat":[]},"product_brand":[],"product_cat":[137],"product_tag":[],"class_list":{"0":"post-9014","1":"product","2":"type-product","3":"status-publish","4":"has-post-thumbnail","6":"product_cat-ferramentas-manuais","8":"first","9":"outofstock","10":"shipping-taxable","11":"product-type-simple"},"_links":{"self":[{"href":"https:\/\/www.multicasa.com.br\/inicio\/wp-json\/wp\/v2\/product\/9014","targetHints":{"allow":["GET"]}}],"collection":[{"href":"https:\/\/www.multicasa.com.br\/inicio\/wp-json\/wp\/v2\/product"}],"about":[{"href":"https:\/\/www.multicasa.com.br\/inicio\/wp-json\/wp\/v2\/types\/product"}],"wp:featuredmedia":[{"embeddable":true,"href":"https:\/\/www.multicasa.com.br\/inicio\/wp-json\/wp\/v2\/media\/9089"}],"wp:attachment":[{"href":"https:\/\/www.multicasa.com.br\/inicio\/wp-json\/wp\/v2\/media?parent=9014"}],"wp:term":[{"taxonomy":"product_brand","embeddable":true,"href":"https:\/\/www.multicasa.com.br\/inicio\/wp-json\/wp\/v2\/product_brand?post=9014"},{"taxonomy":"product_cat","embeddable":true,"href":"https:\/\/www.multicasa.com.br\/inicio\/wp-json\/wp\/v2\/product_cat?post=9014"},{"taxonomy":"product_tag","embeddable":true,"href":"https:\/\/www.multicasa.com.br\/inicio\/wp-json\/wp\/v2\/product_tag?post=9014"}],"curies":[{"name":"wp","href":"https:\/\/api.w.org\/{rel}","templated":true}]}}