{"id":9041,"date":"2025-06-20T17:39:26","date_gmt":"2025-06-20T21:39:26","guid":{"rendered":"https:\/\/www.multicasa.com.br\/inicio\/?post_type=product&#038;p=9041"},"modified":"2025-06-20T17:40:08","modified_gmt":"2025-06-20T21:40:08","slug":"sombrinha-manual-dupla-face-cabo-em-c-brizi","status":"publish","type":"product","link":"https:\/\/www.multicasa.com.br\/inicio\/produto\/sombrinha-manual-dupla-face-cabo-em-c-brizi\/","title":{"rendered":"Sombrinha Manual Dupla Face Cabo em C Brizi"},"content":{"rendered":"<p>A Sombrinha Manual Dupla Face Brizi, te promove prote\u00e7\u00e3o nos dias de chuva, com fechamento invertido proporcionando mais facilidade para adentrar em seu ve\u00edculos sem se molhar. Sua estrutura \u00e9 em metal com tecido pongee em dupla, com 8 varetas e 1 se\u00e7\u00e3o. Pode ficar em p\u00e9, ap\u00f3s o uso agilizando sua secagem.<\/p>\n","protected":false},"excerpt":{"rendered":"<h4 style=\"margin: 0px;padding: 0px 0px 16px;font-family: Lato, sans-serif;font-weight: bold;line-height: 3rem;color: var(--dark-grey3);font-size: 22px;font-style: normal;letter-spacing: normal;text-align: start;text-indent: 0px;text-transform: none\">Informa\u00e7\u00f5es t\u00e9cnicas<\/h4>\n<p><span style=\"margin: 0px;padding: 0px;font-weight: 450;font-size: 14px;line-height: 21px;color: var(--dark-grey2);font-family: Lato, sans-serif;font-style: normal;letter-spacing: normal;text-align: start;text-indent: 0px;text-transform: none\">Produto: Sombrinha<br \/>\nMarca: Brizi<br \/>\nMaterial: Pongee<br \/>\nMetal<br \/>\nAlum\u00ednio<br \/>\nCor: Sortido<br \/>\nCaracter\u00edsticas: Imperme\u00e1vel<br \/>\n8 varetas<br \/>\n1 se\u00e7\u00e3o<br \/>\nCabo em forma de encaixe<br \/>\nAbertura manual<br \/>\nFica em p\u00e9 ap\u00f3s o uso<br \/>\nLacre em velcro<br \/>\nItens Inclusos: 1 Sombrinha<br \/>\nDi\u00e2metro do produto: 58,5cm<br \/>\n<\/span><\/p>\n","protected":false},"featured_media":9094,"template":"","meta":{"_joinchat":[]},"product_brand":[],"product_cat":[136],"product_tag":[],"class_list":{"0":"post-9041","1":"product","2":"type-product","3":"status-publish","4":"has-post-thumbnail","6":"product_cat-lazer","8":"first","9":"outofstock","10":"shipping-taxable","11":"product-type-simple"},"_links":{"self":[{"href":"https:\/\/www.multicasa.com.br\/inicio\/wp-json\/wp\/v2\/product\/9041","targetHints":{"allow":["GET"]}}],"collection":[{"href":"https:\/\/www.multicasa.com.br\/inicio\/wp-json\/wp\/v2\/product"}],"about":[{"href":"https:\/\/www.multicasa.com.br\/inicio\/wp-json\/wp\/v2\/types\/product"}],"wp:featuredmedia":[{"embeddable":true,"href":"https:\/\/www.multicasa.com.br\/inicio\/wp-json\/wp\/v2\/media\/9094"}],"wp:attachment":[{"href":"https:\/\/www.multicasa.com.br\/inicio\/wp-json\/wp\/v2\/media?parent=9041"}],"wp:term":[{"taxonomy":"product_brand","embeddable":true,"href":"https:\/\/www.multicasa.com.br\/inicio\/wp-json\/wp\/v2\/product_brand?post=9041"},{"taxonomy":"product_cat","embeddable":true,"href":"https:\/\/www.multicasa.com.br\/inicio\/wp-json\/wp\/v2\/product_cat?post=9041"},{"taxonomy":"product_tag","embeddable":true,"href":"https:\/\/www.multicasa.com.br\/inicio\/wp-json\/wp\/v2\/product_tag?post=9041"}],"curies":[{"name":"wp","href":"https:\/\/api.w.org\/{rel}","templated":true}]}}