{"id":9049,"date":"2025-06-20T17:39:26","date_gmt":"2025-06-20T21:39:26","guid":{"rendered":"https:\/\/www.multicasa.com.br\/inicio\/?post_type=product&#038;p=9049"},"modified":"2025-06-20T17:40:22","modified_gmt":"2025-06-20T21:40:22","slug":"cabo-vga-macho-x-macho-com-filtro-5-2m","status":"publish","type":"product","link":"https:\/\/www.multicasa.com.br\/inicio\/produto\/cabo-vga-macho-x-macho-com-filtro-5-2m\/","title":{"rendered":"Cabo VGA Macho x Macho com Filtro 5+ 2m"},"content":{"rendered":"<p>O Cabo VGA Macho x Macho com Filtro da 5+ \u00e9 utilizado para transmitir imagens em equipamentos com sa\u00edda de 15 pinos para monitores ou televisores com entrada de 15 pinos. Seu cabo tem 2 metros de comprimento e possui trava de conex\u00e3o com filtro de ferrite que \u00e9 a melhor solu\u00e7\u00e3o para transmiss\u00e3o de sinal anal\u00f3gico. Transmite apenas imagem, utilizar outro cabo para transmiss\u00e3o de som.<\/p>\n","protected":false},"excerpt":{"rendered":"<h4 style=\"margin: 0px;padding: 0px 0px 16px;font-family: Lato, sans-serif;font-weight: bold;line-height: 3rem;color: var(--dark-grey3);font-size: 22px;font-style: normal;letter-spacing: normal;text-align: start;text-indent: 0px;text-transform: none\">Informa\u00e7\u00f5es t\u00e9cnicas<\/h4>\n<p><span style=\"margin: 0px;padding: 0px;font-weight: 450;font-size: 14px;line-height: 21px;color: var(--dark-grey2);font-family: Lato, sans-serif;font-style: normal;letter-spacing: normal;text-align: start;text-indent: 0px;text-transform: none\">Produto: Cabo VGA<br \/>\nMarca: 5+<br \/>\nCor: Preto<br \/>\nCaracter\u00edsticas: Pinagem db15 macho\/macho, possui filtro de ferrite, possui trava de conex\u00e3o<br \/>\nItens inclusos: 1 Cabo VGA<br \/>\nDimens\u00f5es do produto (C): 2m<\/span><\/p>\n","protected":false},"featured_media":9129,"template":"","meta":{"_joinchat":[]},"product_brand":[],"product_cat":[153],"product_tag":[],"class_list":{"0":"post-9049","1":"product","2":"type-product","3":"status-publish","4":"has-post-thumbnail","6":"product_cat-eletronica-e-cia","8":"first","9":"outofstock","10":"shipping-taxable","11":"product-type-simple"},"_links":{"self":[{"href":"https:\/\/www.multicasa.com.br\/inicio\/wp-json\/wp\/v2\/product\/9049","targetHints":{"allow":["GET"]}}],"collection":[{"href":"https:\/\/www.multicasa.com.br\/inicio\/wp-json\/wp\/v2\/product"}],"about":[{"href":"https:\/\/www.multicasa.com.br\/inicio\/wp-json\/wp\/v2\/types\/product"}],"wp:featuredmedia":[{"embeddable":true,"href":"https:\/\/www.multicasa.com.br\/inicio\/wp-json\/wp\/v2\/media\/9129"}],"wp:attachment":[{"href":"https:\/\/www.multicasa.com.br\/inicio\/wp-json\/wp\/v2\/media?parent=9049"}],"wp:term":[{"taxonomy":"product_brand","embeddable":true,"href":"https:\/\/www.multicasa.com.br\/inicio\/wp-json\/wp\/v2\/product_brand?post=9049"},{"taxonomy":"product_cat","embeddable":true,"href":"https:\/\/www.multicasa.com.br\/inicio\/wp-json\/wp\/v2\/product_cat?post=9049"},{"taxonomy":"product_tag","embeddable":true,"href":"https:\/\/www.multicasa.com.br\/inicio\/wp-json\/wp\/v2\/product_tag?post=9049"}],"curies":[{"name":"wp","href":"https:\/\/api.w.org\/{rel}","templated":true}]}}