{"id":9051,"date":"2025-06-20T17:39:27","date_gmt":"2025-06-20T21:39:27","guid":{"rendered":"https:\/\/www.multicasa.com.br\/inicio\/?post_type=product&#038;p=9051"},"modified":"2025-06-20T17:40:24","modified_gmt":"2025-06-20T21:40:24","slug":"lanterna-de-cabeca-recarregavel-7-leds-preto-azul-nsbao","status":"publish","type":"product","link":"https:\/\/www.multicasa.com.br\/inicio\/produto\/lanterna-de-cabeca-recarregavel-7-leds-preto-azul-nsbao\/","title":{"rendered":"Lanterna de Cabe\u00e7a Recarreg\u00e1vel 7 Leds Preto\/Azul Nsbao"},"content":{"rendered":"<p>Lanterna de Cabe\u00e7a Recarreg\u00e1vel Preto\/Azul Nsbao, possui 7 l\u00e2mpadas led e brilho ajust\u00e1vel. Para seu funcionamento, a lanterna de cabe\u00e7a n\u00e3o precisa de pilhas ou baterias, ela vem com bateria interna de 5000 mah bivlot (110v &#8211; 220v), e carregador no corpo da lanterna. Sua autonomia \u00e9 de at\u00e9 12.5 h.<br \/>\n\u00c9 ideal para montanhismo, camping ou reparos, deixando as m\u00e3os livres para a atividade!<\/p>\n","protected":false},"excerpt":{"rendered":"<h4 style=\"margin: 0px;padding: 0px 0px 16px;font-family: Lato, sans-serif;font-weight: bold;line-height: 3rem;color: var(--dark-grey3);font-size: 22px;font-style: normal;letter-spacing: normal;text-align: start;text-indent: 0px;text-transform: none\">Informa\u00e7\u00f5es t\u00e9cnicas<\/h4>\n<p><span style=\"margin: 0px;padding: 0px;font-weight: 450;font-size: 14px;line-height: 21px;color: var(--dark-grey2);font-family: Lato, sans-serif;font-style: normal;letter-spacing: normal;text-align: start;text-indent: 0px;text-transform: none\">Produto: Lanterna<br \/>\nMarca: NSBAO<br \/>\nMaterial: Pl\u00e1stico ABS<br \/>\nCor: Preto e azul<br \/>\nPot\u00eancia: 0,4w<br \/>\nAlimenta\u00e7\u00e3o: Bateria 5000 mah<br \/>\nCaracter\u00edsticas: 35LM<br \/>\nBrilho ajust\u00e1vel<br \/>\n7 leds<br \/>\nAutonomia de at\u00e9 12.5H<br \/>\nItens inclusos: 1 Lanterna<br \/>\nDimens\u00f5es do produto (A X L): 7,5 x 7cm<br \/>\nPeso do produto: 200g<br \/>\n<\/span><\/p>\n","protected":false},"featured_media":9131,"template":"","meta":{"_joinchat":[]},"product_brand":[],"product_cat":[136],"product_tag":[],"class_list":{"0":"post-9051","1":"product","2":"type-product","3":"status-publish","4":"has-post-thumbnail","6":"product_cat-lazer","8":"first","9":"outofstock","10":"shipping-taxable","11":"product-type-simple"},"_links":{"self":[{"href":"https:\/\/www.multicasa.com.br\/inicio\/wp-json\/wp\/v2\/product\/9051","targetHints":{"allow":["GET"]}}],"collection":[{"href":"https:\/\/www.multicasa.com.br\/inicio\/wp-json\/wp\/v2\/product"}],"about":[{"href":"https:\/\/www.multicasa.com.br\/inicio\/wp-json\/wp\/v2\/types\/product"}],"wp:featuredmedia":[{"embeddable":true,"href":"https:\/\/www.multicasa.com.br\/inicio\/wp-json\/wp\/v2\/media\/9131"}],"wp:attachment":[{"href":"https:\/\/www.multicasa.com.br\/inicio\/wp-json\/wp\/v2\/media?parent=9051"}],"wp:term":[{"taxonomy":"product_brand","embeddable":true,"href":"https:\/\/www.multicasa.com.br\/inicio\/wp-json\/wp\/v2\/product_brand?post=9051"},{"taxonomy":"product_cat","embeddable":true,"href":"https:\/\/www.multicasa.com.br\/inicio\/wp-json\/wp\/v2\/product_cat?post=9051"},{"taxonomy":"product_tag","embeddable":true,"href":"https:\/\/www.multicasa.com.br\/inicio\/wp-json\/wp\/v2\/product_tag?post=9051"}],"curies":[{"name":"wp","href":"https:\/\/api.w.org\/{rel}","templated":true}]}}