{"id":9075,"date":"2025-06-20T17:39:48","date_gmt":"2025-06-20T21:39:48","guid":{"rendered":"https:\/\/www.multicasa.com.br\/inicio\/?post_type=product&#038;p=9075"},"modified":"2025-06-20T17:40:25","modified_gmt":"2025-06-20T21:40:25","slug":"fechadura-digital-com-teclado-touch-fr-101-intelbras","status":"publish","type":"product","link":"https:\/\/www.multicasa.com.br\/inicio\/produto\/fechadura-digital-com-teclado-touch-fr-101-intelbras\/","title":{"rendered":"Fechadura Digital com Teclado Touch FR 101 Intelbras"},"content":{"rendered":"<p>Garanta o acesso apenas de pessoas autorizadas a resid\u00eancias e escrit\u00f3rios com a Fechadura Digital FR101 Intelbras.<br \/>\nCom teclado para inser\u00e7\u00e3o de senha e design para sobrepor, a fechadura eletr\u00f4nica \u00e9 o item imprescind\u00edvel para quem busca praticidade, tecnologia e excelente custo x benef\u00edcio. Desenvolvida para atender casas, empresas e apartamentos, permite o cadastro de at\u00e9 4 op\u00e7\u00f5es de senha. Alimentada por 4 pilhas AA, sua fechadura Intelbras possui sistema de intelig\u00eancia que dispara alarmes sonoros de viola\u00e7\u00e3o ap\u00f3s 5 tentativas de senha errada ou arrombamento de portas. Instalando-a, voc\u00ea se livra da necessidade de carregar molhos de chaves, al\u00e9m de dar um up na est\u00e9tica de portas e entradas com seu acabamento na cor preta black piano e teclado luminoso. Conta, ainda, com fun\u00e7\u00e3o \u0093n\u00e3o perturbe&#8221;&#8221;, que impede o acesso pelo lado externo dos ambientes, travamento autom\u00e1tico assim que a porta se fecha, f\u00e1cil instala\u00e7\u00e3o em espessuras que v\u00e3o de 25 a 50mm e indicativo de pilhas fracas com 7 dias de anteced\u00eancia.<\/p>\n","protected":false},"excerpt":{"rendered":"<h4 style=\"margin: 0px;padding: 0px 0px 16px;font-family: Lato, sans-serif;font-weight: bold;line-height: 3rem;color: var(--dark-grey3);font-size: 22px;font-style: normal;letter-spacing: normal;text-align: start;text-indent: 0px;text-transform: none\">Informa\u00e7\u00f5es t\u00e9cnicas<\/h4>\n<p><span style=\"margin: 0px;padding: 0px;font-weight: 450;font-size: 14px;line-height: 21px;color: var(--dark-grey2);font-family: Lato, sans-serif;font-style: normal;letter-spacing: normal;text-align: start;text-indent: 0px;text-transform: none\">Produto: Fechadura Digital<br \/>\nMarca: Intelbras<br \/>\nModelo: FR101<br \/>\nTipo de Trava: Senha<br \/>\nQuantidade de Senhas: At\u00e9 4 senhas (4 a 12 d\u00edgitos)<br \/>\nMaterial: Alum\u00ednio, zinco, ABS<br \/>\nTipo de identifica\u00e7\u00e3o: Senha Num\u00e9rica<br \/>\nIndicado para: Sobreposi\u00e7\u00e3o em portas de madeira Portas de alum\u00ednio<br \/>\nCaracter\u00edsticas do Produto: Fechadura de sobrepor com travamento autom\u00e1tico; Autonomia das pilhas de 1 ano para 10 acessos di\u00e1rios; 2 op\u00e7\u00f5es de acesso; Econ\u00f4mico.<br \/>\nAlimenta\u00e7\u00e3o: 4 Pilhas AA<br \/>\nItens Inclusos: 1 fechadura digital<br \/>\nDimens\u00f5es do produto (A x L x P): 166,3 \u00d7 89 \u00d7 38,6mm<br \/>\nDimens\u00f5es externas (A x L x P): 72 \u00d7 178 \u00d7 18mm<br \/>\nItens inclusos: 1 Unidade Externa da Fechadura; 1 Base Protetora Unidade Externa; 1 Chapa de Fixa\u00e7\u00e3o; 4 Pilhas Alcalinas AA; 1 Unidade Interna de Fechadura; 1 Batente com 6 cal\u00e7os<\/span><\/p>\n","protected":false},"featured_media":9132,"template":"","meta":{"_joinchat":[]},"product_brand":[],"product_cat":[141],"product_tag":[],"class_list":{"0":"post-9075","1":"product","2":"type-product","3":"status-publish","4":"has-post-thumbnail","6":"product_cat-marcenaria","8":"first","9":"outofstock","10":"shipping-taxable","11":"product-type-simple"},"_links":{"self":[{"href":"https:\/\/www.multicasa.com.br\/inicio\/wp-json\/wp\/v2\/product\/9075","targetHints":{"allow":["GET"]}}],"collection":[{"href":"https:\/\/www.multicasa.com.br\/inicio\/wp-json\/wp\/v2\/product"}],"about":[{"href":"https:\/\/www.multicasa.com.br\/inicio\/wp-json\/wp\/v2\/types\/product"}],"wp:featuredmedia":[{"embeddable":true,"href":"https:\/\/www.multicasa.com.br\/inicio\/wp-json\/wp\/v2\/media\/9132"}],"wp:attachment":[{"href":"https:\/\/www.multicasa.com.br\/inicio\/wp-json\/wp\/v2\/media?parent=9075"}],"wp:term":[{"taxonomy":"product_brand","embeddable":true,"href":"https:\/\/www.multicasa.com.br\/inicio\/wp-json\/wp\/v2\/product_brand?post=9075"},{"taxonomy":"product_cat","embeddable":true,"href":"https:\/\/www.multicasa.com.br\/inicio\/wp-json\/wp\/v2\/product_cat?post=9075"},{"taxonomy":"product_tag","embeddable":true,"href":"https:\/\/www.multicasa.com.br\/inicio\/wp-json\/wp\/v2\/product_tag?post=9075"}],"curies":[{"name":"wp","href":"https:\/\/api.w.org\/{rel}","templated":true}]}}