{"id":9076,"date":"2025-06-20T17:39:49","date_gmt":"2025-06-20T21:39:49","guid":{"rendered":"https:\/\/www.multicasa.com.br\/inicio\/?post_type=product&#038;p=9076"},"modified":"2025-12-10T17:34:54","modified_gmt":"2025-12-10T21:34:54","slug":"telefone-sem-fio-com-ramal-externo-tis-5010-preto-intelbras","status":"publish","type":"product","link":"https:\/\/www.multicasa.com.br\/inicio\/produto\/telefone-sem-fio-com-ramal-externo-tis-5010-preto-intelbras\/","title":{"rendered":"Telefone sem Fio com Ramal Externo TIS 5010 Preto Intelbras"},"content":{"rendered":"<p>O Telefone sem Fio com Ramal Externo TS 5010 Preto Intelbras re\u00fane a facilidade de locomo\u00e7\u00e3o \u00e0 seguran\u00e7a de um ramal externo para atender suas visitas com mais funcionalidade. Sem precisar ter fios espalhados interno e externo dos ambientes, tem f\u00e1cil instala\u00e7\u00e3o, especialmente em resid\u00eancias, porque abre at\u00e9 dois port\u00f5es, emitindo um aviso sonoro quando a visita deixa o port\u00e3o aberto. Proporcionando ainda mais seguran\u00e7a e monitoramento, o telefone Intelbras \u00e9 munido da fun\u00e7\u00e3o ?Siga-me?, possibilitando que, que quando um visitante tocar o ramal externo, a chamada seja encaminhada para um n\u00famero pr\u00e9-programado, viabilizando conversa para identifica\u00e7\u00e3o e abertura de porta de onde estiver. O TIS 5010 tem identificador de chamadas tanto do telefone quanto do ramal externo e tamb\u00e9m tem acesso r\u00e1pido \u00e0s liga\u00e7\u00f5es n\u00e3o atendidas que ficam armazenadas no telefone e no ramal com data e hor\u00e1rio da liga\u00e7\u00e3o. Com o telefone sem fio TIS 5010 voc\u00ea pode cadastrar at\u00e9 6 dispositivos sem fio entre ramais internos e externos, no telefone base, tendo acesso a fun\u00e7\u00f5es como transfer\u00eancia de chamadas, comunica\u00e7\u00e3o interna e confer\u00eancia a tr\u00eas.<\/p>\n","protected":false},"excerpt":{"rendered":"<h4 style=\"margin: 0px;padding: 0px 0px 16px;font-family: Lato, sans-serif;font-weight: bold;line-height: 3rem;color: var(--dark-grey3);font-size: 22px;font-style: normal;letter-spacing: normal;text-align: start;text-indent: 0px;text-transform: none\">Informa\u00e7\u00f5es t\u00e9cnicas<\/h4>\n<p><span style=\"margin: 0px;padding: 0px;font-weight: 450;font-size: 14px;line-height: 21px;color: var(--dark-grey2);font-family: Lato, sans-serif;font-style: normal;letter-spacing: normal;text-align: start;text-indent: 0px;text-transform: none\">Produto: Telefone sem Fio<br \/>\nMarca: Intelbras<br \/>\nModelo: TIS 5010<br \/>\nCor: Preto<br \/>\nCaracter\u00edsticas: \u00c9 poss\u00edvel registrar at\u00e9 6 dispositivos sem fio, entre ramais internos (TS 5121) e externos (TIS 5000); Cada ramal externo possui sa\u00edda para 2 port\u00f5es; Identifica\u00e7\u00e3o de chamadas; Display luminoso; Capacidade para 7 ramais<br \/>\nItens inclusos: 1 Telefone sem fio; 1 Interfone sem fio; 1 Fonte para o telefone; 1 Kit fixa\u00e7\u00e3o do interfone; 1 Guia de instala\u00e7\u00e3o<br \/>\nDimens\u00f5es do produto (A X L X P): 15,9 x 10,7 x 5,3cm<br \/>\nPeso do produto: 0,567g<\/span><\/p>\n","protected":false},"featured_media":9133,"template":"","meta":{"_joinchat":[]},"product_brand":[],"product_cat":[138],"product_tag":[],"class_list":{"0":"post-9076","1":"product","2":"type-product","3":"status-publish","4":"has-post-thumbnail","6":"product_cat-telefones-e-cia","8":"first","9":"instock","10":"shipping-taxable","11":"purchasable","12":"product-type-simple"},"_links":{"self":[{"href":"https:\/\/www.multicasa.com.br\/inicio\/wp-json\/wp\/v2\/product\/9076","targetHints":{"allow":["GET"]}}],"collection":[{"href":"https:\/\/www.multicasa.com.br\/inicio\/wp-json\/wp\/v2\/product"}],"about":[{"href":"https:\/\/www.multicasa.com.br\/inicio\/wp-json\/wp\/v2\/types\/product"}],"wp:featuredmedia":[{"embeddable":true,"href":"https:\/\/www.multicasa.com.br\/inicio\/wp-json\/wp\/v2\/media\/9133"}],"wp:attachment":[{"href":"https:\/\/www.multicasa.com.br\/inicio\/wp-json\/wp\/v2\/media?parent=9076"}],"wp:term":[{"taxonomy":"product_brand","embeddable":true,"href":"https:\/\/www.multicasa.com.br\/inicio\/wp-json\/wp\/v2\/product_brand?post=9076"},{"taxonomy":"product_cat","embeddable":true,"href":"https:\/\/www.multicasa.com.br\/inicio\/wp-json\/wp\/v2\/product_cat?post=9076"},{"taxonomy":"product_tag","embeddable":true,"href":"https:\/\/www.multicasa.com.br\/inicio\/wp-json\/wp\/v2\/product_tag?post=9076"}],"curies":[{"name":"wp","href":"https:\/\/api.w.org\/{rel}","templated":true}]}}