{"id":9079,"date":"2025-06-20T17:39:49","date_gmt":"2025-06-20T21:39:49","guid":{"rendered":"https:\/\/www.multicasa.com.br\/inicio\/?post_type=product&#038;p=9079"},"modified":"2025-08-18T00:53:39","modified_gmt":"2025-08-18T04:53:39","slug":"teclado-mouse-sem-fio-wireless-tc212-preto-multilaser","status":"publish","type":"product","link":"https:\/\/www.multicasa.com.br\/inicio\/produto\/teclado-mouse-sem-fio-wireless-tc212-preto-multilaser\/","title":{"rendered":"Teclado\/Mouse sem Fio Wireless TC212 Preto Multilaser"},"content":{"rendered":"<p>Kit Teclado e Mouse sem Fio Wireless TC212 Preto da Multilaser, Ideal para o trabalho ou entretenimento. O teclado possui design elegante al\u00e9m de manter suas m\u00e3os em uma posi\u00e7\u00e3o agrad\u00e1vel, suas teclas tem perfil baixo que proporcionam uma digita\u00e7\u00e3o silenciosa e confort\u00e1vel. Com a tecnologia 2.4ghz, ser\u00e1 poss\ufffd\ufffdvel o uso em at\u00e9 8 metros de dist\u00e2ncia, perfeito para o seu pc. Mouse e teclado possuem alimenta\u00e7\u00e3o de 1 pilha aaa cada e \u00e9 compat\u00edvel com windows ou mac os.<\/p>\n","protected":false},"excerpt":{"rendered":"<h4 style=\"margin: 0px;padding: 0px 0px 16px;font-family: Lato, sans-serif;font-weight: bold;line-height: 3rem;color: var(--dark-grey3);font-size: 22px;font-style: normal;letter-spacing: normal;text-align: start;text-indent: 0px;text-transform: none\">Informa\u00e7\u00f5es t\u00e9cnicas<\/h4>\n<p><span style=\"margin: 0px;padding: 0px;font-weight: 450;font-size: 14px;line-height: 21px;color: var(--dark-grey2);font-family: Lato, sans-serif;font-style: normal;letter-spacing: normal;text-align: start;text-indent: 0px;text-transform: none\">Produto: Teclado sem fio e mouse<br \/>\nMarca: Multilaser<br \/>\nModelo: TC212<br \/>\nMaterial: Pl\u00e1stico<br \/>\nComponentes eletr\u00f4nicos<br \/>\nCor: Preto<br \/>\nAlimenta\u00e7\u00e3o: Mouse &#8211; 1 Pilha AA<br \/>\nTeclado &#8211; 1 Pilhas aaa<br \/>\nCaracter\u00edsticas: Teclas macias e silenciosas<br \/>\nTeclas de perfil baixo<br \/>\nMouse com alcance de 8 metros<br \/>\nPlug &amp; play<br \/>\nPorta Usb<br \/>\nModelo abnt2<br \/>\nCompat\u00edvel com Windows XP, Vista ou 7 e MAC OS<br \/>\nQuantidade de pe\u00e7as: 2<br \/>\nItens Inclusos: 1 Teclado sem fio<br \/>\n1 mouse sem fio<br \/>\nDimens\u00f5es do produto (A X L X P): Teclado &#8211; 2,3 x 43,5 x 13,5cm<br \/>\nMouse &#8211; 5,7 x 26 x 9cm<br \/>\nGarantia: 12 meses pelo fabricante<br \/>\n<\/span><\/p>\n","protected":false},"featured_media":9152,"template":"","meta":{"_joinchat":[]},"product_brand":[],"product_cat":[130],"product_tag":[],"class_list":{"0":"post-9079","1":"product","2":"type-product","3":"status-publish","4":"has-post-thumbnail","6":"product_cat-informatica","8":"first","9":"instock","10":"shipping-taxable","11":"purchasable","12":"product-type-simple"},"_links":{"self":[{"href":"https:\/\/www.multicasa.com.br\/inicio\/wp-json\/wp\/v2\/product\/9079","targetHints":{"allow":["GET"]}}],"collection":[{"href":"https:\/\/www.multicasa.com.br\/inicio\/wp-json\/wp\/v2\/product"}],"about":[{"href":"https:\/\/www.multicasa.com.br\/inicio\/wp-json\/wp\/v2\/types\/product"}],"wp:featuredmedia":[{"embeddable":true,"href":"https:\/\/www.multicasa.com.br\/inicio\/wp-json\/wp\/v2\/media\/9152"}],"wp:attachment":[{"href":"https:\/\/www.multicasa.com.br\/inicio\/wp-json\/wp\/v2\/media?parent=9079"}],"wp:term":[{"taxonomy":"product_brand","embeddable":true,"href":"https:\/\/www.multicasa.com.br\/inicio\/wp-json\/wp\/v2\/product_brand?post=9079"},{"taxonomy":"product_cat","embeddable":true,"href":"https:\/\/www.multicasa.com.br\/inicio\/wp-json\/wp\/v2\/product_cat?post=9079"},{"taxonomy":"product_tag","embeddable":true,"href":"https:\/\/www.multicasa.com.br\/inicio\/wp-json\/wp\/v2\/product_tag?post=9079"}],"curies":[{"name":"wp","href":"https:\/\/api.w.org\/{rel}","templated":true}]}}