{"id":9081,"date":"2025-06-20T17:39:49","date_gmt":"2025-06-20T21:39:49","guid":{"rendered":"https:\/\/www.multicasa.com.br\/inicio\/?post_type=product&#038;p=9081"},"modified":"2026-04-14T15:20:11","modified_gmt":"2026-04-14T19:20:11","slug":"bucha-de-fixacao-com-parafuso-philips-8mm-bemfixa-5-unidades","status":"publish","type":"product","link":"https:\/\/www.multicasa.com.br\/inicio\/produto\/bucha-de-fixacao-com-parafuso-philips-8mm-bemfixa-5-unidades\/","title":{"rendered":"Bucha de Fixa\u00e7\u00e3o com Parafuso Philips 8mm Bemfixa 5 unidades"},"content":{"rendered":"<p>Utilize a bucha sem anel de fixa\u00e7\u00e3o com parafuso Philips cabe\u00e7a panela Bemfixa em brocas de 8 mm para superf\u00edcies de concreto, tijolo maci\u00e7o, bloco celular e afins. Use o kit de bucha com parafuso para garantir maior durabilidade e resist\u00eancia aos reparos e servi\u00e7os do dia-a-dia e em cargas de at\u00e9 60kg. Embalagem com 5 unidades.<\/p>\n","protected":false},"excerpt":{"rendered":"<h4 style=\"margin: 0px;padding: 0px 0px 16px;font-family: Lato, sans-serif;font-weight: bold;line-height: 3rem;color: var(--dark-grey3);font-size: 22px;font-style: normal;letter-spacing: normal;text-align: start;text-indent: 0px;text-transform: none\">Informa\u00e7\u00f5es t\u00e9cnicas<\/h4>\n<p><span style=\"margin: 0px;padding: 0px;font-weight: 450;font-size: 14px;line-height: 21px;color: var(--dark-grey2);font-family: Lato, sans-serif;font-style: normal;letter-spacing: normal;text-align: start;text-indent: 0px;text-transform: none\">Produto: Bucha com parafuso<br \/>\nMarca: Bemfixa<br \/>\nMaterial: Bucha de pl\u00e1stico<br \/>\nA\u00e7o<br \/>\nCor: Cinza, prata<br \/>\nCaracter\u00edsticas: Carga suportada de 60kg<br \/>\nParafuso philips cabe\u00e7a panela<br \/>\nQuantidade de pe\u00e7as: 10<br \/>\nItens inclusos: 5 Buchas<br \/>\n5 parafusos<br \/>\nDi\u00e2metro do produto: Bucha &#8211; 6mm<br \/>\n<\/span><\/p>\n","protected":false},"featured_media":24724,"template":"","meta":{"_joinchat":[]},"product_brand":[],"product_cat":[135],"product_tag":[],"class_list":{"0":"post-9081","1":"product","2":"type-product","3":"status-publish","4":"has-post-thumbnail","6":"product_cat-parafusos-e-buchas","8":"first","9":"outofstock","10":"shipping-taxable","11":"purchasable","12":"product-type-simple"},"_links":{"self":[{"href":"https:\/\/www.multicasa.com.br\/inicio\/wp-json\/wp\/v2\/product\/9081","targetHints":{"allow":["GET"]}}],"collection":[{"href":"https:\/\/www.multicasa.com.br\/inicio\/wp-json\/wp\/v2\/product"}],"about":[{"href":"https:\/\/www.multicasa.com.br\/inicio\/wp-json\/wp\/v2\/types\/product"}],"wp:featuredmedia":[{"embeddable":true,"href":"https:\/\/www.multicasa.com.br\/inicio\/wp-json\/wp\/v2\/media\/24724"}],"wp:attachment":[{"href":"https:\/\/www.multicasa.com.br\/inicio\/wp-json\/wp\/v2\/media?parent=9081"}],"wp:term":[{"taxonomy":"product_brand","embeddable":true,"href":"https:\/\/www.multicasa.com.br\/inicio\/wp-json\/wp\/v2\/product_brand?post=9081"},{"taxonomy":"product_cat","embeddable":true,"href":"https:\/\/www.multicasa.com.br\/inicio\/wp-json\/wp\/v2\/product_cat?post=9081"},{"taxonomy":"product_tag","embeddable":true,"href":"https:\/\/www.multicasa.com.br\/inicio\/wp-json\/wp\/v2\/product_tag?post=9081"}],"curies":[{"name":"wp","href":"https:\/\/api.w.org\/{rel}","templated":true}]}}