{"id":9083,"date":"2025-06-20T17:39:49","date_gmt":"2025-06-20T21:39:49","guid":{"rendered":"https:\/\/www.multicasa.com.br\/inicio\/?post_type=product&#038;p=9083"},"modified":"2025-09-26T16:33:34","modified_gmt":"2025-09-26T20:33:34","slug":"rolo-adesivo-amarelo-30-folhas-bettanin-2-refil","status":"publish","type":"product","link":"https:\/\/www.multicasa.com.br\/inicio\/produto\/rolo-adesivo-amarelo-30-folhas-bettanin-2-refil\/","title":{"rendered":"Rolo Adesivo Amarelo 30 Folhas Bettanin 2 Refil"},"content":{"rendered":"<p>Com o Rolo Adesivo Folhas Bettanin voc\u00ea deixa suas roupas sem poeiras, fios de cabelo, fiapos, pelos ou res\u00edduos. Possui cabo amarelo reutiliz\u00e1vel e pr\u00e1tico, possibilitando a troca f\u00e1cil de refil. O kit conta com 1 rolo de adesivos e 2 refis com 30 folhas cada.<\/p>\n","protected":false},"excerpt":{"rendered":"<h4 style=\"margin: 0px;padding: 0px 0px 16px;font-family: Lato, sans-serif;font-weight: bold;line-height: 3rem;color: var(--dark-grey3);font-size: 22px;font-style: normal;letter-spacing: normal;text-align: start;text-indent: 0px;text-transform: none\">Informa\u00e7\u00f5es t\u00e9cnicas<\/h4>\n<p><span style=\"margin: 0px;padding: 0px;font-weight: 450;font-size: 14px;line-height: 21px;color: var(--dark-grey2);font-family: Lato, sans-serif;font-style: normal;letter-spacing: normal;text-align: start;text-indent: 0px;text-transform: none\">Produto: Rolo adesivo<br \/>\nMarca: Bettanin<br \/>\nMaterial: Fita Polipropileno<br \/>\nAesivo de borracha<br \/>\nResina sint\u00e9tica<br \/>\nCabo Polipropileno de alta densidade com pigmento<br \/>\nCor: Amarelo e branco<br \/>\nUso indicado: Remover fios, pelos e p\u00f3 de tecidos<br \/>\nCaracter\u00edsticas: 30 folhas<br \/>\nQuantidade de pe\u00e7as: 3<br \/>\nItens Inclusos: 1 rolo adesivo<br \/>\n2 refis<br \/>\nDimens\u00f5es do produto (A x L x P): 27,7 x 4,6 x 4,6cm<br \/>\n<\/span><\/p>\n","protected":false},"featured_media":9157,"template":"","meta":{"_joinchat":[]},"product_brand":[],"product_cat":[95],"product_tag":[],"class_list":{"0":"post-9083","1":"product","2":"type-product","3":"status-publish","4":"has-post-thumbnail","6":"product_cat-lavanderia","8":"first","9":"outofstock","10":"shipping-taxable","11":"purchasable","12":"product-type-simple"},"_links":{"self":[{"href":"https:\/\/www.multicasa.com.br\/inicio\/wp-json\/wp\/v2\/product\/9083","targetHints":{"allow":["GET"]}}],"collection":[{"href":"https:\/\/www.multicasa.com.br\/inicio\/wp-json\/wp\/v2\/product"}],"about":[{"href":"https:\/\/www.multicasa.com.br\/inicio\/wp-json\/wp\/v2\/types\/product"}],"wp:featuredmedia":[{"embeddable":true,"href":"https:\/\/www.multicasa.com.br\/inicio\/wp-json\/wp\/v2\/media\/9157"}],"wp:attachment":[{"href":"https:\/\/www.multicasa.com.br\/inicio\/wp-json\/wp\/v2\/media?parent=9083"}],"wp:term":[{"taxonomy":"product_brand","embeddable":true,"href":"https:\/\/www.multicasa.com.br\/inicio\/wp-json\/wp\/v2\/product_brand?post=9083"},{"taxonomy":"product_cat","embeddable":true,"href":"https:\/\/www.multicasa.com.br\/inicio\/wp-json\/wp\/v2\/product_cat?post=9083"},{"taxonomy":"product_tag","embeddable":true,"href":"https:\/\/www.multicasa.com.br\/inicio\/wp-json\/wp\/v2\/product_tag?post=9083"}],"curies":[{"name":"wp","href":"https:\/\/api.w.org\/{rel}","templated":true}]}}