{"id":9084,"date":"2025-06-20T17:39:49","date_gmt":"2025-06-20T21:39:49","guid":{"rendered":"https:\/\/www.multicasa.com.br\/inicio\/?post_type=product&#038;p=9084"},"modified":"2025-06-20T17:40:41","modified_gmt":"2025-06-20T21:40:41","slug":"torneira-para-cozinha-de-parede-cromada-c23-esteves","status":"publish","type":"product","link":"https:\/\/www.multicasa.com.br\/inicio\/produto\/torneira-para-cozinha-de-parede-cromada-c23-esteves\/","title":{"rendered":"Torneira para Cozinha de Parede Cromada C23 Esteves"},"content":{"rendered":"<p>A Torneira para Cozinha de Parede Cromada Esteves \u00e9 a melhor op\u00e7\u00e3o para voc\u00ea que busca qualidade, beleza e praticidade. Com o bico reto \u00e9 fabricada em metal cromado com aproximadamente 8,5 x 18,5 cm, garantindo qualidade e durabilidade.<\/p>\n","protected":false},"excerpt":{"rendered":"<h4 style=\"margin: 0px;padding: 0px 0px 16px;font-family: Lato, sans-serif;font-weight: bold;line-height: 3rem;color: var(--dark-grey3);font-size: 22px;font-style: normal;letter-spacing: normal;text-align: start;text-indent: 0px;text-transform: none\">Informa\u00e7\u00f5es t\u00e9cnicas<\/h4>\n<p><span style=\"margin: 0px;padding: 0px;font-weight: 450;font-size: 14px;line-height: 21px;color: var(--dark-grey2);font-family: Lato, sans-serif;font-style: normal;letter-spacing: normal;text-align: start;text-indent: 0px;text-transform: none\">Produto: Torneira<br \/>\nMarca: Esteves<br \/>\nMaterial: Metal<br \/>\nAcabamento: Cromado<br \/>\nCor: Prata<br \/>\nCaracter\u00edsticas: Bitola 1\/2&#8243;<br \/>\nCom arejador C23<br \/>\nBiqueta reta<br \/>\nAcionamento rotativo<br \/>\nNormatizado pela ABNT<br \/>\nItens inclusos: 1 Torneira<br \/>\nDimens\u00f5es do produto (A X L X P): 8,5 x 5 x 18,5cm<br \/>\nGarantia: 15 anos pelo fabricante<\/span><\/p>\n","protected":false},"featured_media":9160,"template":"","meta":{"_joinchat":[]},"product_brand":[],"product_cat":[67],"product_tag":[],"class_list":{"0":"post-9084","1":"product","2":"type-product","3":"status-publish","4":"has-post-thumbnail","6":"product_cat-torneiras-e-cia","8":"first","9":"outofstock","10":"shipping-taxable","11":"product-type-simple"},"_links":{"self":[{"href":"https:\/\/www.multicasa.com.br\/inicio\/wp-json\/wp\/v2\/product\/9084","targetHints":{"allow":["GET"]}}],"collection":[{"href":"https:\/\/www.multicasa.com.br\/inicio\/wp-json\/wp\/v2\/product"}],"about":[{"href":"https:\/\/www.multicasa.com.br\/inicio\/wp-json\/wp\/v2\/types\/product"}],"wp:featuredmedia":[{"embeddable":true,"href":"https:\/\/www.multicasa.com.br\/inicio\/wp-json\/wp\/v2\/media\/9160"}],"wp:attachment":[{"href":"https:\/\/www.multicasa.com.br\/inicio\/wp-json\/wp\/v2\/media?parent=9084"}],"wp:term":[{"taxonomy":"product_brand","embeddable":true,"href":"https:\/\/www.multicasa.com.br\/inicio\/wp-json\/wp\/v2\/product_brand?post=9084"},{"taxonomy":"product_cat","embeddable":true,"href":"https:\/\/www.multicasa.com.br\/inicio\/wp-json\/wp\/v2\/product_cat?post=9084"},{"taxonomy":"product_tag","embeddable":true,"href":"https:\/\/www.multicasa.com.br\/inicio\/wp-json\/wp\/v2\/product_tag?post=9084"}],"curies":[{"name":"wp","href":"https:\/\/api.w.org\/{rel}","templated":true}]}}