{"id":9116,"date":"2025-06-20T17:40:11","date_gmt":"2025-06-20T21:40:11","guid":{"rendered":"https:\/\/www.multicasa.com.br\/inicio\/?post_type=product&#038;p=9116"},"modified":"2025-06-20T17:40:53","modified_gmt":"2025-06-20T21:40:53","slug":"desempenadeira-vonder-de-aco-lisa","status":"publish","type":"product","link":"https:\/\/www.multicasa.com.br\/inicio\/produto\/desempenadeira-vonder-de-aco-lisa\/","title":{"rendered":"Desempenadeira Vonder de A\u00e7o Lisa"},"content":{"rendered":"<p>A desempenadeira Vonder \u00e9 indicada para aplica\u00e7\u00e3o e distribui\u00e7\u00e3o de cal fino e massa corrida nas paredes, com cabo fechado de madeira e l\u00e2mina de a\u00e7o soldada.<\/p>\n","protected":false},"excerpt":{"rendered":"<h4 style=\"margin: 0px;padding: 0px 0px 16px;font-family: Lato, sans-serif;font-weight: bold;line-height: 3rem;color: var(--dark-grey3);font-size: 22px;font-style: normal;letter-spacing: normal;text-align: start;text-indent: 0px;text-transform: none\">Informa\u00e7\u00f5es t\u00e9cnicas<\/h4>\n<p><span style=\"margin: 0px;padding: 0px;font-weight: 450;font-size: 14px;line-height: 21px;color: var(--dark-grey2);font-family: Lato, sans-serif;font-style: normal;letter-spacing: normal;text-align: start;text-indent: 0px;text-transform: none\">Produto: Desempenadeira<br \/>\nTipo: Lisa<br \/>\nMarca: Vonder<br \/>\nMaterial: Cabo em Madeira<br \/>\nL\u00e2mina em A\u00e7o<br \/>\nCor: Natural e prata<br \/>\nUso Indicado: Aplica\u00e7\u00e3o e distribui\u00e7\u00e3o de cal fino e massa corrida nas paredes<br \/>\nCaracter\u00edsticas: Cabo fechado<br \/>\nItens Inclusos: 1 Desempenadeira<br \/>\nDimens\u00f5es do produto(L X P): 255 x 120mm<br \/>\n<\/span><\/p>\n","protected":false},"featured_media":9172,"template":"","meta":{"_joinchat":[]},"product_brand":[],"product_cat":[137],"product_tag":[],"class_list":{"0":"post-9116","1":"product","2":"type-product","3":"status-publish","4":"has-post-thumbnail","6":"product_cat-ferramentas-manuais","8":"first","9":"outofstock","10":"shipping-taxable","11":"product-type-simple"},"_links":{"self":[{"href":"https:\/\/www.multicasa.com.br\/inicio\/wp-json\/wp\/v2\/product\/9116","targetHints":{"allow":["GET"]}}],"collection":[{"href":"https:\/\/www.multicasa.com.br\/inicio\/wp-json\/wp\/v2\/product"}],"about":[{"href":"https:\/\/www.multicasa.com.br\/inicio\/wp-json\/wp\/v2\/types\/product"}],"wp:featuredmedia":[{"embeddable":true,"href":"https:\/\/www.multicasa.com.br\/inicio\/wp-json\/wp\/v2\/media\/9172"}],"wp:attachment":[{"href":"https:\/\/www.multicasa.com.br\/inicio\/wp-json\/wp\/v2\/media?parent=9116"}],"wp:term":[{"taxonomy":"product_brand","embeddable":true,"href":"https:\/\/www.multicasa.com.br\/inicio\/wp-json\/wp\/v2\/product_brand?post=9116"},{"taxonomy":"product_cat","embeddable":true,"href":"https:\/\/www.multicasa.com.br\/inicio\/wp-json\/wp\/v2\/product_cat?post=9116"},{"taxonomy":"product_tag","embeddable":true,"href":"https:\/\/www.multicasa.com.br\/inicio\/wp-json\/wp\/v2\/product_tag?post=9116"}],"curies":[{"name":"wp","href":"https:\/\/api.w.org\/{rel}","templated":true}]}}