{"id":9140,"date":"2025-06-20T17:40:32","date_gmt":"2025-06-20T21:40:32","guid":{"rendered":"https:\/\/www.multicasa.com.br\/inicio\/?post_type=product&#038;p=9140"},"modified":"2026-05-02T09:50:11","modified_gmt":"2026-05-02T13:50:11","slug":"plugue-macho-angular-para-extensao-2p-branco-tramontina-20a","status":"publish","type":"product","link":"https:\/\/www.multicasa.com.br\/inicio\/produto\/plugue-macho-angular-para-extensao-2p-branco-tramontina-20a\/","title":{"rendered":"Plugue Macho Angular para Extens\u00e3o 2P Branco Tramontina 20A"},"content":{"rendered":"<p>Com o plugue macho angular para extens\u00e3o 2P branco Tramontina voc\u00ea usa, sem preocup\u00e7\u00f5es, seus aparelhos e dispositivos que precisam de adaptadores para serem conectados \u00e0 tomada. Com 20a, trabalha com fun\u00e7\u00e3o m\u00e1xima de 250v e conta com design moderno, vers\u00e1til e \u00fatiliz\u00e1vel em diversos ambientes. Al\u00e9m disso, foi feito de nylon antichama e possui seus condutores e pinos em liga de cobre.<\/p>\n","protected":false},"excerpt":{"rendered":"<h4 style=\"margin: 0px;padding: 0px 0px 16px;font-family: Lato, sans-serif;font-weight: bold;line-height: 3rem;color: var(--dark-grey3);font-size: 22px;font-style: normal;letter-spacing: normal;text-align: start;text-indent: 0px;text-transform: none\">Informa\u00e7\u00f5es t\u00e9cnicas<\/h4>\n<p><span style=\"margin: 0px;padding: 0px;font-weight: 450;font-size: 14px;line-height: 21px;color: var(--dark-grey2);font-family: Lato, sans-serif;font-style: normal;letter-spacing: normal;text-align: start;text-indent: 0px;text-transform: none\">Produto: Plugue Macho Angular<br \/>\nMarca: Tramontina<br \/>\nMaterial: Termopl\u00e1stico antichama<br \/>\nCondutores e pino em liga cobre<br \/>\nCor: Branco<br \/>\nCaracter\u00edsticas: Para correntes de 20a<br \/>\nTens\u00e3o m\u00e1xima de 250v<br \/>\n2P<br \/>\nPossui prensa cabo<br \/>\nSelo Inmetro<br \/>\nItens inclusos: 1 Plugue Macho Angular<br \/>\nDimens\u00f5es do produto: (A X L X P): 5 x 4 x 5cm<br \/>\n<\/span><\/p>\n","protected":false},"featured_media":9190,"template":"","meta":{"_joinchat":[]},"product_brand":[],"product_cat":[144],"product_tag":[],"class_list":{"0":"post-9140","1":"product","2":"type-product","3":"status-publish","4":"has-post-thumbnail","6":"product_cat-tomadas-e-cia","8":"first","9":"instock","10":"shipping-taxable","11":"purchasable","12":"product-type-simple"},"_links":{"self":[{"href":"https:\/\/www.multicasa.com.br\/inicio\/wp-json\/wp\/v2\/product\/9140","targetHints":{"allow":["GET"]}}],"collection":[{"href":"https:\/\/www.multicasa.com.br\/inicio\/wp-json\/wp\/v2\/product"}],"about":[{"href":"https:\/\/www.multicasa.com.br\/inicio\/wp-json\/wp\/v2\/types\/product"}],"wp:featuredmedia":[{"embeddable":true,"href":"https:\/\/www.multicasa.com.br\/inicio\/wp-json\/wp\/v2\/media\/9190"}],"wp:attachment":[{"href":"https:\/\/www.multicasa.com.br\/inicio\/wp-json\/wp\/v2\/media?parent=9140"}],"wp:term":[{"taxonomy":"product_brand","embeddable":true,"href":"https:\/\/www.multicasa.com.br\/inicio\/wp-json\/wp\/v2\/product_brand?post=9140"},{"taxonomy":"product_cat","embeddable":true,"href":"https:\/\/www.multicasa.com.br\/inicio\/wp-json\/wp\/v2\/product_cat?post=9140"},{"taxonomy":"product_tag","embeddable":true,"href":"https:\/\/www.multicasa.com.br\/inicio\/wp-json\/wp\/v2\/product_tag?post=9140"}],"curies":[{"name":"wp","href":"https:\/\/api.w.org\/{rel}","templated":true}]}}