{"id":9143,"date":"2025-06-20T17:40:32","date_gmt":"2025-06-20T21:40:32","guid":{"rendered":"https:\/\/www.multicasa.com.br\/inicio\/?post_type=product&#038;p=9143"},"modified":"2025-08-17T19:00:42","modified_gmt":"2025-08-17T23:00:42","slug":"alicate-tramontina-de-pressao-aco-carbono-10%c2%94","status":"publish","type":"product","link":"https:\/\/www.multicasa.com.br\/inicio\/produto\/alicate-tramontina-de-pressao-aco-carbono-10%c2%94\/","title":{"rendered":"Alicate Tramontina de Press\u00e3o A\u00e7o Carbono 10\u0094"},"content":{"rendered":"<p>O Alicate de Press\u00e3o de 10 Polegadas da Tramontina com mordente triangular \u00e9 a ferramenta que faltava em seu kit. Um item que vai facilitar muita mais o corte, solda, lixa e outros trabalhos que precisem que o objeto esteja fixado.Possui sistema de trava que aciona assim que o objeto \u00e9 preso. \u00c9 produzido em a\u00e7o especial com t\u00eampera e seus mordentes possuem perfil triangular. Uma ferramenta de alto desempenho que prende, trava e n\u00e3o solta!<\/p>\n","protected":false},"excerpt":{"rendered":"<h4 style=\"margin: 0px;padding: 0px 0px 16px;font-family: Lato, sans-serif;font-weight: bold;line-height: 3rem;color: var(--dark-grey3);font-size: 22px;font-style: normal;letter-spacing: normal;text-align: start;text-indent: 0px;text-transform: none\">Informa\u00e7\u00f5es t\u00e9cnicas<\/h4>\n<p><span style=\"margin: 0px;padding: 0px;font-weight: 450;font-size: 14px;line-height: 21px;color: var(--dark-grey2);font-family: Lato, sans-serif;font-style: normal;letter-spacing: normal;text-align: start;text-indent: 0px;text-transform: none\">Produto: Alicate<br \/>\nTipo: Press\u00e3o<br \/>\nMarca: Tramontina<br \/>\nMaterial: A\u00e7o carbono<br \/>\nCaracter\u00edsticas: mordentes com perfil triangular, acabamento cromado, formato ergon\u00f4mico, abertura regul\u00e1vel, alavanca para destravar<br \/>\nItens Inclusos: 1 alicate de press\u00e3o<br \/>\nDimens\u00f5es do produto em polegadas: 10\u0094                                                                                                                           Dimens\u00f5es do produto (A x L x P): 22,5 x 5,7 x 1,9cm<br \/>\nPeso: 0,58kg<\/span><\/p>\n","protected":false},"featured_media":9193,"template":"","meta":{"_joinchat":[]},"product_brand":[],"product_cat":[137],"product_tag":[],"class_list":{"0":"post-9143","1":"product","2":"type-product","3":"status-publish","4":"has-post-thumbnail","6":"product_cat-ferramentas-manuais","8":"first","9":"outofstock","10":"shipping-taxable","11":"purchasable","12":"product-type-simple"},"_links":{"self":[{"href":"https:\/\/www.multicasa.com.br\/inicio\/wp-json\/wp\/v2\/product\/9143","targetHints":{"allow":["GET"]}}],"collection":[{"href":"https:\/\/www.multicasa.com.br\/inicio\/wp-json\/wp\/v2\/product"}],"about":[{"href":"https:\/\/www.multicasa.com.br\/inicio\/wp-json\/wp\/v2\/types\/product"}],"wp:featuredmedia":[{"embeddable":true,"href":"https:\/\/www.multicasa.com.br\/inicio\/wp-json\/wp\/v2\/media\/9193"}],"wp:attachment":[{"href":"https:\/\/www.multicasa.com.br\/inicio\/wp-json\/wp\/v2\/media?parent=9143"}],"wp:term":[{"taxonomy":"product_brand","embeddable":true,"href":"https:\/\/www.multicasa.com.br\/inicio\/wp-json\/wp\/v2\/product_brand?post=9143"},{"taxonomy":"product_cat","embeddable":true,"href":"https:\/\/www.multicasa.com.br\/inicio\/wp-json\/wp\/v2\/product_cat?post=9143"},{"taxonomy":"product_tag","embeddable":true,"href":"https:\/\/www.multicasa.com.br\/inicio\/wp-json\/wp\/v2\/product_tag?post=9143"}],"curies":[{"name":"wp","href":"https:\/\/api.w.org\/{rel}","templated":true}]}}