{"id":9144,"date":"2025-06-20T17:40:32","date_gmt":"2025-06-20T21:40:32","guid":{"rendered":"https:\/\/www.multicasa.com.br\/inicio\/?post_type=product&#038;p=9144"},"modified":"2025-08-16T14:49:00","modified_gmt":"2025-08-16T18:49:00","slug":"baralho-de-poker-texas-hold-copag","status":"publish","type":"product","link":"https:\/\/www.multicasa.com.br\/inicio\/produto\/baralho-de-poker-texas-hold-copag\/","title":{"rendered":"Baralho de Poker Texas Hold Copag"},"content":{"rendered":"<p>Chegou a hora de jogar com grande estilo usando o baralho de poker Texas Hold da Copag. Feito em PVC de alta qualidade, o baralho de poker \u00e9 internacionalmente reconhecido por sua formula exclusiva que garante manuseio agrad\u00e1vel e possui certificado Inmetro. N\u00e3o \u00e9 transparente, \u00e9 imperme\u00e1vel e tem longa durabilidade. S\u00e3o 55 cartas, sendo 52 cartas comuns, 2 coringas e uma carta guia de poker.<\/p>\n","protected":false},"excerpt":{"rendered":"<h4 style=\"margin: 0px;padding: 0px 0px 16px;font-family: Lato, sans-serif;font-weight: bold;line-height: 3rem;color: var(--dark-grey3);font-size: 22px;font-style: normal;letter-spacing: normal;text-align: start;text-indent: 0px;text-transform: none\">Informa\u00e7\u00f5es t\u00e9cnicas<\/h4>\n<p><span style=\"margin: 0px;padding: 0px;font-weight: 450;font-size: 14px;line-height: 21px;color: var(--dark-grey2);font-family: Lato, sans-serif;font-style: normal;letter-spacing: normal;text-align: start;text-indent: 0px;text-transform: none\">Produto: Baralho<br \/>\nMarca: Copag<br \/>\nMaterial: Pl\u00e1stico<br \/>\nCor: Preto, vermelho, branco e dourado<br \/>\nCaracter\u00edsticas: Naipes grandes<br \/>\nImperme\u00e1vel<br \/>\nDe 2 ou mais jogadores<br \/>\nRecomendado para acima de 3 anos<br \/>\nQuantidade de pe\u00e7as: 55<br \/>\nItens inclusos: 52 cartas<br \/>\n2 curingas<br \/>\n1 carta guia de poker<br \/>\nDimens\u00f5es do produto (A X L): 8,8 x 6,3cm<\/span><\/p>\n","protected":false},"featured_media":9195,"template":"","meta":{"_joinchat":[]},"product_brand":[],"product_cat":[136],"product_tag":[],"class_list":{"0":"post-9144","1":"product","2":"type-product","3":"status-publish","4":"has-post-thumbnail","6":"product_cat-lazer","8":"first","9":"outofstock","10":"shipping-taxable","11":"product-type-simple"},"_links":{"self":[{"href":"https:\/\/www.multicasa.com.br\/inicio\/wp-json\/wp\/v2\/product\/9144","targetHints":{"allow":["GET"]}}],"collection":[{"href":"https:\/\/www.multicasa.com.br\/inicio\/wp-json\/wp\/v2\/product"}],"about":[{"href":"https:\/\/www.multicasa.com.br\/inicio\/wp-json\/wp\/v2\/types\/product"}],"wp:featuredmedia":[{"embeddable":true,"href":"https:\/\/www.multicasa.com.br\/inicio\/wp-json\/wp\/v2\/media\/9195"}],"wp:attachment":[{"href":"https:\/\/www.multicasa.com.br\/inicio\/wp-json\/wp\/v2\/media?parent=9144"}],"wp:term":[{"taxonomy":"product_brand","embeddable":true,"href":"https:\/\/www.multicasa.com.br\/inicio\/wp-json\/wp\/v2\/product_brand?post=9144"},{"taxonomy":"product_cat","embeddable":true,"href":"https:\/\/www.multicasa.com.br\/inicio\/wp-json\/wp\/v2\/product_cat?post=9144"},{"taxonomy":"product_tag","embeddable":true,"href":"https:\/\/www.multicasa.com.br\/inicio\/wp-json\/wp\/v2\/product_tag?post=9144"}],"curies":[{"name":"wp","href":"https:\/\/api.w.org\/{rel}","templated":true}]}}