{"id":9145,"date":"2025-06-20T17:40:32","date_gmt":"2025-06-20T21:40:32","guid":{"rendered":"https:\/\/www.multicasa.com.br\/inicio\/?post_type=product&#038;p=9145"},"modified":"2025-06-20T17:41:08","modified_gmt":"2025-06-20T21:41:08","slug":"jogo-de-cartas-uno-original-copag","status":"publish","type":"product","link":"https:\/\/www.multicasa.com.br\/inicio\/produto\/jogo-de-cartas-uno-original-copag\/","title":{"rendered":"Jogo de Cartas Uno Original Copag"},"content":{"rendered":"<p>O Jogo de Cartas Uno Original Copag \u00e9 facilmente um dos jogos de cartas mais famosos do mundo. Essa edi\u00e7\u00e3o do jogo Uno traz 3 cartas para personalizar e 1 carta extra que adiciona uma nova regra ao jogo (troca de m\u00e3os, troca de baralho com outro jogar e etc). De 2 a 10 jogadores, onde o que se livrar antes das cartas ganha a partida, e claro, n\u00e3o pode esquecer de gritar UNO! antes de soltar a pen\u00faltima carta. Ideal para desenvolver intera\u00e7\u00e3o social, capacidade de associa\u00e7\u00e3o e pensamento estrat\u00e9gico.<\/p>\n","protected":false},"excerpt":{"rendered":"<h4 style=\"margin: 0px;padding: 0px 0px 16px;font-family: Lato, sans-serif;font-weight: bold;line-height: 3rem;color: var(--dark-grey3);font-size: 22px;font-style: normal;letter-spacing: normal;text-align: start;text-indent: 0px;text-transform: none\">Informa\u00e7\u00f5es t\u00e9cnicas<\/h4>\n<p><span style=\"margin: 0px;padding: 0px;font-weight: 450;font-size: 14px;line-height: 21px;color: var(--dark-grey2);font-family: Lato, sans-serif;font-style: normal;letter-spacing: normal;text-align: start;text-indent: 0px;text-transform: none\">Produto: Jogo de Cartas Uno<br \/>\nMarca: Copag<br \/>\nMaterial: Papel<br \/>\nCor: Branco, preto, vermelho, azul, verde e amarelo<br \/>\nCaracter\u00edsticas: De 2 a 10 jogadores<br \/>\nRecomendado para acima de 7 anos<br \/>\nQuantidade de pe\u00e7as: 114<br \/>\nItens inclusos: 100 cartas<br \/>\n1 carta especial<br \/>\n3 cartas personaliz\u00e1veis<br \/>\nDimens\u00f5es do produto (A X L): 8,7 x 5,6cm<br \/>\n<\/span><\/p>\n","protected":false},"featured_media":9200,"template":"","meta":{"_joinchat":[]},"product_brand":[],"product_cat":[136],"product_tag":[],"class_list":{"0":"post-9145","1":"product","2":"type-product","3":"status-publish","4":"has-post-thumbnail","6":"product_cat-lazer","8":"first","9":"outofstock","10":"shipping-taxable","11":"product-type-simple"},"_links":{"self":[{"href":"https:\/\/www.multicasa.com.br\/inicio\/wp-json\/wp\/v2\/product\/9145","targetHints":{"allow":["GET"]}}],"collection":[{"href":"https:\/\/www.multicasa.com.br\/inicio\/wp-json\/wp\/v2\/product"}],"about":[{"href":"https:\/\/www.multicasa.com.br\/inicio\/wp-json\/wp\/v2\/types\/product"}],"wp:featuredmedia":[{"embeddable":true,"href":"https:\/\/www.multicasa.com.br\/inicio\/wp-json\/wp\/v2\/media\/9200"}],"wp:attachment":[{"href":"https:\/\/www.multicasa.com.br\/inicio\/wp-json\/wp\/v2\/media?parent=9145"}],"wp:term":[{"taxonomy":"product_brand","embeddable":true,"href":"https:\/\/www.multicasa.com.br\/inicio\/wp-json\/wp\/v2\/product_brand?post=9145"},{"taxonomy":"product_cat","embeddable":true,"href":"https:\/\/www.multicasa.com.br\/inicio\/wp-json\/wp\/v2\/product_cat?post=9145"},{"taxonomy":"product_tag","embeddable":true,"href":"https:\/\/www.multicasa.com.br\/inicio\/wp-json\/wp\/v2\/product_tag?post=9145"}],"curies":[{"name":"wp","href":"https:\/\/api.w.org\/{rel}","templated":true}]}}