{"id":9146,"date":"2025-06-20T17:40:33","date_gmt":"2025-06-20T21:40:33","guid":{"rendered":"https:\/\/www.multicasa.com.br\/inicio\/?post_type=product&#038;p=9146"},"modified":"2025-08-17T19:00:43","modified_gmt":"2025-08-17T23:00:43","slug":"emenda-rj45-8x8-cat5-connect-2-unidades","status":"publish","type":"product","link":"https:\/\/www.multicasa.com.br\/inicio\/produto\/emenda-rj45-8x8-cat5-connect-2-unidades\/","title":{"rendered":"Emenda RJ45 8&#215;8 CAT5 Connect 2 unidades"},"content":{"rendered":"<p>A emenda RJ45 8&#215;8 CAT5 da Connect \u00e9 ideal para que dois conectores RJ45 ethernet sejam ligados, permitindo que o sinal passe em linha reta. Use a emenda de cabo de rede para ganhar praticidade e efici\u00eancia no sinal da sua casa, escrit\u00f3rio ou trabalho. Deve ser usada em rede cabeada estruturada. Embalagem com 2 unidades.<\/p>\n","protected":false},"excerpt":{"rendered":"<h4 style=\"margin: 0px;padding: 0px 0px 16px;font-family: Lato, sans-serif;font-weight: bold;line-height: 3rem;color: var(--dark-grey3);font-size: 22px;font-style: normal;letter-spacing: normal;text-align: start;text-indent: 0px;text-transform: none\">Informa\u00e7\u00f5es t\u00e9cnicas<\/h4>\n<p><span style=\"margin: 0px;padding: 0px;font-weight: 450;font-size: 14px;line-height: 21px;color: var(--dark-grey2);font-family: Lato, sans-serif;font-style: normal;letter-spacing: normal;text-align: start;text-indent: 0px;text-transform: none\">Produto: Emenda RJ45 8&#215;8<br \/>\nMarca: Connect<br \/>\nMaterial: Pl\u00e1stico<br \/>\nMetal<br \/>\nCobre<br \/>\nCor: Bege<br \/>\nCaracter\u00edsticas: utilizada em rede cabeada estruturada<br \/>\nCategoria cat5e<br \/>\nIndicado para emenda de cabos de rede<br \/>\nItens Inclusos: 2 emendas<br \/>\nDimens\u00f5es do produto (A X L): 3,5 x 2cm<br \/>\n<\/span><\/p>\n","protected":false},"featured_media":9202,"template":"","meta":{"_joinchat":[]},"product_brand":[],"product_cat":[130],"product_tag":[],"class_list":{"0":"post-9146","1":"product","2":"type-product","3":"status-publish","4":"has-post-thumbnail","6":"product_cat-informatica","8":"first","9":"outofstock","10":"shipping-taxable","11":"purchasable","12":"product-type-simple"},"_links":{"self":[{"href":"https:\/\/www.multicasa.com.br\/inicio\/wp-json\/wp\/v2\/product\/9146","targetHints":{"allow":["GET"]}}],"collection":[{"href":"https:\/\/www.multicasa.com.br\/inicio\/wp-json\/wp\/v2\/product"}],"about":[{"href":"https:\/\/www.multicasa.com.br\/inicio\/wp-json\/wp\/v2\/types\/product"}],"wp:featuredmedia":[{"embeddable":true,"href":"https:\/\/www.multicasa.com.br\/inicio\/wp-json\/wp\/v2\/media\/9202"}],"wp:attachment":[{"href":"https:\/\/www.multicasa.com.br\/inicio\/wp-json\/wp\/v2\/media?parent=9146"}],"wp:term":[{"taxonomy":"product_brand","embeddable":true,"href":"https:\/\/www.multicasa.com.br\/inicio\/wp-json\/wp\/v2\/product_brand?post=9146"},{"taxonomy":"product_cat","embeddable":true,"href":"https:\/\/www.multicasa.com.br\/inicio\/wp-json\/wp\/v2\/product_cat?post=9146"},{"taxonomy":"product_tag","embeddable":true,"href":"https:\/\/www.multicasa.com.br\/inicio\/wp-json\/wp\/v2\/product_tag?post=9146"}],"curies":[{"name":"wp","href":"https:\/\/api.w.org\/{rel}","templated":true}]}}