{"id":9148,"date":"2025-06-20T17:40:33","date_gmt":"2025-06-20T21:40:33","guid":{"rendered":"https:\/\/www.multicasa.com.br\/inicio\/?post_type=product&#038;p=9148"},"modified":"2025-08-18T00:54:03","modified_gmt":"2025-08-18T04:54:03","slug":"suporte-para-celular-automotivo-com-ima-preto-prata-geonav","status":"publish","type":"product","link":"https:\/\/www.multicasa.com.br\/inicio\/produto\/suporte-para-celular-automotivo-com-ima-preto-prata-geonav\/","title":{"rendered":"Suporte para Celular Automotivo Com Im\u00e3 Preto\/Prata Geonav"},"content":{"rendered":"<p>Suporte Automotivo Magn\u00e9tico Geonav para smartphones, ideal para utiliza\u00e7\u00e3o dos aplicativos de navega\u00e7\u00e3o, controle de m\u00fasicas e o controle das chamadas por viva-voz enquanto dirige. Com 6 im\u00e3s, possibilita segurar um smartphone de at\u00e9 6,5 polegadas, como o iphone 7 plus e o samsung s8. Possui design ultracompacto,leve e possibilita conex\u00e3o de cabos de energia e \u00e1udio. \u00c9 compat\u00edvel com todos os modelos de smartphones e tem fixa\u00e7\u00e3o com seguran\u00e7a em qualquer tipo de sa\u00edda de ar (posi\u00e7\u00e3o horizontal ou vertical).<\/p>\n","protected":false},"excerpt":{"rendered":"<h4 style=\"margin: 0px;padding: 0px 0px 16px;font-family: Lato, sans-serif;font-weight: bold;line-height: 3rem;color: var(--dark-grey3);font-size: 22px;font-style: normal;letter-spacing: normal;text-align: start;text-indent: 0px;text-transform: none\">Informa\u00e7\u00f5es t\u00e9cnicas<\/h4>\n<p><span style=\"margin: 0px;padding: 0px;font-weight: 450;font-size: 14px;line-height: 21px;color: var(--dark-grey2);font-family: Lato, sans-serif;font-style: normal;letter-spacing: normal;text-align: start;text-indent: 0px;text-transform: none\">Produto: Suporte Veicular<br \/>\nMarca: Geonav<br \/>\nModelo: SUPMAG3<br \/>\nMaterial: Ferro magn\u00e9tico<br \/>\nAcabamento: Alum\u00ednio<br \/>\nCor: Preto e prata<br \/>\nCaracter\u00edsticas: Possui seis \u00edm\u00e3 N50<br \/>\nBase circular de 4,4cm<br \/>\nCompat\u00edvel com smartphones de at\u00e9 6,5 polegadas<br \/>\nItens Inclusos: 1 suporte Veicular<br \/>\nDimens\u00f5es do produto (A X L X P): 5 x 4,03 x 3,05cm<\/span><\/p>\n","protected":false},"featured_media":26016,"template":"","meta":{"_joinchat":[]},"product_brand":[],"product_cat":[142],"product_tag":[],"class_list":{"0":"post-9148","1":"product","2":"type-product","3":"status-publish","4":"has-post-thumbnail","6":"product_cat-utilidades-para-automoveis","8":"first","9":"instock","10":"shipping-taxable","11":"purchasable","12":"product-type-simple"},"_links":{"self":[{"href":"https:\/\/www.multicasa.com.br\/inicio\/wp-json\/wp\/v2\/product\/9148","targetHints":{"allow":["GET"]}}],"collection":[{"href":"https:\/\/www.multicasa.com.br\/inicio\/wp-json\/wp\/v2\/product"}],"about":[{"href":"https:\/\/www.multicasa.com.br\/inicio\/wp-json\/wp\/v2\/types\/product"}],"wp:featuredmedia":[{"embeddable":true,"href":"https:\/\/www.multicasa.com.br\/inicio\/wp-json\/wp\/v2\/media\/26016"}],"wp:attachment":[{"href":"https:\/\/www.multicasa.com.br\/inicio\/wp-json\/wp\/v2\/media?parent=9148"}],"wp:term":[{"taxonomy":"product_brand","embeddable":true,"href":"https:\/\/www.multicasa.com.br\/inicio\/wp-json\/wp\/v2\/product_brand?post=9148"},{"taxonomy":"product_cat","embeddable":true,"href":"https:\/\/www.multicasa.com.br\/inicio\/wp-json\/wp\/v2\/product_cat?post=9148"},{"taxonomy":"product_tag","embeddable":true,"href":"https:\/\/www.multicasa.com.br\/inicio\/wp-json\/wp\/v2\/product_tag?post=9148"}],"curies":[{"name":"wp","href":"https:\/\/api.w.org\/{rel}","templated":true}]}}