{"id":9149,"date":"2025-06-20T17:40:33","date_gmt":"2025-06-20T21:40:33","guid":{"rendered":"https:\/\/www.multicasa.com.br\/inicio\/?post_type=product&#038;p=9149"},"modified":"2026-01-15T09:00:15","modified_gmt":"2026-01-15T13:00:15","slug":"luminaria-led-de-mesa-com-haste-flexivel-branca-uny-home","status":"publish","type":"product","link":"https:\/\/www.multicasa.com.br\/inicio\/produto\/luminaria-led-de-mesa-com-haste-flexivel-branca-uny-home\/","title":{"rendered":"Lumin\u00e1ria Led de Mesa com Haste Flex\u00edvel Branca Uny Home"},"content":{"rendered":"<p>A Lumin\u00e1ria Led de Mesa Uny Home, possui haste flex\u00edvel que \u00e9 ideal para ambientes de estudo, escrit\u00f3rios e ambientes de leitura. Produzida em pl\u00e1stico branco, possui 3 n\u00edveis de ilumina\u00e7\u00e3o e sua alimenta\u00e7\u00e3o \u00e9 feita atrav\u00e9s de pilhas AA (n\u00e3o inclusas) ou por cabo USB incluso. <\/p>\n","protected":false},"excerpt":{"rendered":"<h4 style=\"margin: 0px;padding: 0px 0px 16px;font-family: Lato, sans-serif;font-weight: bold;line-height: 3rem;color: var(--dark-grey3);font-size: 22px;font-style: normal;letter-spacing: normal;text-align: start;text-indent: 0px;text-transform: none\">Informa\u00e7\u00f5es t\u00e9cnicas<\/h4>\n<p><span style=\"margin: 0px;padding: 0px;font-weight: 450;font-size: 14px;line-height: 21px;color: var(--dark-grey2);font-family: Lato, sans-serif;font-style: normal;letter-spacing: normal;text-align: start;text-indent: 0px;text-transform: none\">Produto: Lumin\u00e1ria de mesa<br \/>\nMarca: Uny Home<br \/>\nMaterial: Pl\u00e1stico<br \/>\nCor: Branco<br \/>\nAlimenta\u00e7\u00e3o: 3 pilhas aa (n\u00e3o inclusas)<br \/>\nCaracter\u00edsticas: 3 N\u00edveis de ilumina\u00e7\u00e3o<br \/>\nArticul\u00e1vel<br \/>\nQuantidade de pe\u00e7as: 2 pe\u00e7as<br \/>\nItens Inclusos: 1 Lumin\u00e1ria de mesa<br \/>\n1 Cabo USB<br \/>\nDimens\u00f5es do produto (A X L X P): 40 x 9 x 11cm<br \/>\n<\/span><\/p>\n","protected":false},"featured_media":25481,"template":"","meta":{"_joinchat":[]},"product_brand":[],"product_cat":[79],"product_tag":[],"class_list":{"0":"post-9149","1":"product","2":"type-product","3":"status-publish","4":"has-post-thumbnail","6":"product_cat-iluminacao-decorativa","8":"first","9":"instock","10":"shipping-taxable","11":"purchasable","12":"product-type-simple"},"_links":{"self":[{"href":"https:\/\/www.multicasa.com.br\/inicio\/wp-json\/wp\/v2\/product\/9149","targetHints":{"allow":["GET"]}}],"collection":[{"href":"https:\/\/www.multicasa.com.br\/inicio\/wp-json\/wp\/v2\/product"}],"about":[{"href":"https:\/\/www.multicasa.com.br\/inicio\/wp-json\/wp\/v2\/types\/product"}],"wp:featuredmedia":[{"embeddable":true,"href":"https:\/\/www.multicasa.com.br\/inicio\/wp-json\/wp\/v2\/media\/25481"}],"wp:attachment":[{"href":"https:\/\/www.multicasa.com.br\/inicio\/wp-json\/wp\/v2\/media?parent=9149"}],"wp:term":[{"taxonomy":"product_brand","embeddable":true,"href":"https:\/\/www.multicasa.com.br\/inicio\/wp-json\/wp\/v2\/product_brand?post=9149"},{"taxonomy":"product_cat","embeddable":true,"href":"https:\/\/www.multicasa.com.br\/inicio\/wp-json\/wp\/v2\/product_cat?post=9149"},{"taxonomy":"product_tag","embeddable":true,"href":"https:\/\/www.multicasa.com.br\/inicio\/wp-json\/wp\/v2\/product_tag?post=9149"}],"curies":[{"name":"wp","href":"https:\/\/api.w.org\/{rel}","templated":true}]}}