{"id":9150,"date":"2025-06-20T17:40:33","date_gmt":"2025-06-20T21:40:33","guid":{"rendered":"https:\/\/www.multicasa.com.br\/inicio\/?post_type=product&#038;p=9150"},"modified":"2025-06-20T17:41:21","modified_gmt":"2025-06-20T21:41:21","slug":"vassoura-magica-novica-varredora-bettanin","status":"publish","type":"product","link":"https:\/\/www.multicasa.com.br\/inicio\/produto\/vassoura-magica-novica-varredora-bettanin\/","title":{"rendered":"Vassoura M\u00e1gica Novi\u00e7a Varredora Bettanin"},"content":{"rendered":"<p>Depois que voc\u00ea experimentar a Vassoura Novi\u00e7a 360 da Bettanin, n\u00e3o vai mais querer saber de outra. Ela foi projetada com um incr\u00edvel sistema de cerdas rotativas que puxam a poeira e outros res\u00edduos para o interior de um compartimento onde todos os detritos ficam reservados e que voc\u00ea s\u00f3 precisa limpar quando enche. Al\u00e9m disso o cabo articula em 180 graus para ajudar a limpar at\u00e9 mesmo debaixo dos m\u00f3veis. A Vassoura Novi\u00e7a \u00e9 a combina\u00e7\u00e3o perfeita entre vassoura e p\u00e1, ideal para todos os tipos de pisos lisos limpando at\u00e9 os cantos mais dif\u00edceis, oferecendo uma limpeza r\u00e1pida, f\u00e1cil e completa.<\/p>\n","protected":false},"excerpt":{"rendered":"<h4 style=\"margin: 0px;padding: 0px 0px 16px;font-family: Lato, sans-serif;font-weight: bold;line-height: 3rem;color: var(--dark-grey3);font-size: 22px;font-style: normal;letter-spacing: normal;text-align: start;text-indent: 0px;text-transform: none\">Informa\u00e7\u00f5es t\u00e9cnicas<\/h4>\n<p><span style=\"margin: 0px;padding: 0px;font-weight: 450;font-size: 14px;line-height: 21px;color: var(--dark-grey2);font-family: Lato, sans-serif;font-style: normal;letter-spacing: normal;text-align: start;text-indent: 0px;text-transform: none\">Produto: Vassoura Novi\u00e7a<br \/>\nMarca: Bettanin<br \/>\nMaterial: Sint\u00e9tico<br \/>\nPigmento<br \/>\nMetal<br \/>\nCor: Verde<br \/>\nCaracter\u00edsticas: Possui reservat\u00f3rio de lixo<br \/>\nSistema de 360\u00b0<br \/>\nItens Inclusos: 1 Vassoura Novi\u00e7a<br \/>\nDimens\u00f5es do produto (A X L): Base &#8211; 30,5 x 19 x 9,5cm<br \/>\nCabo &#8211; 1m<\/span><\/p>\n","protected":false},"featured_media":9206,"template":"","meta":{"_joinchat":[]},"product_brand":[],"product_cat":[96],"product_tag":[],"class_list":{"0":"post-9150","1":"product","2":"type-product","3":"status-publish","4":"has-post-thumbnail","6":"product_cat-limpeza-e-cia","8":"first","9":"outofstock","10":"shipping-taxable","11":"product-type-simple"},"_links":{"self":[{"href":"https:\/\/www.multicasa.com.br\/inicio\/wp-json\/wp\/v2\/product\/9150","targetHints":{"allow":["GET"]}}],"collection":[{"href":"https:\/\/www.multicasa.com.br\/inicio\/wp-json\/wp\/v2\/product"}],"about":[{"href":"https:\/\/www.multicasa.com.br\/inicio\/wp-json\/wp\/v2\/types\/product"}],"wp:featuredmedia":[{"embeddable":true,"href":"https:\/\/www.multicasa.com.br\/inicio\/wp-json\/wp\/v2\/media\/9206"}],"wp:attachment":[{"href":"https:\/\/www.multicasa.com.br\/inicio\/wp-json\/wp\/v2\/media?parent=9150"}],"wp:term":[{"taxonomy":"product_brand","embeddable":true,"href":"https:\/\/www.multicasa.com.br\/inicio\/wp-json\/wp\/v2\/product_brand?post=9150"},{"taxonomy":"product_cat","embeddable":true,"href":"https:\/\/www.multicasa.com.br\/inicio\/wp-json\/wp\/v2\/product_cat?post=9150"},{"taxonomy":"product_tag","embeddable":true,"href":"https:\/\/www.multicasa.com.br\/inicio\/wp-json\/wp\/v2\/product_tag?post=9150"}],"curies":[{"name":"wp","href":"https:\/\/api.w.org\/{rel}","templated":true}]}}