{"id":9175,"date":"2025-06-20T17:40:55","date_gmt":"2025-06-20T21:40:55","guid":{"rendered":"https:\/\/www.multicasa.com.br\/inicio\/?post_type=product&#038;p=9175"},"modified":"2025-08-18T00:54:12","modified_gmt":"2025-08-18T04:54:12","slug":"pano-de-chao-de-microfibra-flashlimp","status":"publish","type":"product","link":"https:\/\/www.multicasa.com.br\/inicio\/produto\/pano-de-chao-de-microfibra-flashlimp\/","title":{"rendered":"Pano de Ch\u00e3o de Microfibra Flashlimp"},"content":{"rendered":"<p>Com o Pano de Ch\u00e3o de Microfibra da Flashlimp voc\u00ea realiza a limpeza da sua casa com praticidade. Possui furo que se encaixa nas extremidades do rodo ou MOP, impedindo que desencaixe conforme \u00e9 passado no ch\u00e3o, n\u00e3o solta fiapos e ret\u00e9m as sujeiras sem espalh\u00e1-las, descartando a necessidade de repassar. A microfibra evita bact\u00e9rias, n\u00e3o retem odores, al\u00e9m de n\u00e3o danificar pisos frios, sint\u00e9ticos ou de madeira. Pode ser utilizado seco ou molhado. Lave na m\u00e1quina de lavar.<\/p>\n","protected":false},"excerpt":{"rendered":"<h4 style=\"margin: 0px;padding: 0px 0px 16px;font-family: Lato, sans-serif;font-weight: bold;line-height: 3rem;color: var(--dark-grey3);font-size: 22px;font-style: normal;letter-spacing: normal;text-align: start;text-indent: 0px;text-transform: none\">Informa\u00e7\u00f5es t\u00e9cnicas<\/h4>\n<p><span style=\"margin: 0px;padding: 0px;font-weight: 450;font-size: 14px;line-height: 21px;color: var(--dark-grey2);font-family: Lato, sans-serif;font-style: normal;letter-spacing: normal;text-align: start;text-indent: 0px;text-transform: none\">Produto: Pano de ch\u00e3o<br \/>\nMarca: Flashlimp<br \/>\nMaterial: Microfibra<br \/>\nCor: Verde<br \/>\nCaracter\u00edsticas: N\u00e3o risca<br \/>\nN\u00e3o solta fiapos<br \/>\nPossui furo para uso em Mop e rodo<br \/>\nM\u00e1xima absor\u00e7\u00e3o<br \/>\nPode ser lavada na m\u00e1quina<br \/>\nItens Inclusos: 1 pano de ch\u00e3o<br \/>\nDimens\u00f5es do produto (A X L): 50 x 60cm<\/span><\/p>\n","protected":false},"featured_media":9234,"template":"","meta":{"_joinchat":[]},"product_brand":[],"product_cat":[96],"product_tag":[],"class_list":{"0":"post-9175","1":"product","2":"type-product","3":"status-publish","4":"has-post-thumbnail","6":"product_cat-limpeza-e-cia","8":"first","9":"instock","10":"shipping-taxable","11":"purchasable","12":"product-type-simple"},"_links":{"self":[{"href":"https:\/\/www.multicasa.com.br\/inicio\/wp-json\/wp\/v2\/product\/9175","targetHints":{"allow":["GET"]}}],"collection":[{"href":"https:\/\/www.multicasa.com.br\/inicio\/wp-json\/wp\/v2\/product"}],"about":[{"href":"https:\/\/www.multicasa.com.br\/inicio\/wp-json\/wp\/v2\/types\/product"}],"wp:featuredmedia":[{"embeddable":true,"href":"https:\/\/www.multicasa.com.br\/inicio\/wp-json\/wp\/v2\/media\/9234"}],"wp:attachment":[{"href":"https:\/\/www.multicasa.com.br\/inicio\/wp-json\/wp\/v2\/media?parent=9175"}],"wp:term":[{"taxonomy":"product_brand","embeddable":true,"href":"https:\/\/www.multicasa.com.br\/inicio\/wp-json\/wp\/v2\/product_brand?post=9175"},{"taxonomy":"product_cat","embeddable":true,"href":"https:\/\/www.multicasa.com.br\/inicio\/wp-json\/wp\/v2\/product_cat?post=9175"},{"taxonomy":"product_tag","embeddable":true,"href":"https:\/\/www.multicasa.com.br\/inicio\/wp-json\/wp\/v2\/product_tag?post=9175"}],"curies":[{"name":"wp","href":"https:\/\/api.w.org\/{rel}","templated":true}]}}